{"id":100716,"date":"2022-10-29T13:09:30","date_gmt":"2022-10-29T10:09:30","guid":{"rendered":"https:\/\/luovatagentit.fi\/?page_id=100716"},"modified":"2023-05-24T10:27:47","modified_gmt":"2023-05-24T07:27:47","slug":"sisallontuotanto","status":"publish","type":"page","link":"https:\/\/luovatagentit.fi\/sv\/sisallontuotanto\/","title":{"rendered":"Inneh\u00e5llsproduktion"},"content":{"rendered":"\n[et_pb_section fb_built=&#8221;1&#8243; _builder_version=&#8221;4.20.2&#8243; _module_preset=&#8221;default&#8221; background_color=&#8221;rgba(255,255,255,0.4)&#8221; background_image=&#8221;https:\/\/luovatagentit.fi\/wp-content\/uploads\/2023\/02\/kristallli-1_beige.png&#8221; background_size=&#8221;initial&#8221; background_position=&#8221;top_left&#8221; background_blend=&#8221;overlay&#8221; custom_padding=&#8221;120px||0px||false|false&#8221; custom_padding_tablet=&#8221;80px||0px||false|false&#8221; custom_padding_phone=&#8221;50px||0px||false|false&#8221; custom_css_main_element=&#8221;z-index: 0;&#8221; global_colors_info=&#8221;{}&#8221;][et_pb_row column_structure=&#8221;1_4,3_4&#8243; _builder_version=&#8221;4.20.2&#8243; _module_preset=&#8221;default&#8221; global_colors_info=&#8221;{}&#8221;][et_pb_column type=&#8221;1_4&#8243; disabled_on=&#8221;on|on|off&#8221; _builder_version=&#8221;4.18.0&#8243; _module_preset=&#8221;default&#8221; global_colors_info=&#8221;{}&#8221;][\/et_pb_column][et_pb_column type=&#8221;3_4&#8243; _builder_version=&#8221;4.18.0&#8243; _module_preset=&#8221;default&#8221; global_colors_info=&#8221;{}&#8221;][dsm_breadcrumbs home_text=&#8221;Etusivu&#8221; show_home_icon=&#8221;off&#8221; separator_icon=&#8221;&#x35;||divi||400&#8243; _builder_version=&#8221;4.20.4&#8243; _module_preset=&#8221;default&#8221; items_font=&#8221;|600||on|||||&#8221; items_font_size=&#8221;14px&#8221; items_letter_spacing=&#8221;1px&#8221; current_font=&#8221;|600||on|||||&#8221; current_text_color=&#8221;#197278&#8243; current_font_size=&#8221;14px&#8221; current_letter_spacing=&#8221;1px&#8221; items_font_size_tablet=&#8221;12px&#8221; items_font_size_phone=&#8221;10px&#8221; items_font_size_last_edited=&#8221;on|phone&#8221; current_font_size_tablet=&#8221;12px&#8221; current_font_size_phone=&#8221;10px&#8221; current_font_size_last_edited=&#8221;on|phone&#8221; global_module=&#8221;103251&#8243; global_colors_info=&#8221;{}&#8221;][\/dsm_breadcrumbs][et_pb_text content_tablet=&#8221;<h2>Voimakasta tarinankerrontaa<\/h2>&#8221; content_phone=&#8221;<h2>Voimakasta tarinankerrontaa<\/h2>&#8221; content_last_edited=&#8221;off|desktop&#8221; _builder_version=&#8221;4.20.1&#8243; _module_preset=&#8221;default&#8221; text_font=&#8221;Josefin Sans||on||||||&#8221; text_text_color=&#8221;#197278&#8243; max_width=&#8221;90%&#8221; max_width_tablet=&#8221;90%&#8221; max_width_phone=&#8221;100%&#8221; max_width_last_edited=&#8221;on|phone&#8221; custom_margin_tablet=&#8221;&#8221; custom_margin_phone=&#8221;&#8221; custom_margin_last_edited=&#8221;on|phone&#8221; header_2_text_color_tablet=&#8221;&#8221; header_2_text_color_phone=&#8221;&#8221; header_2_text_color_last_edited=&#8221;on|phone&#8221; global_colors_info=&#8221;{%22gcid-8c4df213-420b-4fa0-a471-54276bb0f0b2%22:%91%22text_text_color%22%93}&#8221;]<h1>Voimakasta tarinankerrontaa<\/h1>\n<p>Blogitekstit, somesis\u00e4ll\u00f6t, haamukirjoitukset &amp; referenssitarinat<\/p>[\/et_pb_text][et_pb_text content_tablet=&#8221;<p>Nykyp\u00e4iv\u00e4n tietotulvassa hyv\u00e4n sis\u00e4ll\u00f6n merkitys korostuu vahvasti. On l\u00f6ydett\u00e4v\u00e4 tapa erottua, eik\u00e4 perinteinen tyrkytt\u00e4v\u00e4 markkinointi en\u00e4\u00e4 tehoa. On vedottava tunteisiin ja oltava aidosti kiinnostava asiakkaiden silmiss\u00e4.<\/p>&#8221; content_phone=&#8221;<p>Nykyp\u00e4iv\u00e4n tietotulvassa hyv\u00e4n sis\u00e4ll\u00f6n merkitys korostuu vahvasti. On l\u00f6ydett\u00e4v\u00e4 tapa erottua, eik\u00e4 perinteinen tyrkytt\u00e4v\u00e4 markkinointi en\u00e4\u00e4 tehoa. On vedottava tunteisiin ja oltava aidosti kiinnostava asiakkaiden silmiss\u00e4.<\/p>&#8221; content_last_edited=&#8221;on|tablet&#8221; _builder_version=&#8221;4.18.0&#8243; _module_preset=&#8221;default&#8221;]<p>Nykyp\u00e4iv\u00e4n tietotulvassa hyv\u00e4n sis\u00e4ll\u00f6n merkitys korostuu vahvasti. On l\u00f6ydett\u00e4v\u00e4 tapa erottua, eik\u00e4 perinteinen tyrkytt\u00e4v\u00e4 markkinointi en\u00e4\u00e4 tehoa. On vedottava tunteisiin ja oltava aidosti kiinnostava asiakkaiden silmiss\u00e4.<\/p>[\/et_pb_text][et_pb_text content_tablet=&#8221;<h2>Miksi sis\u00e4ll\u00f6ntuotanto on niin t\u00e4rke\u00e4\u00e4?<\/h2>&#8221; content_phone=&#8221;<h2>Miksi sis\u00e4ll\u00f6ntuotanto on niin t\u00e4rke\u00e4\u00e4?<\/h2>&#8221; content_last_edited=&#8221;on|tablet&#8221; _builder_version=&#8221;4.18.0&#8243; _module_preset=&#8221;default&#8221; global_colors_info=&#8221;{}&#8221;]<h2>Miksi sis\u00e4ll\u00f6ntuotanto on niin t\u00e4rke\u00e4\u00e4?<\/h2>[\/et_pb_text][et_pb_text content_tablet=&#8221;<p>Parhaimmillaan hyv\u00e4 sis\u00e4lt\u00f6 sitouttaa, her\u00e4tt\u00e4\u00e4 positiivista keskustelua ja kannustaa asiakkaita v\u00e4litt\u00e4m\u00e4\u00e4n tietoa eteenp\u00e4in. Osaava sis\u00e4ll\u00f6ntuottaja tuo yrityksesi \u00e4\u00e4nen esiin persoonallisesti ja asiakasta kiinnostavalla tavalla!<\/p>&#8221; content_phone=&#8221;<p>Parhaimmillaan hyv\u00e4 sis\u00e4lt\u00f6 sitouttaa, her\u00e4tt\u00e4\u00e4 positiivista keskustelua ja kannustaa asiakkaita v\u00e4litt\u00e4m\u00e4\u00e4n tietoa eteenp\u00e4in. Osaava sis\u00e4ll\u00f6ntuottaja tuo yrityksesi \u00e4\u00e4nen esiin persoonallisesti ja asiakasta kiinnostavalla tavalla!<\/p>&#8221; content_last_edited=&#8221;on|tablet&#8221; _builder_version=&#8221;4.18.0&#8243; _module_preset=&#8221;default&#8221; global_colors_info=&#8221;{}&#8221;]<p>Parhaimmillaan hyv\u00e4 sis\u00e4lt\u00f6 sitouttaa, her\u00e4tt\u00e4\u00e4 positiivista keskustelua ja kannustaa asiakkaita v\u00e4litt\u00e4m\u00e4\u00e4n tietoa eteenp\u00e4in. Osaava sis\u00e4ll\u00f6ntuottaja tuo yrityksesi \u00e4\u00e4nen esiin persoonallisesti ja asiakasta kiinnostavalla tavalla!<\/p>[\/et_pb_text][et_pb_text _builder_version=&#8221;4.18.0&#8243; _module_preset=&#8221;default&#8221; global_colors_info=&#8221;{}&#8221;]<h2>Mik\u00e4 ihmeen haamukirjoitus?<\/h2>[\/et_pb_text][et_pb_text quote_border_weight=&#8221;0px&#8221; _builder_version=&#8221;4.18.0&#8243; _module_preset=&#8221;default&#8221; quote_font=&#8221;Lora||||||||&#8221; global_colors_info=&#8221;{}&#8221;]<p>Monet nykyajan yritykset hy\u00f6dynt\u00e4v\u00e4t haamukirjoittajaa viestinn\u00e4ss\u00e4\u00e4n. Silloin kun yrityksell\u00e4 ei ole aikaa kirjoittaa laadukasta viestint\u00e4\u00e4, palkataan siihen usein ulkopuolinen taho.<\/p>\n<p>Haamukirjoitus on yrityksen \u00e4\u00e4nell\u00e4 tapahtuvaa viestint\u00e4\u00e4, jota voidaan hy\u00f6dynt\u00e4\u00e4 niin sis\u00e4isess\u00e4 viestinn\u00e4ss\u00e4 kuin ulkoisessa viestinn\u00e4ss\u00e4. Esimerkiksi referenssitarinat ja asiantuntija-artikkelit ovat usein haamukirjoituksia, joissa sis\u00e4ll\u00f6ntuottaja puhuu asiantuntijan perspektiivist\u00e4 selkeytt\u00e4v\u00e4ll\u00e4 \u00e4\u00e4nell\u00e4.<\/p>[\/et_pb_text][et_pb_text _builder_version=&#8221;4.18.0&#8243; _module_preset=&#8221;default&#8221; global_colors_info=&#8221;{}&#8221;]<h2>Yrityksesi \u00e4\u00e4nell\u00e4, askel kerrallaan<\/h2>[\/et_pb_text][et_pb_text quote_border_weight=&#8221;0px&#8221; _builder_version=&#8221;4.18.0&#8243; _module_preset=&#8221;default&#8221; quote_font=&#8221;Lora||||||||&#8221; global_colors_info=&#8221;{}&#8221;]<p>Olemme toteuttaneet asiakkaillemme mm. useita asiantuntija-artikkeleita ja referenssitarinoita sek\u00e4 luoneet yrityksen n\u00e4k\u00f6ist\u00e4 tekstisis\u00e4lt\u00f6\u00e4 yhdess\u00e4 asiakkaan kanssa l\u00e4ht\u00f6ruudusta alkaen.<\/p>\n<p>Tutustu hinnastoon ja esit\u00e4 meille budjettisi. Monesti olemme kyenneet toteuttaa tekstisis\u00e4lt\u00f6j\u00e4 asiakkaan budjettiin sovittaen.<\/p>\n<p>Tutustu sis\u00e4ll\u00f6ntuotannon hy\u00f6tyihin alla.<\/p>[\/et_pb_text][et_pb_text content_tablet=&#8221;<h2>Sis\u00e4ll\u00f6ntuotannon hy\u00f6dyt<\/h2>&#8221; content_phone=&#8221;<h2>Sis\u00e4ll\u00f6ntuotannon hy\u00f6dyt<\/h2>&#8221; content_last_edited=&#8221;on|tablet&#8221; _builder_version=&#8221;4.18.0&#8243; _module_preset=&#8221;default&#8221; custom_padding=&#8221;||||false|false&#8221;]<h2>Sis\u00e4ll\u00f6ntuotannon hy\u00f6dyt<\/h2>[\/et_pb_text][et_pb_blurb use_icon=&#8221;on&#8221; font_icon=&#8221;&#xf00c;||fa||900&#8243; _builder_version=&#8221;4.18.0&#8243; _module_preset=&#8221;_initial&#8221; global_colors_info=&#8221;{}&#8221;]<h3>Sitouttaa asiakkaat<\/h3>\n<p>Asiakas sitoutuu vahvemmin, kun tuote tai yritys her\u00e4tt\u00e4\u00e4 h\u00e4ness\u00e4 tunteita. Osuva sis\u00e4lt\u00f6 vetoaa tunteisiin ja viihdytt\u00e4\u00e4.<\/p>[\/et_pb_blurb][et_pb_blurb use_icon=&#8221;on&#8221; font_icon=&#8221;&#xf00c;||fa||900&#8243; _builder_version=&#8221;4.18.0&#8243; _module_preset=&#8221;_initial&#8221; global_colors_info=&#8221;{}&#8221;]<h3>Luo vuoropuhelua<\/h3>\n<p>Osta-osta-markkinointi on vaihtunut vuoropuheluksi asiakkaan ja yrityksen v\u00e4lill\u00e4. Timanttinen sis\u00e4lt\u00f6 on t\u00e4ss\u00e4 avainasemassa!<\/p>[\/et_pb_blurb][et_pb_blurb use_icon=&#8221;on&#8221; font_icon=&#8221;&#xf00c;||fa||900&#8243; _builder_version=&#8221;4.18.0&#8243; _module_preset=&#8221;_initial&#8221; global_colors_info=&#8221;{}&#8221;]<h3>Mukautuu moneen kanavaan<\/h3>\n<p>Hyvin toteutetut sis\u00e4ll\u00f6t on helppo muokata toimimaan monessa eri kanavassa, ja niit\u00e4 voidaan uusiok\u00e4ytt\u00e4\u00e4 ajan kuluessa.<\/p>[\/et_pb_blurb][et_pb_blurb use_icon=&#8221;on&#8221; font_icon=&#8221;&#xf00c;||fa||900&#8243; _builder_version=&#8221;4.18.0&#8243; _module_preset=&#8221;_initial&#8221; global_colors_info=&#8221;{}&#8221;]<h3>Viestii yhten\u00e4isesti<\/h3>\n<p>Yhten\u00e4iset ja toisiaan tukevaat sis\u00e4ll\u00f6t tekev\u00e4t yrityksesi ulkoisesta ja sis\u00e4isest\u00e4 viestinn\u00e4st\u00e4 yhten\u00e4ist\u00e4, selke\u00e4\u00e4 ja luotettavaa.<\/p>[\/et_pb_blurb][et_pb_blurb use_icon=&#8221;on&#8221; font_icon=&#8221;&#xf00c;||fa||900&#8243; _builder_version=&#8221;4.18.0&#8243; _module_preset=&#8221;_initial&#8221; global_colors_info=&#8221;{}&#8221;]<h3>Tukee br\u00e4ndimielikuvaa<\/h3>\n<p>Hyv\u00e4 sis\u00e4lt\u00f6 tuo yrityksesi persoonan ja arvot esiin, tukee positiivisesti mielikuvaa br\u00e4ndist\u00e4si sek\u00e4 erottaa yrityksesi kilpailijoista.<\/p>[\/et_pb_blurb][et_pb_blurb use_icon=&#8221;on&#8221; font_icon=&#8221;&#xf00c;||fa||900&#8243; _builder_version=&#8221;4.18.0&#8243; _module_preset=&#8221;_initial&#8221; global_colors_info=&#8221;{}&#8221;]<h3>Tehostaa myynti\u00e4<\/h3>\n<p>Ammattimainen sis\u00e4lt\u00f6 tavoittaa kohderyhm\u00e4si ja nopeuttaa kaupantekoa!<\/p>[\/et_pb_blurb][\/et_pb_column][\/et_pb_row][et_pb_row column_structure=&#8221;1_4,3_4&#8243; _builder_version=&#8221;4.20.2&#8243; _module_preset=&#8221;default&#8221; global_colors_info=&#8221;{}&#8221;][et_pb_column type=&#8221;1_4&#8243; _builder_version=&#8221;4.20.2&#8243; _module_preset=&#8221;default&#8221; global_colors_info=&#8221;{}&#8221;][et_pb_image src=&#8221;https:\/\/luovatagentit.fi\/wp-content\/uploads\/revslider\/slider-1\/maria1.png&#8221; alt=&#8221;Piirretty kuva luovien agenttien Mariasta jolla paperimuistio ja kyn\u00e4 k\u00e4siss\u00e4\u00e4n&#8221; title_text=&#8221;maria1.png&#8221; disabled_on=&#8221;on|on|off&#8221; _builder_version=&#8221;4.20.4&#8243; _module_preset=&#8221;default&#8221; position_origin_a=&#8221;bottom_center&#8221; custom_margin=&#8221;||0px||false|false&#8221; custom_padding=&#8221;||0px||false|false&#8221; sticky_position=&#8221;bottom&#8221; sticky_limit_top=&#8221;body&#8221; motion_trigger_start=&#8221;top&#8221; hover_enabled=&#8221;0&#8243; global_colors_info=&#8221;{}&#8221; sticky_enabled=&#8221;0&#8243;][\/et_pb_image][\/et_pb_column][et_pb_column type=&#8221;3_4&#8243; _builder_version=&#8221;4.20.2&#8243; _module_preset=&#8221;default&#8221; global_colors_info=&#8221;{}&#8221;][\/et_pb_column][\/et_pb_row][et_pb_row disabled_on=&#8221;off|off|on&#8221; _builder_version=&#8221;4.20.2&#8243; _module_preset=&#8221;default&#8221; custom_margin=&#8221;50px||||false|false&#8221; global_colors_info=&#8221;{}&#8221;][et_pb_column type=&#8221;4_4&#8243; _builder_version=&#8221;4.20.2&#8243; _module_preset=&#8221;default&#8221; global_colors_info=&#8221;{}&#8221;][et_pb_image src=&#8221;https:\/\/luovatagentit.fi\/wp-content\/uploads\/2023\/03\/LATOverkostoa.png&#8221; alt=&#8221;Erilaisia luovia agentteja riviss\u00e4. Valokuvaajia, dronelent\u00e4ji\u00e4, kirjoittajia, web-kehitt\u00e4ji\u00e4, hakukoneoptimoinnin osaajia ja muita luovia agentteja&#8221; title_text=&#8221;LATOverkostoa&#8221; align=&#8221;center&#8221; _builder_version=&#8221;4.20.2&#8243; _module_preset=&#8221;default&#8221; global_colors_info=&#8221;{}&#8221;][\/et_pb_image][\/et_pb_column][\/et_pb_row][\/et_pb_section]\n","protected":false},"excerpt":{"rendered":"<p><div class=\"et_pb_module dsm_breadcrumbs dsm_breadcrumbs_0\">\n\t\t\t\t\n\t\t\t\t\n\t\t\t\t\n\t\t\t\t\n\t\t\t\t\n\t\t\t\t\n\t\t\t\t<div class=\"et_pb_module_inner\">\n\t\t\t\t\t<nav class=\"dsm_breadcrumbs_wrap\" role=\"navigation\" itemscope=\"\" itemtype=\"http:\/\/schema.org\/SiteNavigationElement\">\n\t\t\t\t<ul class=\"dsm_breadcrumbs\">\n\t\t\t<li class='dsm_breadcrumbs_item dsm_home_item dsm_home_item_custom'>\n\t\t\t\t<a href=\"https:\/\/luovatagentit.fi\/sv\" itemprop=\"url\">\n\t\t\t\t\t<span class='dsm_home_text_wrapper'>\n\t\t\t\t\t\t\t\t\t\t\t\t\t<span class=\"dsm_home_text\" itemprop=\"name\">\n\t\t\t\t\t\t\t\tEtusivu\t\t\t\t\t\t\t<\/span>\n\t\t\t\t\t<\/span>\n\t\t\t\t<\/a>\n\t\t\t<\/li>\n\n\t\t<li class=\"dsm_breadcrumbs_separator\"> <span class=\"et-pb-icon dsm_separator_icon\">&#x35;<\/span><\/li><\/ul>\n\t\t\t<\/nav>\n\t\t\t\t<\/div>\n\t\t\t<\/div>Voimakasta tarinankerrontaa Blogitekstit, somesis\u00e4ll\u00f6t, haamukirjoitukset &amp; referenssitarinatNykyp\u00e4iv\u00e4n tietotulvassa hyv\u00e4n sis\u00e4ll\u00f6n merkitys korostuu vahvasti. On l\u00f6ydett\u00e4v\u00e4 tapa erottua, eik\u00e4 perinteinen tyrkytt\u00e4v\u00e4 markkinointi en\u00e4\u00e4 tehoa. On vedottava tunteisiin ja oltava aidosti kiinnostava asiakkaiden silmiss\u00e4.Miksi sis\u00e4ll\u00f6ntuotanto on niin [&hellip;]<\/p>\n","protected":false},"author":1,"featured_media":0,"parent":0,"menu_order":0,"comment_status":"closed","ping_status":"closed","template":"","meta":{"_et_pb_use_builder":"on","_et_pb_old_content":"","_et_gb_content_width":"","_monsterinsights_skip_tracking":false,"_monsterinsights_sitenote_active":false,"_monsterinsights_sitenote_note":"","_monsterinsights_sitenote_category":0,"footnotes":""},"class_list":["post-100716","page","type-page","status-publish","hentry"],"_links":{"self":[{"href":"https:\/\/luovatagentit.fi\/sv\/wp-json\/wp\/v2\/pages\/100716","targetHints":{"allow":["GET"]}}],"collection":[{"href":"https:\/\/luovatagentit.fi\/sv\/wp-json\/wp\/v2\/pages"}],"about":[{"href":"https:\/\/luovatagentit.fi\/sv\/wp-json\/wp\/v2\/types\/page"}],"author":[{"embeddable":true,"href":"https:\/\/luovatagentit.fi\/sv\/wp-json\/wp\/v2\/users\/1"}],"replies":[{"embeddable":true,"href":"https:\/\/luovatagentit.fi\/sv\/wp-json\/wp\/v2\/comments?post=100716"}],"version-history":[{"count":32,"href":"https:\/\/luovatagentit.fi\/sv\/wp-json\/wp\/v2\/pages\/100716\/revisions"}],"predecessor-version":[{"id":103816,"href":"https:\/\/luovatagentit.fi\/sv\/wp-json\/wp\/v2\/pages\/100716\/revisions\/103816"}],"wp:attachment":[{"href":"https:\/\/luovatagentit.fi\/sv\/wp-json\/wp\/v2\/media?parent=100716"}],"curies":[{"name":"wp","href":"https:\/\/api.w.org\/{rel}","templated":true}]}}