{"id":100748,"date":"2022-10-29T15:51:15","date_gmt":"2022-10-29T12:51:15","guid":{"rendered":"https:\/\/luovatagentit.fi\/?page_id=100748"},"modified":"2023-05-24T10:46:07","modified_gmt":"2023-05-24T07:46:07","slug":"some-markkinointi","status":"publish","type":"page","link":"https:\/\/luovatagentit.fi\/sv\/some-markkinointi\/","title":{"rendered":"Sociala medier"},"content":{"rendered":"\n[et_pb_section fb_built=&#8221;1&#8243; _builder_version=&#8221;4.20.2&#8243; _module_preset=&#8221;default&#8221; background_color=&#8221;rgba(255,255,255,0.4)&#8221; background_image=&#8221;https:\/\/luovatagentit.fi\/wp-content\/uploads\/2023\/02\/kristallli-1_beige.png&#8221; background_size=&#8221;initial&#8221; background_position=&#8221;top_left&#8221; background_blend=&#8221;overlay&#8221; custom_padding=&#8221;120px||0px||false|false&#8221; custom_padding_tablet=&#8221;80px||0px||false|false&#8221; custom_padding_phone=&#8221;50px||0px||false|false&#8221; custom_css_main_element=&#8221;z-index: 0;&#8221; global_colors_info=&#8221;{}&#8221;][et_pb_row column_structure=&#8221;1_4,3_4&#8243; _builder_version=&#8221;4.20.2&#8243; _module_preset=&#8221;default&#8221; global_colors_info=&#8221;{}&#8221;][et_pb_column type=&#8221;1_4&#8243; disabled_on=&#8221;on|on|off&#8221; _builder_version=&#8221;4.18.0&#8243; _module_preset=&#8221;default&#8221; global_colors_info=&#8221;{}&#8221;][\/et_pb_column][et_pb_column type=&#8221;3_4&#8243; _builder_version=&#8221;4.18.0&#8243; _module_preset=&#8221;default&#8221; global_colors_info=&#8221;{}&#8221;][dsm_breadcrumbs home_text=&#8221;Etusivu&#8221; show_home_icon=&#8221;off&#8221; separator_icon=&#8221;&#x35;||divi||400&#8243; _builder_version=&#8221;4.20.4&#8243; _module_preset=&#8221;default&#8221; items_font=&#8221;|600||on|||||&#8221; items_font_size=&#8221;14px&#8221; items_letter_spacing=&#8221;1px&#8221; current_font=&#8221;|600||on|||||&#8221; current_text_color=&#8221;#197278&#8243; current_font_size=&#8221;14px&#8221; current_letter_spacing=&#8221;1px&#8221; items_font_size_tablet=&#8221;12px&#8221; items_font_size_phone=&#8221;10px&#8221; items_font_size_last_edited=&#8221;on|phone&#8221; current_font_size_tablet=&#8221;12px&#8221; current_font_size_phone=&#8221;10px&#8221; current_font_size_last_edited=&#8221;on|phone&#8221; global_module=&#8221;103251&#8243; global_colors_info=&#8221;{}&#8221;][\/dsm_breadcrumbs][et_pb_text _builder_version=&#8221;4.20.2&#8243; _module_preset=&#8221;default&#8221; text_font=&#8221;Josefin Sans||on||||||&#8221; text_text_color=&#8221;#197278&#8243; max_width_tablet=&#8221;90%&#8221; max_width_phone=&#8221;100%&#8221; max_width_last_edited=&#8221;on|phone&#8221; custom_margin_tablet=&#8221;&#8221; custom_margin_phone=&#8221;&#8221; custom_margin_last_edited=&#8221;on|phone&#8221; text_text_color_tablet=&#8221;#000000&#8243; text_text_color_phone=&#8221;#000000&#8243; text_text_color_last_edited=&#8221;off|desktop&#8221; global_colors_info=&#8221;{%22gcid-8c4df213-420b-4fa0-a471-54276bb0f0b2%22:%91%22text_text_color%22%93}&#8221;]<h1 style=\"text-align: left;\">Somemarkkinointi<\/h1>\n<p style=\"text-align: left;\">Sosiaalisen median sis\u00e4ll\u00f6ntuotanto<\/p>[\/et_pb_text][et_pb_text content_tablet=&#8221;<h2>Tiesitk\u00f6, ett\u00e4 80% markkinoinnin ammattilaisista k\u00e4ytt\u00e4\u00e4 sosiaalista mediaa saavuttaakseen kohderyhm\u00e4ns\u00e4?<\/h2>&#8221; content_phone=&#8221;<h2>Tiesitk\u00f6, ett\u00e4 80% markkinoinnin ammattilaisista k\u00e4ytt\u00e4\u00e4 sosiaalista mediaa saavuttaakseen kohderyhm\u00e4ns\u00e4?<\/h2>&#8221; content_last_edited=&#8221;on|desktop&#8221; _builder_version=&#8221;4.18.0&#8243; _module_preset=&#8221;default&#8221; text_font=&#8221;Neuton||||||||&#8221; text_font_size=&#8221;22px&#8221; text_line_height=&#8221;1.3em&#8221; text_font_size_tablet=&#8221;18px&#8221; text_font_size_phone=&#8221;16px&#8221; text_line_height_tablet=&#8221;1.3em&#8221; text_line_height_phone=&#8221;1.3em&#8221;]<h2>Tiesitk\u00f6, ett\u00e4 80% markkinoinnin ammattilaisista k\u00e4ytt\u00e4\u00e4 sosiaalista mediaa saavuttaakseen kohderyhm\u00e4ns\u00e4?<\/h2>[\/et_pb_text][et_pb_text content_tablet=&#8221;<p>Noin huima m\u00e4\u00e4r\u00e4 ei voi olla hakoteill\u00e4. Monella yrityksell\u00e4 on somekanavat, ja hyv\u00e4ss\u00e4 lykyss\u00e4 sinne joskus jotain julkaistaankin. Harva kuitenkaan tuottaa someen sis\u00e4lt\u00f6j\u00e4 suunnitelmallisesti ja s\u00e4\u00e4nn\u00f6llisesti. Miksi? Harmittavan usein syyn\u00e4 on puhtaasti resurssipula, kun vuorokauden tunnit eiv\u00e4t en\u00e4\u00e4 riit\u00e4 viem\u00e4\u00e4n markkinointi-ideoita k\u00e4yt\u00e4nn\u00f6n tasolle.<\/p>&#8221; content_phone=&#8221;<p>Noin huima m\u00e4\u00e4r\u00e4 ei voi olla hakoteill\u00e4. Monella yrityksell\u00e4 on somekanavat, ja hyv\u00e4ss\u00e4 lykyss\u00e4 sinne joskus jotain julkaistaankin. Harva kuitenkaan tuottaa someen sis\u00e4lt\u00f6j\u00e4 suunnitelmallisesti ja s\u00e4\u00e4nn\u00f6llisesti. Miksi? Harmittavan usein syyn\u00e4 on puhtaasti resurssipula, kun vuorokauden tunnit eiv\u00e4t en\u00e4\u00e4 riit\u00e4 viem\u00e4\u00e4n markkinointi-ideoita k\u00e4yt\u00e4nn\u00f6n tasolle.<\/p>&#8221; content_last_edited=&#8221;on|tablet&#8221; _builder_version=&#8221;4.18.0&#8243; _module_preset=&#8221;default&#8221; global_colors_info=&#8221;{}&#8221;]<p>Noin huima m\u00e4\u00e4r\u00e4 ei voi olla hakoteill\u00e4. Monella yrityksell\u00e4 on somekanavat, ja hyv\u00e4ss\u00e4 lykyss\u00e4 sinne joskus jotain julkaistaankin. Harva kuitenkaan tuottaa someen sis\u00e4lt\u00f6j\u00e4 suunnitelmallisesti ja s\u00e4\u00e4nn\u00f6llisesti. Miksi? Harmittavan usein syyn\u00e4 on puhtaasti resurssipula, kun vuorokauden tunnit eiv\u00e4t en\u00e4\u00e4 riit\u00e4 viem\u00e4\u00e4n markkinointi-ideoita k\u00e4yt\u00e4nn\u00f6n tasolle.<\/p>[\/et_pb_text][et_pb_text _builder_version=&#8221;4.18.0&#8243; _module_preset=&#8221;default&#8221; global_colors_info=&#8221;{}&#8221;]<h2>Somemarkkinoinnin suunnittelua ja toteutusta<\/h2>[\/et_pb_text][et_pb_text _builder_version=&#8221;4.18.0&#8243; _module_preset=&#8221;default&#8221; global_colors_info=&#8221;{}&#8221;]<p>Me tulemme kiireisen yritt\u00e4j\u00e4n avuksi ja otamme kopin somemarkkinointisi suunnittelusta ja toteutuksesta. Toimimme etenkin yhteisty\u00f6n alussa tiiviisti asiakasyrityksen kanssa, sill\u00e4 haluamme, ett\u00e4 somesis\u00e4ll\u00f6t henkiv\u00e4t juuri sinun yrityksesi ilmett\u00e4 ja fiilist\u00e4. Haluamme sukeltaa yrityksesi ytimeen ja tuottaa seuraajillesi mahdollisimman koukuttavaa sis\u00e4lt\u00f6\u00e4 \u2013 ja sinulle sit\u00e4 kautta lis\u00e4\u00e4 asiakkaita!<\/p>\n<p>Toteutamme somekanaviin optimoituja herkullisia videoita sek\u00e4 tekstip\u00e4ivityksi\u00e4, joihin on mietitty sanomaa tukeva visuaalinen lis\u00e4, useimmiten valokuva tai muu grafiikka. Tiimimme j\u00e4senet ovat kulkeneet l\u00e4pi somemaailman viime vuosikymmenen murroksen, pysyen ajan hermolla siit\u00e4, mik\u00e4 on juuri nyt se kaikkein koukuttavin tapa toteuttaa somemarkkinointia.<\/p>[\/et_pb_text][et_pb_text _builder_version=&#8221;4.18.0&#8243; _module_preset=&#8221;default&#8221; global_colors_info=&#8221;{}&#8221;]<h2>Mit\u00e4 some vaatii sinulta yritt\u00e4j\u00e4n\u00e4?<\/h2>[\/et_pb_text][et_pb_text _builder_version=&#8221;4.18.0&#8243; _module_preset=&#8221;default&#8221; global_colors_info=&#8221;{}&#8221;]<p>Ainoastaan rohkeutta! Somessa ei p\u00e4rj\u00e4\u00e4 se, joka pelk\u00e4\u00e4, joten ole avoin uudelle. Somemarkkinointi nimitt\u00e4in palkitsee isosti silloin, kun se tehd\u00e4\u00e4n oikein ja tyylill\u00e4.<\/p>\n<p>Luodaan yhdess\u00e4 sinun yrityksesi n\u00e4k\u00f6inen somemaailma!<\/p>[\/et_pb_text][\/et_pb_column][\/et_pb_row][et_pb_row column_structure=&#8221;1_4,3_4&#8243; _builder_version=&#8221;4.20.4&#8243; _module_preset=&#8221;default&#8221; global_colors_info=&#8221;{}&#8221;][et_pb_column type=&#8221;1_4&#8243; _builder_version=&#8221;4.20.2&#8243; _module_preset=&#8221;default&#8221; global_colors_info=&#8221;{}&#8221;][et_pb_image src=&#8221;https:\/\/luovatagentit.fi\/wp-content\/uploads\/revslider\/slider-1\/aldis.png&#8221; alt=&#8221;Piirretty kuva luovien agenttien Aldiksesta tabletti k\u00e4dess\u00e4&#8221; title_text=&#8221;aldis.png&#8221; disabled_on=&#8221;on|on|off&#8221; _builder_version=&#8221;4.20.4&#8243; _module_preset=&#8221;default&#8221; position_origin_a=&#8221;bottom_center&#8221; custom_margin=&#8221;||0px||false|false&#8221; custom_padding=&#8221;||0px||false|false&#8221; sticky_position=&#8221;bottom&#8221; sticky_limit_top=&#8221;body&#8221; motion_trigger_start=&#8221;top&#8221; hover_enabled=&#8221;0&#8243; global_colors_info=&#8221;{}&#8221; sticky_enabled=&#8221;0&#8243;][\/et_pb_image][\/et_pb_column][et_pb_column type=&#8221;3_4&#8243; _builder_version=&#8221;4.20.2&#8243; _module_preset=&#8221;default&#8221; global_colors_info=&#8221;{}&#8221;][et_pb_text _builder_version=&#8221;4.20.4&#8243; _module_preset=&#8221;default&#8221; custom_padding=&#8221;40px||||false|false&#8221; global_colors_info=&#8221;{}&#8221;]<h2>Palauteboksi<\/h2>[\/et_pb_text][et_pb_testimonial author=&#8221;Pia Nyman, Avaimet Menestykseen&#8221; job_title=&#8221;CEO, tilitoimistoyritt\u00e4j\u00e4 ja yritysneuvoja&#8221; portrait_url=&#8221;https:\/\/luovatagentit.fi\/wp-content\/uploads\/2022\/10\/Pia-nyman-70&#215;70-1.jpg&#8221; _builder_version=&#8221;4.20.4&#8243; _module_preset=&#8221;default&#8221; background_enable_color=&#8221;on&#8221; max_width=&#8221;800px&#8221; module_alignment=&#8221;center&#8221; custom_margin=&#8221;20px||40px||false|false&#8221; custom_padding=&#8221;0px|50px||0px|false|false&#8221; custom_padding_tablet=&#8221;|30px|||false|false&#8221; custom_padding_phone=&#8221;0px|20px||0px|false|false&#8221; custom_padding_last_edited=&#8221;on|phone&#8221; global_colors_info=&#8221;{}&#8221;]<p>Yhteisty\u00f6 Pieni Idean kanssa on ollut eritt\u00e4in positiivinen kokemus. Ty\u00f6skentely sujuu joustavasti, yritykseni toimintamalli sis\u00e4istettiin nopeasti ja hyvin. Yritykseni FB-sivujen tykk\u00e4\u00e4j\u00e4m\u00e4\u00e4r\u00e4 lis\u00e4\u00e4ntyi kuukaudessa 156 prosentilla! T\u00e4ll\u00e4 on ollut selke\u00e4 positiivinen vaikutus yhteydenottoihin ja palveluiden kysynt\u00e4\u00e4n. Pieni Idean ammattilaiset ovat nopeita, idearikkaita, suunnitelmallisia, t\u00e4sm\u00e4llisi\u00e4 ja innostavia, suosittelen l\u00e4mpim\u00e4sti!<\/p>[\/et_pb_testimonial][\/et_pb_column][\/et_pb_row][et_pb_row disabled_on=&#8221;off|off|on&#8221; _builder_version=&#8221;4.20.4&#8243; _module_preset=&#8221;default&#8221; width_tablet=&#8221;98%&#8221; width_phone=&#8221;98%&#8221; custom_margin=&#8221;50px||||false|false&#8221; global_colors_info=&#8221;{}&#8221;][et_pb_column type=&#8221;4_4&#8243; _builder_version=&#8221;4.20.2&#8243; _module_preset=&#8221;default&#8221; global_colors_info=&#8221;{}&#8221;][et_pb_image src=&#8221;https:\/\/luovatagentit.fi\/wp-content\/uploads\/2023\/03\/LATOverkostoa.png&#8221; alt=&#8221;Erilaisia luovia agentteja riviss\u00e4. Valokuvaajia, dronelent\u00e4ji\u00e4, kirjoittajia, web-kehitt\u00e4ji\u00e4, hakukoneoptimoinnin osaajia ja muita luovia agentteja&#8221; title_text=&#8221;LATOverkostoa&#8221; align=&#8221;center&#8221; disabled_on=&#8221;off|off|on&#8221; _builder_version=&#8221;4.20.4&#8243; _module_preset=&#8221;default&#8221; global_colors_info=&#8221;{}&#8221;][\/et_pb_image][\/et_pb_column][\/et_pb_row][\/et_pb_section][et_pb_section fb_built=&#8221;1&#8243; disabled_on=&#8221;on|on|on&#8221; module_class=&#8221;milly-dark-bg&#8221; _builder_version=&#8221;4.20.4&#8243; _module_preset=&#8221;default&#8221; background_color=&#8221;#2B333F&#8221; background_enable_image=&#8221;off&#8221; disabled=&#8221;on&#8221; global_colors_info=&#8221;{}&#8221;][et_pb_row custom_padding_last_edited=&#8221;on|phone&#8221; _builder_version=&#8221;4.20.0&#8243; _module_preset=&#8221;default&#8221; custom_padding=&#8221;100px||100px||true|false&#8221; custom_padding_tablet=&#8221;100px||100px||true|false&#8221; custom_padding_phone=&#8221;100px||100px||true|false&#8221; locked=&#8221;off&#8221; global_colors_info=&#8221;{}&#8221;][et_pb_column type=&#8221;4_4&#8243; _builder_version=&#8221;4.17.6&#8243; _module_preset=&#8221;default&#8221; global_colors_info=&#8221;{}&#8221;][et_pb_text _builder_version=&#8221;4.20.2&#8243; _module_preset=&#8221;default&#8221; text_font=&#8221;|700||on|||||&#8221; text_text_color=&#8221;#E4E0D6&#8243; text_font_size=&#8221;14px&#8221; text_letter_spacing=&#8221;1px&#8221; header_2_text_color=&#8221;#F9F7F2&#8243; header_2_font_size=&#8221;48px&#8221; header_5_text_color=&#8221;#E7D2C6&#8243; text_orientation=&#8221;center&#8221; background_layout=&#8221;dark&#8221; max_width=&#8221;600px&#8221; max_width_phone=&#8221;400px&#8221; module_alignment=&#8221;center&#8221; header_2_font_size_tablet=&#8221;34px&#8221; header_2_font_size_phone=&#8221;30px&#8221; header_5_text_shadow_style=&#8221;preset3&#8243; locked=&#8221;off&#8221; global_colors_info=&#8221;{}&#8221;]<p><span style=\"color: #e4e0d6;\">Somepaketit alk. 300\u20ac\/2kk<\/span><\/p>\n<h2>Ulkoista sosiaalisen median tuotanto osaaviin k\u00e4siin<\/h2>[\/et_pb_text][et_pb_button button_text=&#8221;Tutustu somepaketteihin&#8221; button_alignment=&#8221;center&#8221; _builder_version=&#8221;4.20.0&#8243; _module_preset=&#8221;c51b259a-40a1-46c0-a658-bffd9e980d4f&#8221; button_border_radius=&#8221;0px&#8221; custom_margin=&#8221;||||false|false&#8221; global_colors_info=&#8221;{}&#8221; button_bg_color__hover_enabled=&#8221;on|hover&#8221; button_bg_color__hover=&#8221;RGBA(255,255,255,0)&#8221; button_bg_enable_color__hover=&#8221;on&#8221;][\/et_pb_button][\/et_pb_column][\/et_pb_row][\/et_pb_section]\n","protected":false},"excerpt":{"rendered":"<p><div class=\"et_pb_module dsm_breadcrumbs dsm_breadcrumbs_0\">\n\t\t\t\t\n\t\t\t\t\n\t\t\t\t\n\t\t\t\t\n\t\t\t\t\n\t\t\t\t\n\t\t\t\t<div class=\"et_pb_module_inner\">\n\t\t\t\t\t<nav class=\"dsm_breadcrumbs_wrap\" role=\"navigation\" itemscope=\"\" itemtype=\"http:\/\/schema.org\/SiteNavigationElement\">\n\t\t\t\t<ul class=\"dsm_breadcrumbs\">\n\t\t\t<li class='dsm_breadcrumbs_item dsm_home_item dsm_home_item_custom'>\n\t\t\t\t<a href=\"https:\/\/luovatagentit.fi\/sv\" itemprop=\"url\">\n\t\t\t\t\t<span class='dsm_home_text_wrapper'>\n\t\t\t\t\t\t\t\t\t\t\t\t\t<span class=\"dsm_home_text\" itemprop=\"name\">\n\t\t\t\t\t\t\t\tEtusivu\t\t\t\t\t\t\t<\/span>\n\t\t\t\t\t<\/span>\n\t\t\t\t<\/a>\n\t\t\t<\/li>\n\n\t\t<li class=\"dsm_breadcrumbs_separator\"> <span class=\"et-pb-icon dsm_separator_icon\">&#x35;<\/span><\/li><\/ul>\n\t\t\t<\/nav>\n\t\t\t\t<\/div>\n\t\t\t<\/div>Somemarkkinointi Sosiaalisen median sis\u00e4ll\u00f6ntuotantoTiesitk\u00f6, ett\u00e4 80% markkinoinnin ammattilaisista k\u00e4ytt\u00e4\u00e4 sosiaalista mediaa saavuttaakseen kohderyhm\u00e4ns\u00e4?Noin huima m\u00e4\u00e4r\u00e4 ei voi olla hakoteill\u00e4. Monella yrityksell\u00e4 on somekanavat, ja hyv\u00e4ss\u00e4 lykyss\u00e4 sinne joskus jotain julkaistaankin. Harva kuitenkaan tuottaa someen sis\u00e4lt\u00f6j\u00e4 [&hellip;]<\/p>\n","protected":false},"author":1,"featured_media":0,"parent":0,"menu_order":0,"comment_status":"closed","ping_status":"closed","template":"","meta":{"_et_pb_use_builder":"on","_et_pb_old_content":"","_et_gb_content_width":"","_monsterinsights_skip_tracking":false,"_monsterinsights_sitenote_active":false,"_monsterinsights_sitenote_note":"","_monsterinsights_sitenote_category":0,"footnotes":""},"class_list":["post-100748","page","type-page","status-publish","hentry"],"_links":{"self":[{"href":"https:\/\/luovatagentit.fi\/sv\/wp-json\/wp\/v2\/pages\/100748","targetHints":{"allow":["GET"]}}],"collection":[{"href":"https:\/\/luovatagentit.fi\/sv\/wp-json\/wp\/v2\/pages"}],"about":[{"href":"https:\/\/luovatagentit.fi\/sv\/wp-json\/wp\/v2\/types\/page"}],"author":[{"embeddable":true,"href":"https:\/\/luovatagentit.fi\/sv\/wp-json\/wp\/v2\/users\/1"}],"replies":[{"embeddable":true,"href":"https:\/\/luovatagentit.fi\/sv\/wp-json\/wp\/v2\/comments?post=100748"}],"version-history":[{"count":49,"href":"https:\/\/luovatagentit.fi\/sv\/wp-json\/wp\/v2\/pages\/100748\/revisions"}],"predecessor-version":[{"id":103819,"href":"https:\/\/luovatagentit.fi\/sv\/wp-json\/wp\/v2\/pages\/100748\/revisions\/103819"}],"wp:attachment":[{"href":"https:\/\/luovatagentit.fi\/sv\/wp-json\/wp\/v2\/media?parent=100748"}],"curies":[{"name":"wp","href":"https:\/\/api.w.org\/{rel}","templated":true}]}}