{"id":100832,"date":"2022-10-29T21:26:23","date_gmt":"2022-10-29T18:26:23","guid":{"rendered":"https:\/\/luovatagentit.fi\/?page_id=100832"},"modified":"2023-05-24T15:32:44","modified_gmt":"2023-05-24T12:32:44","slug":"videotuotannot","status":"publish","type":"page","link":"https:\/\/luovatagentit.fi\/sv\/videotuotannot\/","title":{"rendered":"Videoproduktioner"},"content":{"rendered":"\n[et_pb_section fb_built=&#8221;1&#8243; _builder_version=&#8221;4.20.2&#8243; _module_preset=&#8221;default&#8221; background_color=&#8221;rgba(255,255,255,0.4)&#8221; background_image=&#8221;https:\/\/luovatagentit.fi\/wp-content\/uploads\/2023\/02\/kristallli-1_beige.png&#8221; background_size=&#8221;initial&#8221; background_position=&#8221;top_left&#8221; background_blend=&#8221;overlay&#8221; custom_padding=&#8221;120px||0px||false|false&#8221; custom_padding_tablet=&#8221;80px||0px||false|false&#8221; custom_padding_phone=&#8221;||0px||false|false&#8221; custom_css_main_element=&#8221;z-index: 0;&#8221; global_colors_info=&#8221;{}&#8221;][et_pb_row column_structure=&#8221;1_4,3_4&#8243; _builder_version=&#8221;4.18.0&#8243; _module_preset=&#8221;default&#8221; global_colors_info=&#8221;{}&#8221;][et_pb_column type=&#8221;1_4&#8243; disabled_on=&#8221;on|on|off&#8221; _builder_version=&#8221;4.18.0&#8243; _module_preset=&#8221;default&#8221; global_colors_info=&#8221;{}&#8221;][\/et_pb_column][et_pb_column type=&#8221;3_4&#8243; _builder_version=&#8221;4.18.0&#8243; _module_preset=&#8221;default&#8221; global_colors_info=&#8221;{}&#8221;][dsm_breadcrumbs home_text=&#8221;Etusivu&#8221; show_home_icon=&#8221;off&#8221; separator_icon=&#8221;&#x35;||divi||400&#8243; _builder_version=&#8221;4.20.4&#8243; _module_preset=&#8221;default&#8221; items_font=&#8221;|600||on|||||&#8221; items_font_size=&#8221;14px&#8221; items_letter_spacing=&#8221;1px&#8221; current_font=&#8221;|600||on|||||&#8221; current_text_color=&#8221;#197278&#8243; current_font_size=&#8221;14px&#8221; current_letter_spacing=&#8221;1px&#8221; items_font_size_tablet=&#8221;12px&#8221; items_font_size_phone=&#8221;10px&#8221; items_font_size_last_edited=&#8221;on|phone&#8221; current_font_size_tablet=&#8221;12px&#8221; current_font_size_phone=&#8221;10px&#8221; current_font_size_last_edited=&#8221;on|phone&#8221; global_module=&#8221;103251&#8243; global_colors_info=&#8221;{}&#8221;][\/dsm_breadcrumbs][et_pb_text _builder_version=&#8221;4.20.4&#8243; _module_preset=&#8221;default&#8221; text_font=&#8221;Josefin Sans||on||||||&#8221; text_text_color=&#8221;#197278&#8243; max_width=&#8221;90%&#8221; max_width_tablet=&#8221;90%&#8221; max_width_phone=&#8221;100%&#8221; max_width_last_edited=&#8221;on|phone&#8221; custom_margin_tablet=&#8221;&#8221; custom_margin_phone=&#8221;&#8221; custom_margin_last_edited=&#8221;on|phone&#8221; global_colors_info=&#8221;{%22gcid-8c4df213-420b-4fa0-a471-54276bb0f0b2%22:%91%22text_text_color%22%93}&#8221;]<h1>Myy yrityksesi fiilist\u00e4 videolla<\/h1>\n<p>Videotuotannot &amp; tarinalliset br\u00e4ndivideot<\/p>[\/et_pb_text][et_pb_text _builder_version=&#8221;4.18.0&#8243; _module_preset=&#8221;default&#8221; global_colors_info=&#8221;{}&#8221;]<p>Ruutuja on el\u00e4m\u00e4ss\u00e4mme enemm\u00e4n kuin koskaan, mobiili piippailee ilmoituksia tauotta ja vapaat hetket on helppo kuluttaa somen sy\u00f6vereiss\u00e4. Kuinka siis oman yrityksen viestin saisi erottumaan joukosta ilman, ett\u00e4 sen ohi pyyhk\u00e4ist\u00e4\u00e4n tieto\u00e4hkyn vallassa?<\/p>[\/et_pb_text][et_pb_text _builder_version=&#8221;4.18.0&#8243; _module_preset=&#8221;default&#8221; global_colors_info=&#8221;{}&#8221;]<h2>Tarinat koskettavat<\/h2>[\/et_pb_text][et_pb_text _builder_version=&#8221;4.18.0&#8243; _module_preset=&#8221;default&#8221; global_colors_info=&#8221;{}&#8221;]<p>Ihmiset ovat kautta aikojen rakastaneet tarinoita. Ei ole siis lainkaan sattumaa, ett\u00e4 tarinat toimivat my\u00f6s markkinoinnissa. Perinteinen osta-osta-markkinointi on mennytt\u00e4, ja sen tilalle ovat nousseet vahvasti tarinat, jotka eri medioiden ja kanavien sis\u00e4ll\u00f6ntuottajat tuovat el\u00e4v\u00e4ksi ja sulauttavat potentiaalisten asiakkaiden syd\u00e4miin.<\/p>[\/et_pb_text][et_pb_text _builder_version=&#8221;4.18.0&#8243; _module_preset=&#8221;default&#8221; global_colors_info=&#8221;{}&#8221;]<h2>Fiilis?<\/h2>[\/et_pb_text][et_pb_text _builder_version=&#8221;4.18.0&#8243; _module_preset=&#8221;default&#8221; global_colors_info=&#8221;{}&#8221;]<p>Substantiivi<br \/>\/\u02c8fi\u02d0lis\/<\/p>\n<p><em>mieli, tunne, tuntemus<\/em><\/p>\n<p>Henkil\u00f6n emotionaalinen tila tai paikan ilmapiiri, johonka katsoja tai mukanaolija voi helposti samaistua tai tuntea.<\/p>[\/et_pb_text][et_pb_text _builder_version=&#8221;4.18.0&#8243; _module_preset=&#8221;default&#8221; text_font=&#8221;Josefin Sans||on||||||&#8221; text_text_color=&#8221;#41CED8&#8243; global_colors_info=&#8221;{}&#8221;]<h2>Videotuotantoja suunnitteluty\u00f6st\u00e4 l\u00e4htien<\/h2>[\/et_pb_text][et_pb_text _builder_version=&#8221;4.18.0&#8243; _module_preset=&#8221;default&#8221;]<p>Olemme toteuttaneet asiakkaillemme videotuotantoja suunnitteluty\u00f6st\u00e4 l\u00e4htien. Videotuotantojen pohjalle luodaan aina k\u00e4sikirjoitus, ja hinnoittelumme toimii tuntity\u00f6n\u00e4. Tutustu hinnastoon ja esit\u00e4 meille budjettisi!<\/p>\n<p>Voit tutustua alla miksi videon k\u00e4ytt\u00f6 on nykyp\u00e4iv\u00e4n mainonnassa t\u00e4rke\u00e4\u00e4 sek\u00e4 tutustua jo toteutettuihin tuotantoihimme.<\/p>[\/et_pb_text][et_pb_text _builder_version=&#8221;4.20.2&#8243; _module_preset=&#8221;default&#8221; text_font=&#8221;Josefin Sans||on||||||&#8221; text_text_color=&#8221;#197278&#8243;]<h2>Meilt\u00e4 onnistuu perinteisen videokuvauksen lis\u00e4ksi my\u00f6s muut videot<\/h2>[\/et_pb_text][et_pb_text _builder_version=&#8221;4.20.0&#8243; _module_preset=&#8221;default&#8221;]<ul>\n<li>n\u00e4ytt\u00e4v\u00e4t videot ilmasta<\/li>\n<li>timelapse, hyperlapse<\/li>\n<li>tarinalliset fiilisvideot<\/li>\n<li>k\u00e4sikirjoituksesta toteutukseen<\/li>\n<li>hauskan informatiiviset somevideot<\/li>\n<li>tapahtumien taltioinnit<\/li>\n<li>yritys-ja mainosvideot<\/li>\n<li>videotuotantojen k\u00e4sikirjoitukset<\/li>\n<li>dokumentaarinen h\u00e4\u00e4valokuvaus ja<\/li>\n<li>tarinalliset h\u00e4\u00e4videot<\/li>\n<\/ul>\n<p>Osaamisemme on yhteisty\u00f6kuvioiden my\u00f6t\u00e4 laajentunut l\u00e4hes kaikille markkinoinnin osa-alueille, joten heit\u00e4 pallo meille, katsotaan mit\u00e4 keksit\u00e4\u00e4n ja viilataan se sun budjettiin sopivaksi!<\/p>[\/et_pb_text][\/et_pb_column][\/et_pb_row][et_pb_row column_structure=&#8221;1_4,3_4&#8243; _builder_version=&#8221;4.18.0&#8243; _module_preset=&#8221;default&#8221; global_colors_info=&#8221;{}&#8221;][et_pb_column type=&#8221;1_4&#8243; _builder_version=&#8221;4.18.0&#8243; _module_preset=&#8221;default&#8221; global_colors_info=&#8221;{}&#8221;][et_pb_image src=&#8221;https:\/\/luovatagentit.fi\/wp-content\/uploads\/revslider\/slider-1\/immu.png&#8221; alt=&#8221;Piirretty kuva luovien agenttien Immusta jolla kuulokkeet korvissa&#8221; title_text=&#8221;immu.png&#8221; disabled_on=&#8221;on|on|off&#8221; _builder_version=&#8221;4.20.4&#8243; _module_preset=&#8221;default&#8221; position_origin_a=&#8221;bottom_center&#8221; custom_margin=&#8221;||0px||false|false&#8221; custom_padding=&#8221;||0px||false|false&#8221; sticky_position=&#8221;bottom&#8221; sticky_limit_top=&#8221;body&#8221; motion_trigger_start=&#8221;top&#8221; hover_enabled=&#8221;0&#8243; global_colors_info=&#8221;{}&#8221; sticky_enabled=&#8221;0&#8243;][\/et_pb_image][\/et_pb_column][et_pb_column type=&#8221;3_4&#8243; _builder_version=&#8221;4.18.0&#8243; _module_preset=&#8221;default&#8221; global_colors_info=&#8221;{}&#8221;][et_pb_text _builder_version=&#8221;4.20.2&#8243; _module_preset=&#8221;default&#8221; text_font=&#8221;Josefin Sans||on||||||&#8221; text_text_color=&#8221;#197278&#8243; custom_padding=&#8221;50px||||false|false&#8221; text_font_size_tablet=&#8221;&#8221; text_font_size_phone=&#8221;&#8221; text_font_size_last_edited=&#8221;on|tablet&#8221; global_colors_info=&#8221;{}&#8221;]<h2 style=\"text-align: left;\">Tiesitk\u00f6?<\/h2>\n<p>Paljastamme sinulle nyt salaisuuden: videoon luotetaan t\u00e4m\u00e4n p\u00e4iv\u00e4n markkinoinnissa 63% enemm\u00e4n kuin tekstiin!<\/p>[\/et_pb_text][et_pb_text _builder_version=&#8221;4.18.0&#8243; _module_preset=&#8221;default&#8221;]<p>Kun asiakas vierailee kotisivuillasi, h\u00e4n muistaa kolmen p\u00e4iv\u00e4n p\u00e4\u00e4st\u00e4 n. 10% siit\u00e4, mit\u00e4 on lukenut. Jos sama informaatio yhdistet\u00e4\u00e4n kuvaan tai videoon, nousee luku yli kuusinkertaiseksi (65%). T\u00e4m\u00e4n vuoksi suosimme kokonaisvaltaista markkinointia, jossa hyvin suunnitellut ja kirjoitetut tekstisis\u00e4ll\u00f6t yhdistet\u00e4\u00e4n niiden sanomaa tukeviin visuaalisiin materiaaleihin.<\/p>\n<p>Tiimimme on toteuttanut monenlaisia visuaalisia tuotantoja aina h\u00e4\u00e4elokuvista tuote-esittelyvideoihin ja yritysesittelyist\u00e4 tarinallisiin animaatioihin. Lue lis\u00e4\u00e4 blogistamme my\u00f6s some-videoiden t\u00e4rkeydest\u00e4.<\/p>[\/et_pb_text][\/et_pb_column][\/et_pb_row][et_pb_row _builder_version=&#8221;4.20.2&#8243; _module_preset=&#8221;default&#8221; global_colors_info=&#8221;{}&#8221;][et_pb_column type=&#8221;4_4&#8243; _builder_version=&#8221;4.20.2&#8243; _module_preset=&#8221;default&#8221; global_colors_info=&#8221;{}&#8221;][et_pb_image src=&#8221;https:\/\/luovatagentit.fi\/wp-content\/uploads\/2023\/03\/LATOverkostoa.png&#8221; alt=&#8221;Erilaisia luovia agentteja riviss\u00e4. Valokuvaajia, dronelent\u00e4ji\u00e4, kirjoittajia, web-kehitt\u00e4ji\u00e4, hakukoneoptimoinnin osaajia ja muita luovia agentteja&#8221; title_text=&#8221;LATOverkostoa&#8221; align=&#8221;center&#8221; disabled_on=&#8221;off|off|on&#8221; _builder_version=&#8221;4.20.2&#8243; _module_preset=&#8221;default&#8221; global_colors_info=&#8221;{}&#8221;][\/et_pb_image][\/et_pb_column][\/et_pb_row][\/et_pb_section]\n","protected":false},"excerpt":{"rendered":"<p><div class=\"et_pb_module dsm_breadcrumbs dsm_breadcrumbs_0\">\n\t\t\t\t\n\t\t\t\t\n\t\t\t\t\n\t\t\t\t\n\t\t\t\t\n\t\t\t\t\n\t\t\t\t<div class=\"et_pb_module_inner\">\n\t\t\t\t\t<nav class=\"dsm_breadcrumbs_wrap\" role=\"navigation\" itemscope=\"\" itemtype=\"http:\/\/schema.org\/SiteNavigationElement\">\n\t\t\t\t<ul class=\"dsm_breadcrumbs\">\n\t\t\t<li class='dsm_breadcrumbs_item dsm_home_item dsm_home_item_custom'>\n\t\t\t\t<a href=\"https:\/\/luovatagentit.fi\/sv\" itemprop=\"url\">\n\t\t\t\t\t<span class='dsm_home_text_wrapper'>\n\t\t\t\t\t\t\t\t\t\t\t\t\t<span class=\"dsm_home_text\" itemprop=\"name\">\n\t\t\t\t\t\t\t\tEtusivu\t\t\t\t\t\t\t<\/span>\n\t\t\t\t\t<\/span>\n\t\t\t\t<\/a>\n\t\t\t<\/li>\n\n\t\t<li class=\"dsm_breadcrumbs_separator\"> <span class=\"et-pb-icon dsm_separator_icon\">&#x35;<\/span><\/li><\/ul>\n\t\t\t<\/nav>\n\t\t\t\t<\/div>\n\t\t\t<\/div>Myy yrityksesi fiilist\u00e4 videolla Videotuotannot &amp; tarinalliset br\u00e4ndivideotRuutuja on el\u00e4m\u00e4ss\u00e4mme enemm\u00e4n kuin koskaan, mobiili piippailee ilmoituksia tauotta ja vapaat hetket on helppo kuluttaa somen sy\u00f6vereiss\u00e4. Kuinka siis oman yrityksen viestin saisi erottumaan joukosta ilman, ett\u00e4 [&hellip;]<\/p>\n","protected":false},"author":1,"featured_media":0,"parent":0,"menu_order":0,"comment_status":"closed","ping_status":"closed","template":"","meta":{"_et_pb_use_builder":"on","_et_pb_old_content":"","_et_gb_content_width":"","_monsterinsights_skip_tracking":false,"_monsterinsights_sitenote_active":false,"_monsterinsights_sitenote_note":"","_monsterinsights_sitenote_category":0,"footnotes":""},"class_list":["post-100832","page","type-page","status-publish","hentry"],"_links":{"self":[{"href":"https:\/\/luovatagentit.fi\/sv\/wp-json\/wp\/v2\/pages\/100832","targetHints":{"allow":["GET"]}}],"collection":[{"href":"https:\/\/luovatagentit.fi\/sv\/wp-json\/wp\/v2\/pages"}],"about":[{"href":"https:\/\/luovatagentit.fi\/sv\/wp-json\/wp\/v2\/types\/page"}],"author":[{"embeddable":true,"href":"https:\/\/luovatagentit.fi\/sv\/wp-json\/wp\/v2\/users\/1"}],"replies":[{"embeddable":true,"href":"https:\/\/luovatagentit.fi\/sv\/wp-json\/wp\/v2\/comments?post=100832"}],"version-history":[{"count":22,"href":"https:\/\/luovatagentit.fi\/sv\/wp-json\/wp\/v2\/pages\/100832\/revisions"}],"predecessor-version":[{"id":103822,"href":"https:\/\/luovatagentit.fi\/sv\/wp-json\/wp\/v2\/pages\/100832\/revisions\/103822"}],"wp:attachment":[{"href":"https:\/\/luovatagentit.fi\/sv\/wp-json\/wp\/v2\/media?parent=100832"}],"curies":[{"name":"wp","href":"https:\/\/api.w.org\/{rel}","templated":true}]}}