{"id":100854,"date":"2022-10-29T22:27:57","date_gmt":"2022-10-29T19:27:57","guid":{"rendered":"https:\/\/luovatagentit.fi\/?page_id=100854"},"modified":"2023-05-24T10:38:47","modified_gmt":"2023-05-24T07:38:47","slug":"kuvituspalvelut","status":"publish","type":"page","link":"https:\/\/luovatagentit.fi\/sv\/kuvituspalvelut\/","title":{"rendered":"Illustration"},"content":{"rendered":"\n[et_pb_section fb_built=&#8221;1&#8243; _builder_version=&#8221;4.20.2&#8243; _module_preset=&#8221;default&#8221; background_color=&#8221;rgba(255,255,255,0.4)&#8221; background_image=&#8221;https:\/\/luovatagentit.fi\/wp-content\/uploads\/2023\/02\/kristallli-1_beige.png&#8221; background_size=&#8221;initial&#8221; background_position=&#8221;top_left&#8221; background_blend=&#8221;overlay&#8221; custom_padding=&#8221;120px||0px||false|false&#8221; custom_padding_tablet=&#8221;80px||0px||false|false&#8221; custom_padding_phone=&#8221;50px||0px||false|false&#8221; custom_css_main_element=&#8221;z-index: 0;&#8221; global_colors_info=&#8221;{}&#8221;][et_pb_row column_structure=&#8221;1_4,3_4&#8243; _builder_version=&#8221;4.20.2&#8243; _module_preset=&#8221;default&#8221; global_colors_info=&#8221;{}&#8221;][et_pb_column type=&#8221;1_4&#8243; disabled_on=&#8221;on|on|off&#8221; _builder_version=&#8221;4.18.0&#8243; _module_preset=&#8221;default&#8221; global_colors_info=&#8221;{}&#8221;][\/et_pb_column][et_pb_column type=&#8221;3_4&#8243; _builder_version=&#8221;4.18.0&#8243; _module_preset=&#8221;default&#8221; global_colors_info=&#8221;{}&#8221;][dsm_breadcrumbs home_text=&#8221;Etusivu&#8221; show_home_icon=&#8221;off&#8221; separator_icon=&#8221;&#x35;||divi||400&#8243; _builder_version=&#8221;4.20.4&#8243; _module_preset=&#8221;default&#8221; items_font=&#8221;|600||on|||||&#8221; items_font_size=&#8221;14px&#8221; items_letter_spacing=&#8221;1px&#8221; current_font=&#8221;|600||on|||||&#8221; current_text_color=&#8221;#197278&#8243; current_font_size=&#8221;14px&#8221; current_letter_spacing=&#8221;1px&#8221; items_font_size_tablet=&#8221;12px&#8221; items_font_size_phone=&#8221;10px&#8221; items_font_size_last_edited=&#8221;on|phone&#8221; current_font_size_tablet=&#8221;12px&#8221; current_font_size_phone=&#8221;10px&#8221; current_font_size_last_edited=&#8221;on|phone&#8221; global_module=&#8221;103251&#8243; global_colors_info=&#8221;{}&#8221;][\/dsm_breadcrumbs][et_pb_text _builder_version=&#8221;4.20.4&#8243; _module_preset=&#8221;default&#8221; text_font=&#8221;Josefin Sans||on||||||&#8221; text_text_color=&#8221;#197278&#8243; max_width=&#8221;90%&#8221; max_width_tablet=&#8221;90%&#8221; max_width_phone=&#8221;100%&#8221; max_width_last_edited=&#8221;on|phone&#8221; custom_margin_tablet=&#8221;&#8221; custom_margin_phone=&#8221;&#8221; custom_margin_last_edited=&#8221;on|phone&#8221; text_text_color_tablet=&#8221;#28B8C3&#8243; text_text_color_phone=&#8221;#28B8C3&#8243; text_text_color_last_edited=&#8221;off|desktop&#8221; global_colors_info=&#8221;{%22gcid-8c4df213-420b-4fa0-a471-54276bb0f0b2%22:%91%22text_text_color%22%93}&#8221;]<h1>Kuvituksessa vain taivas on rajana<\/h1>\n<p>Vektori- ja rasterigrafiikka, tuotesuunnittelu<\/p>[\/et_pb_text][et_pb_text _builder_version=&#8221;4.18.0&#8243; _module_preset=&#8221;default&#8221; global_colors_info=&#8221;{}&#8221;]<p>Kuvitus her\u00e4tt\u00e4\u00e4 tekstin eloon. Kuvittajan on aina otettava huomioon kohderyhm\u00e4 ja toivottu tyyli.<\/p>[\/et_pb_text][et_pb_image src=&#8221;https:\/\/luovatagentit.fi\/wp-content\/uploads\/2022\/10\/salteriet-karttakuva.png&#8221; alt=&#8221;Salteriet karttakuva &#8211; piirretty vanha venesatama&#8221; title_text=&#8221;salteriet-karttakuva&#8221; _builder_version=&#8221;4.18.0&#8243; _module_preset=&#8221;default&#8221; global_colors_info=&#8221;{}&#8221;][\/et_pb_image][et_pb_text _builder_version=&#8221;4.18.0&#8243; _module_preset=&#8221;default&#8221;]<h2>Mihin kuvitusta k\u00e4ytet\u00e4\u00e4n?<\/h2>[\/et_pb_text][et_pb_text _builder_version=&#8221;4.20.2&#8243; _module_preset=&#8221;default&#8221; custom_padding=&#8221;||50px||false|false&#8221;]<p>Kuvitusta voidaan hy\u00f6dynt\u00e4\u00e4 niin lastenkirjoissa, mainoksissa, sanomalehdiss\u00e4 kuin huonekalujen kokoamisohjeissa. Kuvitusta k\u00e4ytet\u00e4\u00e4n my\u00f6s havainnollistamaan paikkoja tai asioita selke\u00e4mmin. Eritt\u00e4in t\u00e4rke\u00e4ss\u00e4 roolissa kuvitus on my\u00f6s tuotteistuksessa.<\/p>\n<p>Kuvituksen hy\u00f6ty on parhaimmillaan, kun mielenkiintoinen sis\u00e4lt\u00f6 yhdistet\u00e4\u00e4n viesti\u00e4 tukevaan visuaalisuuteen. Persoonallinen julkaisu erottuu massasta, luo mielikuvia, vangitsee katseet ja yll\u00e4pit\u00e4\u00e4 kohderyhm\u00e4si mielenkiintoa.<\/p>[\/et_pb_text][\/et_pb_column][\/et_pb_row][et_pb_row column_structure=&#8221;1_4,3_4&#8243; _builder_version=&#8221;4.20.2&#8243; _module_preset=&#8221;default&#8221; global_colors_info=&#8221;{}&#8221;][et_pb_column type=&#8221;1_4&#8243; _builder_version=&#8221;4.20.2&#8243; _module_preset=&#8221;default&#8221; global_colors_info=&#8221;{}&#8221;][et_pb_image src=&#8221;https:\/\/luovatagentit.fi\/wp-content\/uploads\/revslider\/slider-1\/priska.png&#8221; alt=&#8221;Piirretty kuva luovien agenttien Priska Autiosta k\u00e4nnykk\u00e4 k\u00e4dess\u00e4&#8221; title_text=&#8221;priska.png&#8221; disabled_on=&#8221;on|on|off&#8221; _builder_version=&#8221;4.20.4&#8243; _module_preset=&#8221;default&#8221; position_origin_a=&#8221;bottom_center&#8221; custom_margin=&#8221;||0px||false|false&#8221; custom_padding=&#8221;||0px||false|false&#8221; sticky_position=&#8221;bottom&#8221; sticky_limit_top=&#8221;body&#8221; motion_trigger_start=&#8221;top&#8221; hover_enabled=&#8221;0&#8243; global_colors_info=&#8221;{}&#8221; sticky_enabled=&#8221;0&#8243;][\/et_pb_image][\/et_pb_column][et_pb_column type=&#8221;3_4&#8243; _builder_version=&#8221;4.20.2&#8243; _module_preset=&#8221;default&#8221; global_colors_info=&#8221;{}&#8221;][et_pb_text quote_border_color=&#8221;#E4E0D6&#8243; module_class=&#8221; &#8221; _builder_version=&#8221;4.20.2&#8243; _module_preset=&#8221;default&#8221; quote_font=&#8221;Lora||on||||||&#8221; custom_padding=&#8221;70px||70px||false|false&#8221;]<blockquote>\n<p>Olemme toteuttaneet asiakkaillemme mm. karttakuvitusta, joka esitteeseen liitettyn\u00e4 ohjeistaa asiakkaan toimipaikkaan sek\u00e4 laivan l\u00e4pileikkauskuvia, jossa laivan toiminnot on tuotu esiin. Olemme toteuttaneet my\u00f6s lukuisia kuvituksia, joita on hy\u00f6dynnetty animaation pohjalla.<\/p>\n<\/blockquote>[\/et_pb_text][\/et_pb_column][\/et_pb_row][et_pb_row _builder_version=&#8221;4.20.2&#8243; _module_preset=&#8221;default&#8221; global_colors_info=&#8221;{}&#8221;][et_pb_column type=&#8221;4_4&#8243; _builder_version=&#8221;4.20.2&#8243; _module_preset=&#8221;default&#8221; global_colors_info=&#8221;{}&#8221;][et_pb_image src=&#8221;https:\/\/luovatagentit.fi\/wp-content\/uploads\/2023\/03\/LATOverkostoa.png&#8221; alt=&#8221;Erilaisia luovia agentteja riviss\u00e4. Valokuvaajia, dronelent\u00e4ji\u00e4, kirjoittajia, web-kehitt\u00e4ji\u00e4, hakukoneoptimoinnin osaajia ja muita luovia agentteja&#8221; title_text=&#8221;LATOverkostoa&#8221; align=&#8221;center&#8221; disabled_on=&#8221;off|off|on&#8221; _builder_version=&#8221;4.20.2&#8243; _module_preset=&#8221;default&#8221; global_colors_info=&#8221;{}&#8221;][\/et_pb_image][\/et_pb_column][\/et_pb_row][\/et_pb_section][et_pb_section fb_built=&#8221;1&#8243; disabled_on=&#8221;on|on|on&#8221; _builder_version=&#8221;4.20.2&#8243; _module_preset=&#8221;default&#8221; background_enable_color=&#8221;off&#8221; custom_padding=&#8221;60px||||false|false&#8221; custom_padding_tablet=&#8221;30px||80px||false|false&#8221; custom_padding_phone=&#8221;10px||50px||false|false&#8221; disabled=&#8221;on&#8221; global_colors_info=&#8221;{}&#8221;][et_pb_row column_structure=&#8221;1_2,1_2&#8243; _builder_version=&#8221;4.18.0&#8243; _module_preset=&#8221;default&#8221; global_colors_info=&#8221;{}&#8221;][et_pb_column type=&#8221;1_2&#8243; _builder_version=&#8221;4.18.0&#8243; _module_preset=&#8221;default&#8221; global_colors_info=&#8221;{}&#8221;][et_pb_text _builder_version=&#8221;4.18.0&#8243; _module_preset=&#8221;default&#8221;]<h2>Vektorigrafiikka<\/h2>[\/et_pb_text][et_pb_text _builder_version=&#8221;4.18.0&#8243; _module_preset=&#8221;default&#8221; global_colors_info=&#8221;{}&#8221;]<p>Vektorigrafiikkaa voi huoletta skaalata isommaksi, kun se on tehty oikein. Vektorigrafiikan pohjalta voi toteuttaa julkisivujen kokoisia banderolleja tai esim. sanomalehtiin selke\u00e4\u00e4 infografiikkaa.<\/p>[\/et_pb_text][et_pb_text _builder_version=&#8221;4.20.0&#8243; _module_preset=&#8221;default&#8221; text_font=&#8221;Josefin Sans||on||||||&#8221; text_text_color=&#8221;#197278&#8243; text_text_color_tablet=&#8221;#28B8C3&#8243; text_text_color_phone=&#8221;#28B8C3&#8243; text_text_color_last_edited=&#8221;off|desktop&#8221; global_colors_info=&#8221;{}&#8221;]<p>Sarjakuvamainen kuvitus ja havainnollistaminen<\/p>[\/et_pb_text][et_pb_gallery gallery_ids=&#8221;100867,100868,100869,100870&#8243; show_title_and_caption=&#8221;off&#8221; show_pagination=&#8221;off&#8221; zoom_icon_color=&#8221;#197278&#8243; hover_overlay_color=&#8221;rgba(255,255,255,0.7)&#8221; hover_icon=&#8221;&#x54;||divi||400&#8243; _builder_version=&#8221;4.20.0&#8243; _module_preset=&#8221;default&#8221; global_colors_info=&#8221;{}&#8221;][\/et_pb_gallery][\/et_pb_column][et_pb_column type=&#8221;1_2&#8243; _builder_version=&#8221;4.18.0&#8243; _module_preset=&#8221;default&#8221; global_colors_info=&#8221;{}&#8221;][et_pb_text _builder_version=&#8221;4.18.0&#8243; _module_preset=&#8221;default&#8221; global_colors_info=&#8221;{}&#8221;]<h2>Rasterigrafiikka<\/h2>[\/et_pb_text][et_pb_text _builder_version=&#8221;4.18.0&#8243; _module_preset=&#8221;default&#8221; global_colors_info=&#8221;{}&#8221;]<p>Hienot siveltimien vedot, pehmeys ja tekstuuri ovat rasterigrafiikan vahvuudet. Toisin kuin vektorigrafiikka, rasterigrafiikkaa ei voi skaalata suuremmaksi ilman, ett\u00e4 se menett\u00e4\u00e4 laatuaan ja muuttuu rakeiseksi.<\/p>[\/et_pb_text][et_pb_text _builder_version=&#8221;4.20.0&#8243; _module_preset=&#8221;default&#8221; text_font=&#8221;Josefin Sans||on||||||&#8221; text_text_color=&#8221;#197278&#8243; text_text_color_last_edited=&#8221;off|desktop&#8221; global_colors_info=&#8221;{}&#8221;]<p>Infografit ja ohjeistus<\/p>[\/et_pb_text][et_pb_gallery gallery_ids=&#8221;100871,100872,100873,100874&#8243; show_title_and_caption=&#8221;off&#8221; show_pagination=&#8221;off&#8221; zoom_icon_color=&#8221;#197278&#8243; hover_overlay_color=&#8221;rgba(255,255,255,0.7)&#8221; hover_icon=&#8221;&#x54;||divi||400&#8243; _builder_version=&#8221;4.20.0&#8243; _module_preset=&#8221;default&#8221; global_colors_info=&#8221;{}&#8221;][\/et_pb_gallery][\/et_pb_column][\/et_pb_row][\/et_pb_section]\n","protected":false},"excerpt":{"rendered":"<p><div class=\"et_pb_module dsm_breadcrumbs dsm_breadcrumbs_0\">\n\t\t\t\t\n\t\t\t\t\n\t\t\t\t\n\t\t\t\t\n\t\t\t\t\n\t\t\t\t\n\t\t\t\t<div class=\"et_pb_module_inner\">\n\t\t\t\t\t<nav class=\"dsm_breadcrumbs_wrap\" role=\"navigation\" itemscope=\"\" itemtype=\"http:\/\/schema.org\/SiteNavigationElement\">\n\t\t\t\t<ul class=\"dsm_breadcrumbs\">\n\t\t\t<li class='dsm_breadcrumbs_item dsm_home_item dsm_home_item_custom'>\n\t\t\t\t<a href=\"https:\/\/luovatagentit.fi\/sv\" itemprop=\"url\">\n\t\t\t\t\t<span class='dsm_home_text_wrapper'>\n\t\t\t\t\t\t\t\t\t\t\t\t\t<span class=\"dsm_home_text\" itemprop=\"name\">\n\t\t\t\t\t\t\t\tEtusivu\t\t\t\t\t\t\t<\/span>\n\t\t\t\t\t<\/span>\n\t\t\t\t<\/a>\n\t\t\t<\/li>\n\n\t\t<li class=\"dsm_breadcrumbs_separator\"> <span class=\"et-pb-icon dsm_separator_icon\">&#x35;<\/span><\/li><\/ul>\n\t\t\t<\/nav>\n\t\t\t\t<\/div>\n\t\t\t<\/div>Kuvituksessa vain taivas on rajana Vektori- ja rasterigrafiikka, tuotesuunnitteluKuvitus her\u00e4tt\u00e4\u00e4 tekstin eloon. Kuvittajan on aina otettava huomioon kohderyhm\u00e4 ja toivottu tyyli.Mihin kuvitusta k\u00e4ytet\u00e4\u00e4n?Kuvitusta voidaan hy\u00f6dynt\u00e4\u00e4 niin lastenkirjoissa, mainoksissa, sanomalehdiss\u00e4 kuin huonekalujen kokoamisohjeissa. Kuvitusta k\u00e4ytet\u00e4\u00e4n my\u00f6s [&hellip;]<\/p>\n","protected":false},"author":1,"featured_media":0,"parent":0,"menu_order":0,"comment_status":"closed","ping_status":"closed","template":"","meta":{"_et_pb_use_builder":"on","_et_pb_old_content":"","_et_gb_content_width":"","_monsterinsights_skip_tracking":false,"_monsterinsights_sitenote_active":false,"_monsterinsights_sitenote_note":"","_monsterinsights_sitenote_category":0,"footnotes":""},"class_list":["post-100854","page","type-page","status-publish","hentry"],"_links":{"self":[{"href":"https:\/\/luovatagentit.fi\/sv\/wp-json\/wp\/v2\/pages\/100854","targetHints":{"allow":["GET"]}}],"collection":[{"href":"https:\/\/luovatagentit.fi\/sv\/wp-json\/wp\/v2\/pages"}],"about":[{"href":"https:\/\/luovatagentit.fi\/sv\/wp-json\/wp\/v2\/types\/page"}],"author":[{"embeddable":true,"href":"https:\/\/luovatagentit.fi\/sv\/wp-json\/wp\/v2\/users\/1"}],"replies":[{"embeddable":true,"href":"https:\/\/luovatagentit.fi\/sv\/wp-json\/wp\/v2\/comments?post=100854"}],"version-history":[{"count":26,"href":"https:\/\/luovatagentit.fi\/sv\/wp-json\/wp\/v2\/pages\/100854\/revisions"}],"predecessor-version":[{"id":103818,"href":"https:\/\/luovatagentit.fi\/sv\/wp-json\/wp\/v2\/pages\/100854\/revisions\/103818"}],"wp:attachment":[{"href":"https:\/\/luovatagentit.fi\/sv\/wp-json\/wp\/v2\/media?parent=100854"}],"curies":[{"name":"wp","href":"https:\/\/api.w.org\/{rel}","templated":true}]}}