{"id":100935,"date":"2022-10-30T15:12:28","date_gmt":"2022-10-30T13:12:28","guid":{"rendered":"https:\/\/luovatagentit.fi\/?page_id=100935"},"modified":"2023-05-24T08:37:10","modified_gmt":"2023-05-24T05:37:10","slug":"animaatiot","status":"publish","type":"page","link":"https:\/\/luovatagentit.fi\/sv\/animaatiot\/","title":{"rendered":"Animationer"},"content":{"rendered":"\n[et_pb_section fb_built=&#8221;1&#8243; _builder_version=&#8221;4.20.2&#8243; _module_preset=&#8221;default&#8221; background_color=&#8221;rgba(255,255,255,0.4)&#8221; background_image=&#8221;https:\/\/luovatagentit.fi\/wp-content\/uploads\/2023\/02\/kristallli-1_beige.png&#8221; background_size=&#8221;initial&#8221; background_position=&#8221;top_left&#8221; background_blend=&#8221;overlay&#8221; z_index=&#8221;0&#8243; custom_padding=&#8221;120px||0px||false|false&#8221; custom_padding_tablet=&#8221;80px||0px||false|false&#8221; custom_padding_phone=&#8221;50px||0px||false|false&#8221; custom_css_main_element=&#8221;z-index: 0;&#8221; global_colors_info=&#8221;{}&#8221;][et_pb_row column_structure=&#8221;1_4,3_4&#8243; _builder_version=&#8221;4.20.2&#8243; _module_preset=&#8221;default&#8221; global_colors_info=&#8221;{}&#8221;][et_pb_column type=&#8221;1_4&#8243; disabled_on=&#8221;on|on|off&#8221; _builder_version=&#8221;4.18.0&#8243; _module_preset=&#8221;default&#8221; global_colors_info=&#8221;{}&#8221;][\/et_pb_column][et_pb_column type=&#8221;3_4&#8243; _builder_version=&#8221;4.18.0&#8243; _module_preset=&#8221;default&#8221; global_colors_info=&#8221;{}&#8221;][dsm_breadcrumbs home_text=&#8221;Etusivu&#8221; show_home_icon=&#8221;off&#8221; separator_icon=&#8221;&#x35;||divi||400&#8243; _builder_version=&#8221;4.20.4&#8243; _module_preset=&#8221;default&#8221; items_font=&#8221;|600||on|||||&#8221; items_font_size=&#8221;14px&#8221; items_letter_spacing=&#8221;1px&#8221; current_font=&#8221;|600||on|||||&#8221; current_text_color=&#8221;#197278&#8243; current_font_size=&#8221;14px&#8221; current_letter_spacing=&#8221;1px&#8221; items_font_size_tablet=&#8221;12px&#8221; items_font_size_phone=&#8221;10px&#8221; items_font_size_last_edited=&#8221;on|phone&#8221; current_font_size_tablet=&#8221;12px&#8221; current_font_size_phone=&#8221;10px&#8221; current_font_size_last_edited=&#8221;on|phone&#8221; global_module=&#8221;103251&#8243; saved_tabs=&#8221;all&#8221; global_colors_info=&#8221;{}&#8221;][\/dsm_breadcrumbs][et_pb_text content_tablet=&#8221;<h5>Animaatiot<\/h5>\n<h1>Selkeyt\u00e4 ja erotu animaatiolla<\/h1>\n<p>2D- &#038; 3D-animaatiot<\/p>&#8221; content_phone=&#8221;<h5>Animaatiot<\/h5>\n<h1>Selkeyt\u00e4 ja erotu animaatiolla<\/h1>\n<p>2D- &#038; 3D-animaatiot<\/p>&#8221; content_last_edited=&#8221;off|desktop&#8221; _builder_version=&#8221;4.20.4&#8243; _module_preset=&#8221;default&#8221; text_font=&#8221;Josefin Sans||on||||||&#8221; text_text_color=&#8221;#197278&#8243; max_width=&#8221;90%&#8221; max_width_tablet=&#8221;90%&#8221; max_width_phone=&#8221;100%&#8221; max_width_last_edited=&#8221;on|phone&#8221; custom_margin_tablet=&#8221;&#8221; custom_margin_phone=&#8221;&#8221; custom_margin_last_edited=&#8221;on|phone&#8221; text_text_color_tablet=&#8221;#C44536&#8243; text_text_color_phone=&#8221;#C44536&#8243; text_text_color_last_edited=&#8221;off|phone&#8221; global_colors_info=&#8221;{%22gcid-8c4df213-420b-4fa0-a471-54276bb0f0b2%22:%91%22text_text_color%22%93}&#8221;]<h1>Selkeyt\u00e4 ja erotu animaatiolla<\/h1>\n<p>2D- &amp; 3D-animaatiot<\/p>[\/et_pb_text][et_pb_text content_tablet=&#8221;<p>Animaatio on oivallinen tapa selkeytt\u00e4\u00e4 sanomaa. Animaatiot toimivat mainiosti silloin, kun et halua esiinty\u00e4 tai k\u00e4ytt\u00e4\u00e4 kuluneita kuvapankkikuvia, mutta haluat silti kertoa palveluistasi persoonallisella otteella.<\/p>&#8221; content_phone=&#8221;<p>Animaatio on oivallinen tapa selkeytt\u00e4\u00e4 sanomaa. Animaatiot toimivat mainiosti silloin, kun et halua esiinty\u00e4 tai k\u00e4ytt\u00e4\u00e4 kuluneita kuvapankkikuvia, mutta haluat silti kertoa palveluistasi persoonallisella otteella.<\/p>&#8221; content_last_edited=&#8221;on|phone&#8221; _builder_version=&#8221;4.18.0&#8243; _module_preset=&#8221;default&#8221; global_colors_info=&#8221;{}&#8221;]<p>Animaatio on oivallinen tapa selkeytt\u00e4\u00e4 sanomaa. Animaatiot toimivat mainiosti silloin, kun et halua esiinty\u00e4 tai k\u00e4ytt\u00e4\u00e4 kuluneita kuvapankkikuvia, mutta haluat silti kertoa palveluistasi persoonallisella otteella.<\/p>[\/et_pb_text][et_pb_text content_tablet=&#8221;<h2>2D-animaatiot<\/h2>&#8221; content_phone=&#8221;<h2>2D-animaatiot<\/h2>&#8221; content_last_edited=&#8221;on|phone&#8221; _builder_version=&#8221;4.18.0&#8243; _module_preset=&#8221;default&#8221;]<h2>2D-animaatiot<\/h2>[\/et_pb_text][et_pb_text content_tablet=&#8221;<p>Animaatio on k\u00e4yt\u00e4nn\u00f6ss\u00e4 liuta kuvia, jotka laitetaan per\u00e4kk\u00e4in. N\u00e4in ne antavat katsojalleen illuusion liikkeest\u00e4. Animaatiota k\u00e4ytet\u00e4\u00e4n t\u00e4n\u00e4 p\u00e4iv\u00e4n\u00e4 markkinoinnissa, viihdeteollisuudessa, mobiiliapplikaatioissa, oppimisen tukena ja erilaisissa simulaatioissa. Toimiva animaatio parantaa asiakkaan k\u00e4ytt\u00e4j\u00e4kokemusta.<\/p>&#8221; content_phone=&#8221;<p>Animaatio on k\u00e4yt\u00e4nn\u00f6ss\u00e4 liuta kuvia, jotka laitetaan per\u00e4kk\u00e4in. N\u00e4in ne antavat katsojalleen illuusion liikkeest\u00e4. Animaatiota k\u00e4ytet\u00e4\u00e4n t\u00e4n\u00e4 p\u00e4iv\u00e4n\u00e4 markkinoinnissa, viihdeteollisuudessa, mobiiliapplikaatioissa, oppimisen tukena ja erilaisissa simulaatioissa. Toimiva animaatio parantaa asiakkaan k\u00e4ytt\u00e4j\u00e4kokemusta.<\/p>&#8221; content_last_edited=&#8221;on|phone&#8221; _builder_version=&#8221;4.18.0&#8243; _module_preset=&#8221;default&#8221;]<p>Animaatio on k\u00e4yt\u00e4nn\u00f6ss\u00e4 liuta kuvia, jotka laitetaan per\u00e4kk\u00e4in. N\u00e4in ne antavat katsojalleen illuusion liikkeest\u00e4. Animaatiota k\u00e4ytet\u00e4\u00e4n t\u00e4n\u00e4 p\u00e4iv\u00e4n\u00e4 markkinoinnissa, viihdeteollisuudessa, mobiiliapplikaatioissa, oppimisen tukena ja erilaisissa simulaatioissa. Toimiva animaatio parantaa asiakkaan k\u00e4ytt\u00e4j\u00e4kokemusta.<\/p>[\/et_pb_text][et_pb_text content_tablet=&#8221;<h2>3D-animaatiot<\/h2>&#8221; content_phone=&#8221;<h2>3D-animaatiot<\/h2>&#8221; content_last_edited=&#8221;on|phone&#8221; _builder_version=&#8221;4.18.0&#8243; _module_preset=&#8221;default&#8221;]<h2>3D-animaatiot<\/h2>[\/et_pb_text][et_pb_text quote_border_weight=&#8221;0px&#8221; _builder_version=&#8221;4.18.0&#8243; _module_preset=&#8221;default&#8221; quote_font=&#8221;Lora||||||||&#8221;]<p>3D eli kolmiulotteinen animaatio vaatii usein mallinnusta sek\u00e4 valojen ja varjojen hallintaa. Kun yksi laajempi 3D-kokonaisuus on luotu, voidaan siit\u00e4 toteuttaa mm. videota ja kuvia eri perspektiiveist\u00e4.<\/p>[\/et_pb_text][et_pb_text _builder_version=&#8221;4.18.0&#8243; _module_preset=&#8221;default&#8221;]<h2>Liikegrafiikka<\/h2>[\/et_pb_text][et_pb_text quote_border_weight=&#8221;0px&#8221; _builder_version=&#8221;4.18.0&#8243; _module_preset=&#8221;default&#8221; quote_font=&#8221;Lora||||||||&#8221;]<p>Liikegrafiikkaa k\u00e4ytet\u00e4\u00e4n usein selkeytt\u00e4m\u00e4\u00e4n hankalia asioita, joita muuten olisi vaikea selitt\u00e4\u00e4 pelk\u00e4n videokuvan avulla. Yhdess\u00e4 videon tai animaation kanssa liikegrafiikka luo katsojalleen helposti ymm\u00e4rrett\u00e4v\u00e4n kokonaisuuden.<\/p>[\/et_pb_text][\/et_pb_column][\/et_pb_row][et_pb_row column_structure=&#8221;1_4,3_4&#8243; _builder_version=&#8221;4.20.2&#8243; _module_preset=&#8221;default&#8221; global_colors_info=&#8221;{}&#8221;][et_pb_column type=&#8221;1_4&#8243; _builder_version=&#8221;4.20.2&#8243; _module_preset=&#8221;default&#8221; custom_padding=&#8221;||||false|false&#8221; global_colors_info=&#8221;{}&#8221;][et_pb_image src=&#8221;https:\/\/luovatagentit.fi\/wp-content\/uploads\/revslider\/slider-1\/ninja.png&#8221; alt=&#8221;Piirretty kuva luovien agenttien Ninja Renvallista tabletti ja kyn\u00e4 k\u00e4dess\u00e4&#8221; title_text=&#8221;ninja.png&#8221; disabled_on=&#8221;on|on|off&#8221; _builder_version=&#8221;4.20.4&#8243; _module_preset=&#8221;default&#8221; position_origin_a=&#8221;bottom_center&#8221; custom_margin=&#8221;||0px||false|false&#8221; custom_padding=&#8221;||0px||false|false&#8221; sticky_position=&#8221;bottom&#8221; sticky_limit_top=&#8221;body&#8221; motion_trigger_start=&#8221;top&#8221; hover_enabled=&#8221;0&#8243; global_colors_info=&#8221;{}&#8221; sticky_enabled=&#8221;0&#8243;][\/et_pb_image][\/et_pb_column][et_pb_column type=&#8221;3_4&#8243; _builder_version=&#8221;4.20.2&#8243; _module_preset=&#8221;default&#8221; global_colors_info=&#8221;{}&#8221;][et_pb_text quote_border_color=&#8221;#ffe5d3&#8243; module_class=&#8221; &#8221; _builder_version=&#8221;4.20.4&#8243; _module_preset=&#8221;default&#8221; text_font=&#8221;Lora||on||||||&#8221; custom_margin=&#8221;200px||120px||false|false&#8221; custom_margin_tablet=&#8221;80px||40px||false|false&#8221; custom_margin_phone=&#8221;80px||40px||false|false&#8221; custom_margin_last_edited=&#8221;on|tablet&#8221; border_color_all=&#8221;#E4E0D6&#8243; global_colors_info=&#8221;{}&#8221;]<blockquote>\n<p style=\"text-align: left;\">Olemme toteuttaneet asiakkaillemme animaatiokokonaisuuksia heid\u00e4n omalla graafisella ilmeell\u00e4\u00e4n, ja suunnitelleet animaatioita my\u00f6s t\u00e4ysin alusta asti niin vektorigrafiikkana kuin rasterigrafiikkana.<\/p>\n<p style=\"text-align: left;\">Tutustu hinnastoon ja esit\u00e4 meille budjettisi. Monesti olemme kyenneet toteuttaa animaatiota asiakkaan budjettiin sovittaen.<\/p>\n<\/blockquote>[\/et_pb_text][\/et_pb_column][\/et_pb_row][et_pb_row disabled_on=&#8221;off|off|on&#8221; _builder_version=&#8221;4.20.2&#8243; _module_preset=&#8221;default&#8221; width=&#8221;98%&#8221; width_last_edited=&#8221;off|desktop&#8221; custom_margin=&#8221;50px||||false|false&#8221; global_colors_info=&#8221;{}&#8221;][et_pb_column type=&#8221;4_4&#8243; _builder_version=&#8221;4.20.2&#8243; _module_preset=&#8221;default&#8221; global_colors_info=&#8221;{}&#8221;][et_pb_image src=&#8221;https:\/\/luovatagentit.fi\/wp-content\/uploads\/2023\/03\/LATOverkostoa.png&#8221; alt=&#8221;Erilaisia luovia agentteja riviss\u00e4. Valokuvaajia, dronelent\u00e4ji\u00e4, kirjoittajia, web-kehitt\u00e4ji\u00e4, hakukoneoptimoinnin osaajia ja muita luovia agentteja&#8221; title_text=&#8221;LATOverkostoa&#8221; align=&#8221;center&#8221; _builder_version=&#8221;4.20.2&#8243; _module_preset=&#8221;default&#8221; global_colors_info=&#8221;{}&#8221;][\/et_pb_image][\/et_pb_column][\/et_pb_row][\/et_pb_section]\n","protected":false},"excerpt":{"rendered":"<p><div class=\"et_pb_module dsm_breadcrumbs dsm_breadcrumbs_0\">\n\t\t\t\t\n\t\t\t\t\n\t\t\t\t\n\t\t\t\t\n\t\t\t\t\n\t\t\t\t\n\t\t\t\t<div class=\"et_pb_module_inner\">\n\t\t\t\t\t<nav class=\"dsm_breadcrumbs_wrap\" role=\"navigation\" itemscope=\"\" itemtype=\"http:\/\/schema.org\/SiteNavigationElement\">\n\t\t\t\t<ul class=\"dsm_breadcrumbs\">\n\t\t\t<li class='dsm_breadcrumbs_item dsm_home_item dsm_home_item_custom'>\n\t\t\t\t<a href=\"https:\/\/luovatagentit.fi\/sv\" itemprop=\"url\">\n\t\t\t\t\t<span class='dsm_home_text_wrapper'>\n\t\t\t\t\t\t\t\t\t\t\t\t\t<span class=\"dsm_home_text\" itemprop=\"name\">\n\t\t\t\t\t\t\t\tEtusivu\t\t\t\t\t\t\t<\/span>\n\t\t\t\t\t<\/span>\n\t\t\t\t<\/a>\n\t\t\t<\/li>\n\n\t\t<li class=\"dsm_breadcrumbs_separator\"> <span class=\"et-pb-icon dsm_separator_icon\">&#x35;<\/span><\/li><\/ul>\n\t\t\t<\/nav>\n\t\t\t\t<\/div>\n\t\t\t<\/div>Selkeyt\u00e4 ja erotu animaatiolla 2D- &amp; 3D-animaatiotAnimaatio on oivallinen tapa selkeytt\u00e4\u00e4 sanomaa. Animaatiot toimivat mainiosti silloin, kun et halua esiinty\u00e4 tai k\u00e4ytt\u00e4\u00e4 kuluneita kuvapankkikuvia, mutta haluat silti kertoa palveluistasi persoonallisella otteella.2D-animaatiotAnimaatio on k\u00e4yt\u00e4nn\u00f6ss\u00e4 liuta [&hellip;]<\/p>\n","protected":false},"author":1,"featured_media":0,"parent":0,"menu_order":0,"comment_status":"closed","ping_status":"closed","template":"","meta":{"_et_pb_use_builder":"on","_et_pb_old_content":"","_et_gb_content_width":"","_monsterinsights_skip_tracking":false,"_monsterinsights_sitenote_active":false,"_monsterinsights_sitenote_note":"","_monsterinsights_sitenote_category":0,"footnotes":""},"class_list":["post-100935","page","type-page","status-publish","hentry"],"_links":{"self":[{"href":"https:\/\/luovatagentit.fi\/sv\/wp-json\/wp\/v2\/pages\/100935","targetHints":{"allow":["GET"]}}],"collection":[{"href":"https:\/\/luovatagentit.fi\/sv\/wp-json\/wp\/v2\/pages"}],"about":[{"href":"https:\/\/luovatagentit.fi\/sv\/wp-json\/wp\/v2\/types\/page"}],"author":[{"embeddable":true,"href":"https:\/\/luovatagentit.fi\/sv\/wp-json\/wp\/v2\/users\/1"}],"replies":[{"embeddable":true,"href":"https:\/\/luovatagentit.fi\/sv\/wp-json\/wp\/v2\/comments?post=100935"}],"version-history":[{"count":55,"href":"https:\/\/luovatagentit.fi\/sv\/wp-json\/wp\/v2\/pages\/100935\/revisions"}],"predecessor-version":[{"id":103811,"href":"https:\/\/luovatagentit.fi\/sv\/wp-json\/wp\/v2\/pages\/100935\/revisions\/103811"}],"wp:attachment":[{"href":"https:\/\/luovatagentit.fi\/sv\/wp-json\/wp\/v2\/media?parent=100935"}],"curies":[{"name":"wp","href":"https:\/\/api.w.org\/{rel}","templated":true}]}}