{"id":100955,"date":"2022-10-30T16:20:22","date_gmt":"2022-10-30T14:20:22","guid":{"rendered":"https:\/\/luovatagentit.fi\/?page_id=100955"},"modified":"2023-05-24T08:45:12","modified_gmt":"2023-05-24T05:45:12","slug":"verkkosivut","status":"publish","type":"page","link":"https:\/\/luovatagentit.fi\/sv\/verkkosivut\/","title":{"rendered":"Hemsidor"},"content":{"rendered":"\n[et_pb_section fb_built=&#8221;1&#8243; _builder_version=&#8221;4.20.2&#8243; _module_preset=&#8221;default&#8221; background_color=&#8221;rgba(255,255,255,0.4)&#8221; background_image=&#8221;https:\/\/luovatagentit.fi\/wp-content\/uploads\/2023\/02\/kristallli-1_beige.png&#8221; background_size=&#8221;initial&#8221; background_position=&#8221;top_left&#8221; background_blend=&#8221;overlay&#8221; custom_padding=&#8221;120px||0px||false|false&#8221; custom_padding_tablet=&#8221;80px||0px||false|false&#8221; custom_padding_phone=&#8221;50px||0px||false|false&#8221; custom_css_main_element=&#8221;z-index: 0;&#8221; global_colors_info=&#8221;{}&#8221;][et_pb_row column_structure=&#8221;1_4,3_4&#8243; _builder_version=&#8221;4.18.0&#8243; _module_preset=&#8221;default&#8221; global_colors_info=&#8221;{}&#8221;][et_pb_column type=&#8221;1_4&#8243; disabled_on=&#8221;on|on|off&#8221; _builder_version=&#8221;4.18.0&#8243; _module_preset=&#8221;default&#8221; global_colors_info=&#8221;{}&#8221;][\/et_pb_column][et_pb_column type=&#8221;3_4&#8243; _builder_version=&#8221;4.18.0&#8243; _module_preset=&#8221;default&#8221; global_colors_info=&#8221;{}&#8221;][dsm_breadcrumbs home_text=&#8221;Etusivu&#8221; show_home_icon=&#8221;off&#8221; separator_icon=&#8221;&#x35;||divi||400&#8243; _builder_version=&#8221;4.20.4&#8243; _module_preset=&#8221;default&#8221; items_font=&#8221;|600||on|||||&#8221; items_font_size=&#8221;14px&#8221; items_letter_spacing=&#8221;1px&#8221; current_font=&#8221;|600||on|||||&#8221; current_text_color=&#8221;#197278&#8243; current_font_size=&#8221;14px&#8221; current_letter_spacing=&#8221;1px&#8221; items_font_size_tablet=&#8221;12px&#8221; items_font_size_phone=&#8221;10px&#8221; items_font_size_last_edited=&#8221;on|phone&#8221; current_font_size_tablet=&#8221;12px&#8221; current_font_size_phone=&#8221;10px&#8221; current_font_size_last_edited=&#8221;on|phone&#8221; global_module=&#8221;103251&#8243; global_colors_info=&#8221;{}&#8221;][\/dsm_breadcrumbs][et_pb_text _builder_version=&#8221;4.20.4&#8243; _module_preset=&#8221;default&#8221; text_font=&#8221;Josefin Sans||on||||||&#8221; text_text_color=&#8221;#197278&#8243; max_width=&#8221;90%&#8221; max_width_tablet=&#8221;90%&#8221; max_width_phone=&#8221;100%&#8221; max_width_last_edited=&#8221;on|phone&#8221; custom_margin_tablet=&#8221;&#8221; custom_margin_phone=&#8221;&#8221; custom_margin_last_edited=&#8221;on|phone&#8221; global_colors_info=&#8221;{%22gcid-8c4df213-420b-4fa0-a471-54276bb0f0b2%22:%91%22text_text_color%22%93}&#8221;]<h1>Verkkosivut yrityksellesi<\/h1>\n<p>Hei! L\u00f6ysit oikeat tekij\u00e4t.<\/p>[\/et_pb_text][et_pb_text _builder_version=&#8221;4.18.0&#8243; _module_preset=&#8221;default&#8221;]<p>Teemme verkkosivut vahvistamaan br\u00e4ndi\u00e4si ja tukemaan liiketoimintasi tavoitteita. Vaikka et p\u00e4\u00e4tyisik\u00e4\u00e4n meihin, haluamme antaa sinulle kriteerilistan, joka auttaa sinua valitsemaan verkkosivutoteuttajista parhaat. Ole hyv\u00e4!<\/p>[\/et_pb_text][et_pb_blurb use_icon=&#8221;on&#8221; font_icon=&#8221;&#xf00c;||fa||900&#8243; _builder_version=&#8221;4.18.0&#8243; _module_preset=&#8221;_initial&#8221; global_colors_info=&#8221;{}&#8221;]<h3>K\u00e4ytt\u00e4j\u00e4yst\u00e4v\u00e4llisyys<\/h3>\n<p>Sivujen kuuluu olla helppok\u00e4ytt\u00f6iset ja selke\u00e4t \u2013 k\u00e4ytt\u00e4j\u00e4n tulisi l\u00f6yt\u00e4\u00e4 niist\u00e4 tarvitsemansa tieto nopeasti.<\/p>[\/et_pb_blurb][et_pb_blurb use_icon=&#8221;on&#8221; font_icon=&#8221;&#xf00c;||fa||900&#8243; _builder_version=&#8221;4.18.0&#8243; _module_preset=&#8221;_initial&#8221; global_colors_info=&#8221;{}&#8221;]<h3>Hakukoneoptimoitu<\/h3>\n<p>Verkkosivujen sis\u00e4lt\u00f6 tulee suunnitella asiakasl\u00e4ht\u00f6isesti ja hakukoneiden kannalta oikealla tavalla.<\/p>[\/et_pb_blurb][et_pb_blurb use_icon=&#8221;on&#8221; font_icon=&#8221;&#xf00c;||fa||900&#8243; _builder_version=&#8221;4.18.0&#8243; _module_preset=&#8221;_initial&#8221; global_colors_info=&#8221;{}&#8221;]<h3>Ulkoasu<\/h3>\n<p>Sivujen ulkoasun teht\u00e4v\u00e4n\u00e4 on tukea asia- ja kuvasis\u00e4lt\u00f6\u00e4, johtaa asiakasta kohti tavoitteita ja vahvistaa yrityksen br\u00e4ndi\u00e4.<\/p>[\/et_pb_blurb][et_pb_blurb use_icon=&#8221;on&#8221; font_icon=&#8221;&#xf00c;||fa||900&#8243; _builder_version=&#8221;4.18.0&#8243; _module_preset=&#8221;_initial&#8221; global_colors_info=&#8221;{}&#8221;]<h3>Responsiivisuus<\/h3>\n<p>Sivujen t\u00e4ytyy olla responsiiviset eli niiden on toimittava oikein niin tabletilla, puhelimella kuin tietokoneen n\u00e4yt\u00f6ll\u00e4.<\/p>[\/et_pb_blurb][et_pb_text _builder_version=&#8221;4.20.2&#8243; _module_preset=&#8221;default&#8221; global_colors_info=&#8221;{}&#8221;]<p>Verkkosivujen p\u00e4\u00e4asiallinen teht\u00e4v\u00e4 on antaa tietoa yrityksest\u00e4si asiakkaillesi.<\/p>\n<p>On hyv\u00e4 vertailla tekij\u00f6it\u00e4 ja katsoa tarjouksista parhaat.<br \/>Muista kuitenkin investoida, koska kunnolla tehdyt kotisivut maksavat itsens\u00e4 moninkertaisesti takaisin.<\/p>\n<p>Olemme toteuttaneet asiakkaillemme jo useita verkkosivuja. Tekem\u00e4mme verkkosivut ovat auttaneet asiakkaitamme erottumaan sopivan persoonallisella otteella ja tuoneet heille lis\u00e4\u00e4 asiakassuhteita.<\/p>\n<p>Toteutamme asiakkaillemme my\u00f6s verkkokauppoja.<\/p>[\/et_pb_text][\/et_pb_column][\/et_pb_row][et_pb_row column_structure=&#8221;1_4,3_4&#8243; _builder_version=&#8221;4.20.2&#8243; _module_preset=&#8221;default&#8221; global_colors_info=&#8221;{}&#8221;][et_pb_column type=&#8221;1_4&#8243; _builder_version=&#8221;4.20.2&#8243; _module_preset=&#8221;default&#8221; global_colors_info=&#8221;{}&#8221;][et_pb_image src=&#8221;https:\/\/luovatagentit.fi\/wp-content\/uploads\/revslider\/slider-1\/11@4x.png&#8221; alt=&#8221;Piirretty kuva luovien agenttien Heidi Uskaure:sta jolla k\u00e4det puuskassa ja p\u00e4\u00e4tt\u00e4v\u00e4inen ilme&#8221; title_text=&#8221;11@4x.png&#8221; disabled_on=&#8221;on|on|off&#8221; _builder_version=&#8221;4.20.4&#8243; _module_preset=&#8221;default&#8221; position_origin_a=&#8221;bottom_center&#8221; custom_margin=&#8221;||0px||false|false&#8221; custom_padding=&#8221;||0px||false|false&#8221; sticky_position=&#8221;bottom&#8221; sticky_limit_top=&#8221;body&#8221; motion_trigger_start=&#8221;top&#8221; hover_enabled=&#8221;0&#8243; global_colors_info=&#8221;{}&#8221; sticky_enabled=&#8221;0&#8243;][\/et_pb_image][\/et_pb_column][et_pb_column type=&#8221;3_4&#8243; _builder_version=&#8221;4.20.2&#8243; _module_preset=&#8221;default&#8221; global_colors_info=&#8221;{}&#8221;][et_pb_text _builder_version=&#8221;4.20.4&#8243; _module_preset=&#8221;default&#8221; custom_padding=&#8221;40px||||false|false&#8221;]<h2>Palauteboksi<\/h2>[\/et_pb_text][et_pb_testimonial author=&#8221;Mira Huhta, Hevostoiminta Laukki&#8221; job_title=&#8221;Yritt\u00e4j\u00e4, sosiaalipedagoginen hevostoimintaohjaaja&#8221; portrait_url=&#8221;https:\/\/luovatagentit.fi\/wp-content\/uploads\/2022\/10\/mira2-70&#215;70-1.jpg&#8221; _builder_version=&#8221;4.20.4&#8243; _module_preset=&#8221;default&#8221; background_enable_color=&#8221;on&#8221; max_width=&#8221;800px&#8221; module_alignment=&#8221;center&#8221; custom_margin=&#8221;20px||40px||false|false&#8221; global_colors_info=&#8221;{}&#8221;]<p>Kotisivujen tekoprosessi meni tosi sujuvasti! Sain esitt\u00e4\u00e4 omat toiveeni ja Pieni Idea osasi poimia sielt\u00e4 olennaisen sek\u00e4 toteuttaa toiveet k\u00e4yt\u00e4nn\u00f6ss\u00e4. Sain kotisivujen yksityiskohtiin monia hyvi\u00e4 vinkkej\u00e4, joita en itse olisi tullut ajatelleeksi. Olen my\u00f6s j\u00e4lkeenp\u00e4in saanut tosi nopeasti apua teknisiin pulmakohtiin kotisivujen p\u00e4ivitt\u00e4miseen liittyen.<\/p>[\/et_pb_testimonial][\/et_pb_column][\/et_pb_row][et_pb_row _builder_version=&#8221;4.20.2&#8243; _module_preset=&#8221;default&#8221; global_colors_info=&#8221;{}&#8221;][et_pb_column type=&#8221;4_4&#8243; _builder_version=&#8221;4.20.2&#8243; _module_preset=&#8221;default&#8221; global_colors_info=&#8221;{}&#8221;][et_pb_image src=&#8221;https:\/\/luovatagentit.fi\/wp-content\/uploads\/2023\/03\/LATOverkostoa.png&#8221; alt=&#8221;Erilaisia luovia agentteja riviss\u00e4. Valokuvaajia, dronelent\u00e4ji\u00e4, kirjoittajia, web-kehitt\u00e4ji\u00e4, hakukoneoptimoinnin osaajia ja muita luovia agentteja&#8221; title_text=&#8221;LATOverkostoa&#8221; align=&#8221;center&#8221; disabled_on=&#8221;off|off|on&#8221; _builder_version=&#8221;4.20.2&#8243; _module_preset=&#8221;default&#8221; global_colors_info=&#8221;{}&#8221;][\/et_pb_image][\/et_pb_column][\/et_pb_row][\/et_pb_section]\n","protected":false},"excerpt":{"rendered":"<p><div class=\"et_pb_module dsm_breadcrumbs dsm_breadcrumbs_0\">\n\t\t\t\t\n\t\t\t\t\n\t\t\t\t\n\t\t\t\t\n\t\t\t\t\n\t\t\t\t\n\t\t\t\t<div class=\"et_pb_module_inner\">\n\t\t\t\t\t<nav class=\"dsm_breadcrumbs_wrap\" role=\"navigation\" itemscope=\"\" itemtype=\"http:\/\/schema.org\/SiteNavigationElement\">\n\t\t\t\t<ul class=\"dsm_breadcrumbs\">\n\t\t\t<li class='dsm_breadcrumbs_item dsm_home_item dsm_home_item_custom'>\n\t\t\t\t<a href=\"https:\/\/luovatagentit.fi\/sv\" itemprop=\"url\">\n\t\t\t\t\t<span class='dsm_home_text_wrapper'>\n\t\t\t\t\t\t\t\t\t\t\t\t\t<span class=\"dsm_home_text\" itemprop=\"name\">\n\t\t\t\t\t\t\t\tEtusivu\t\t\t\t\t\t\t<\/span>\n\t\t\t\t\t<\/span>\n\t\t\t\t<\/a>\n\t\t\t<\/li>\n\n\t\t<li class=\"dsm_breadcrumbs_separator\"> <span class=\"et-pb-icon dsm_separator_icon\">&#x35;<\/span><\/li><\/ul>\n\t\t\t<\/nav>\n\t\t\t\t<\/div>\n\t\t\t<\/div>Verkkosivut yrityksellesi Hei! L\u00f6ysit oikeat tekij\u00e4t.Teemme verkkosivut vahvistamaan br\u00e4ndi\u00e4si ja tukemaan liiketoimintasi tavoitteita. Vaikka et p\u00e4\u00e4tyisik\u00e4\u00e4n meihin, haluamme antaa sinulle kriteerilistan, joka auttaa sinua valitsemaan verkkosivutoteuttajista parhaat. Ole hyv\u00e4!K\u00e4ytt\u00e4j\u00e4yst\u00e4v\u00e4llisyys Sivujen kuuluu olla helppok\u00e4ytt\u00f6iset ja selke\u00e4t [&hellip;]<\/p>\n","protected":false},"author":1,"featured_media":0,"parent":0,"menu_order":0,"comment_status":"closed","ping_status":"closed","template":"","meta":{"_et_pb_use_builder":"on","_et_pb_old_content":"","_et_gb_content_width":"","_monsterinsights_skip_tracking":false,"_monsterinsights_sitenote_active":false,"_monsterinsights_sitenote_note":"","_monsterinsights_sitenote_category":0,"footnotes":""},"class_list":["post-100955","page","type-page","status-publish","hentry"],"_links":{"self":[{"href":"https:\/\/luovatagentit.fi\/sv\/wp-json\/wp\/v2\/pages\/100955","targetHints":{"allow":["GET"]}}],"collection":[{"href":"https:\/\/luovatagentit.fi\/sv\/wp-json\/wp\/v2\/pages"}],"about":[{"href":"https:\/\/luovatagentit.fi\/sv\/wp-json\/wp\/v2\/types\/page"}],"author":[{"embeddable":true,"href":"https:\/\/luovatagentit.fi\/sv\/wp-json\/wp\/v2\/users\/1"}],"replies":[{"embeddable":true,"href":"https:\/\/luovatagentit.fi\/sv\/wp-json\/wp\/v2\/comments?post=100955"}],"version-history":[{"count":24,"href":"https:\/\/luovatagentit.fi\/sv\/wp-json\/wp\/v2\/pages\/100955\/revisions"}],"predecessor-version":[{"id":103812,"href":"https:\/\/luovatagentit.fi\/sv\/wp-json\/wp\/v2\/pages\/100955\/revisions\/103812"}],"wp:attachment":[{"href":"https:\/\/luovatagentit.fi\/sv\/wp-json\/wp\/v2\/media?parent=100955"}],"curies":[{"name":"wp","href":"https:\/\/api.w.org\/{rel}","templated":true}]}}