{"id":100970,"date":"2022-10-30T17:05:32","date_gmt":"2022-10-30T15:05:32","guid":{"rendered":"https:\/\/luovatagentit.fi\/?page_id=100970"},"modified":"2023-05-24T08:57:07","modified_gmt":"2023-05-24T05:57:07","slug":"verkkokaupat","status":"publish","type":"page","link":"https:\/\/luovatagentit.fi\/sv\/verkkokaupat\/","title":{"rendered":"Webshop"},"content":{"rendered":"\n[et_pb_section fb_built=&#8221;1&#8243; _builder_version=&#8221;4.20.2&#8243; _module_preset=&#8221;default&#8221; background_color=&#8221;rgba(255,255,255,0.4)&#8221; background_image=&#8221;https:\/\/luovatagentit.fi\/wp-content\/uploads\/2023\/02\/kristallli-1_beige.png&#8221; background_size=&#8221;initial&#8221; background_position=&#8221;top_left&#8221; background_blend=&#8221;overlay&#8221; custom_padding=&#8221;120px||0px||false|false&#8221; custom_padding_tablet=&#8221;80px||0px||false|false&#8221; custom_padding_phone=&#8221;50px||0px||false|false&#8221; custom_css_main_element=&#8221;z-index: 0;&#8221; global_colors_info=&#8221;{}&#8221;][et_pb_row column_structure=&#8221;1_4,3_4&#8243; _builder_version=&#8221;4.18.0&#8243; _module_preset=&#8221;default&#8221; global_colors_info=&#8221;{}&#8221;][et_pb_column type=&#8221;1_4&#8243; disabled_on=&#8221;on|on|off&#8221; _builder_version=&#8221;4.18.0&#8243; _module_preset=&#8221;default&#8221; global_colors_info=&#8221;{}&#8221;][\/et_pb_column][et_pb_column type=&#8221;3_4&#8243; _builder_version=&#8221;4.18.0&#8243; _module_preset=&#8221;default&#8221; global_colors_info=&#8221;{}&#8221;][dsm_breadcrumbs home_text=&#8221;Etusivu&#8221; show_home_icon=&#8221;off&#8221; separator_icon=&#8221;&#x35;||divi||400&#8243; _builder_version=&#8221;4.20.4&#8243; _module_preset=&#8221;default&#8221; items_font=&#8221;|600||on|||||&#8221; items_font_size=&#8221;14px&#8221; items_letter_spacing=&#8221;1px&#8221; current_font=&#8221;|600||on|||||&#8221; current_text_color=&#8221;#197278&#8243; current_font_size=&#8221;14px&#8221; current_letter_spacing=&#8221;1px&#8221; items_font_size_tablet=&#8221;12px&#8221; items_font_size_phone=&#8221;10px&#8221; items_font_size_last_edited=&#8221;on|phone&#8221; current_font_size_tablet=&#8221;12px&#8221; current_font_size_phone=&#8221;10px&#8221; current_font_size_last_edited=&#8221;on|phone&#8221; global_module=&#8221;103251&#8243; global_colors_info=&#8221;{}&#8221;][\/dsm_breadcrumbs][et_pb_text _builder_version=&#8221;4.20.4&#8243; _module_preset=&#8221;default&#8221; text_font=&#8221;Josefin Sans||on||||||&#8221; text_text_color=&#8221;#197278&#8243; max_width=&#8221;90%&#8221; max_width_tablet=&#8221;90%&#8221; max_width_phone=&#8221;100%&#8221; max_width_last_edited=&#8221;on|phone&#8221; custom_margin_tablet=&#8221;&#8221; custom_margin_phone=&#8221;&#8221; custom_margin_last_edited=&#8221;on|phone&#8221; global_colors_info=&#8221;{%22gcid-8c4df213-420b-4fa0-a471-54276bb0f0b2%22:%91%22text_text_color%22%93}&#8221;]<h1>Menestyv\u00e4 verkkokauppa<\/h1>\n<p>WordPress x WooCommerce<\/p>[\/et_pb_text][et_pb_text _builder_version=&#8221;4.18.0&#8243; _module_preset=&#8221;default&#8221;]<p>Verkkokaupan avulla laajennat yrityksesi tuotteiden tai palveluiden myynnin mihin p\u00e4in maailmaa tahansa. Autamme sinua suunnittelemaan yksinkertaiset ja loogiset asiakaspolut, joita pitkin ostamisen kynnyst\u00e4 suhteessa loppuasiakkaaseen voidaan madaltaa. Verkkokauppa tekee ostamisesta helppoa ja houkuttelevaa \u2013 me tahdomme l\u00f6yt\u00e4\u00e4 parhaan ratkaisun kunkin asiakkaamme liiketoiminnan tarpeisiin!<\/p>[\/et_pb_text][et_pb_text _builder_version=&#8221;4.20.2&#8243; _module_preset=&#8221;default&#8221;]<h2>Onko verkkokauppaa vaikea k\u00e4ytt\u00e4\u00e4?<\/h2>[\/et_pb_text][et_pb_text _builder_version=&#8221;4.18.0&#8243; _module_preset=&#8221;default&#8221;]<p>Ei lainkaan! Rakennamme asiakkaidemme verkkokaupoista hyvin k\u00e4ytt\u00e4j\u00e4yst\u00e4v\u00e4llisi\u00e4, jotta ne tukevat heid\u00e4n liiketoimintaansa mahdollisimman hyvin arjessa. Toteuttamamme verkkokauppamme ovat laajennettavissa, ja asiakkaamme on helppo lis\u00e4t\u00e4 sinne tuotteita itse myyntiin. Verkkokaupan yll\u00e4pito ja p\u00e4ivitys onnistuvat tarvittaessa ketter\u00e4sti kauttamme.<\/p>[\/et_pb_text][\/et_pb_column][\/et_pb_row][et_pb_row column_structure=&#8221;1_4,3_4&#8243; _builder_version=&#8221;4.20.2&#8243; _module_preset=&#8221;default&#8221; global_colors_info=&#8221;{}&#8221;][et_pb_column type=&#8221;1_4&#8243; _builder_version=&#8221;4.20.2&#8243; _module_preset=&#8221;default&#8221; global_colors_info=&#8221;{}&#8221;][et_pb_image src=&#8221;https:\/\/luovatagentit.fi\/wp-content\/uploads\/revslider\/slider-1\/katja1.png&#8221; alt=&#8221;Piirretty kuva luovien agenttien Katjasta paperia ja kyn\u00e4 k\u00e4siss\u00e4&#8221; title_text=&#8221;katja1.png&#8221; disabled_on=&#8221;on|on|off&#8221; _builder_version=&#8221;4.20.4&#8243; _module_preset=&#8221;default&#8221; position_origin_a=&#8221;bottom_center&#8221; custom_margin=&#8221;||0px||false|false&#8221; custom_padding=&#8221;||0px||false|false&#8221; sticky_position=&#8221;bottom&#8221; sticky_limit_top=&#8221;body&#8221; motion_trigger_start=&#8221;top&#8221; hover_enabled=&#8221;0&#8243; global_colors_info=&#8221;{}&#8221; sticky_enabled=&#8221;0&#8243;][\/et_pb_image][\/et_pb_column][et_pb_column type=&#8221;3_4&#8243; _builder_version=&#8221;4.20.2&#8243; _module_preset=&#8221;default&#8221; global_colors_info=&#8221;{}&#8221;][et_pb_text _builder_version=&#8221;4.20.4&#8243; _module_preset=&#8221;default&#8221; custom_padding=&#8221;40px||||false|false&#8221;]<h2>Millaisia verkkokauppoja voidaan toteuttaa?<\/h2>[\/et_pb_text][et_pb_text _builder_version=&#8221;4.18.0&#8243; _module_preset=&#8221;default&#8221;]<p>Verkkokaupoissa voidaan myyd\u00e4 fyysisi\u00e4 ja digitaalisia tuotteita, varauksia ja palveluita. My\u00f6s erilaiset kurssikaupat onnistuvat kauttamme. Integroimalla verkkokauppaan maksuj\u00e4rjestelm\u00e4 ja luomalla sujuva ja looginen asiakaspolku, tehd\u00e4\u00e4n ostamisesta asiakkaalle helppoa. Hy\u00f6dynt\u00e4m\u00e4ll\u00e4 mahdollisia markkinoinnin automatisaatioita verkkokaupassa, voidaan konversiota kasvattaa entisest\u00e4\u00e4n. Tarvittaessa j\u00e4lleenmyyjille voidaan rakentaa oma osio, johon saadaan ketter\u00e4sti k\u00e4ytett\u00e4v\u00e4ksi erilaiset hinta- ja tuotevariaatiot.<\/p>\n<p>Ota rohkeasti yhteytt\u00e4, kerro verkkokauppatarpeistasi \u2013 katsotaan, kuinka parhaiten voimme hy\u00f6dynt\u00e4\u00e4 erilaisia verkkokaupan mahdollisuuksia juuri sinun toiminnassasi.<\/p>[\/et_pb_text][\/et_pb_column][\/et_pb_row][et_pb_row _builder_version=&#8221;4.20.2&#8243; _module_preset=&#8221;default&#8221; global_colors_info=&#8221;{}&#8221;][et_pb_column type=&#8221;4_4&#8243; _builder_version=&#8221;4.20.2&#8243; _module_preset=&#8221;default&#8221; global_colors_info=&#8221;{}&#8221;][et_pb_image src=&#8221;https:\/\/luovatagentit.fi\/wp-content\/uploads\/2023\/03\/LATOverkostoa.png&#8221; alt=&#8221;Erilaisia luovia agentteja riviss\u00e4. Valokuvaajia, dronelent\u00e4ji\u00e4, kirjoittajia, web-kehitt\u00e4ji\u00e4, hakukoneoptimoinnin osaajia ja muita luovia agentteja&#8221; title_text=&#8221;LATOverkostoa&#8221; align=&#8221;center&#8221; disabled_on=&#8221;off|off|on&#8221; _builder_version=&#8221;4.20.2&#8243; _module_preset=&#8221;default&#8221; custom_padding=&#8221;50px||||false|false&#8221; global_colors_info=&#8221;{}&#8221;][\/et_pb_image][\/et_pb_column][\/et_pb_row][\/et_pb_section]\n","protected":false},"excerpt":{"rendered":"<p><div class=\"et_pb_module dsm_breadcrumbs dsm_breadcrumbs_0\">\n\t\t\t\t\n\t\t\t\t\n\t\t\t\t\n\t\t\t\t\n\t\t\t\t\n\t\t\t\t\n\t\t\t\t<div class=\"et_pb_module_inner\">\n\t\t\t\t\t<nav class=\"dsm_breadcrumbs_wrap\" role=\"navigation\" itemscope=\"\" itemtype=\"http:\/\/schema.org\/SiteNavigationElement\">\n\t\t\t\t<ul class=\"dsm_breadcrumbs\">\n\t\t\t<li class='dsm_breadcrumbs_item dsm_home_item dsm_home_item_custom'>\n\t\t\t\t<a href=\"https:\/\/luovatagentit.fi\/sv\" itemprop=\"url\">\n\t\t\t\t\t<span class='dsm_home_text_wrapper'>\n\t\t\t\t\t\t\t\t\t\t\t\t\t<span class=\"dsm_home_text\" itemprop=\"name\">\n\t\t\t\t\t\t\t\tEtusivu\t\t\t\t\t\t\t<\/span>\n\t\t\t\t\t<\/span>\n\t\t\t\t<\/a>\n\t\t\t<\/li>\n\n\t\t<li class=\"dsm_breadcrumbs_separator\"> <span class=\"et-pb-icon dsm_separator_icon\">&#x35;<\/span><\/li><\/ul>\n\t\t\t<\/nav>\n\t\t\t\t<\/div>\n\t\t\t<\/div>Menestyv\u00e4 verkkokauppa WordPress x WooCommerceVerkkokaupan avulla laajennat yrityksesi tuotteiden tai palveluiden myynnin mihin p\u00e4in maailmaa tahansa. Autamme sinua suunnittelemaan yksinkertaiset ja loogiset asiakaspolut, joita pitkin ostamisen kynnyst\u00e4 suhteessa loppuasiakkaaseen voidaan madaltaa. Verkkokauppa tekee ostamisesta helppoa [&hellip;]<\/p>\n","protected":false},"author":1,"featured_media":0,"parent":0,"menu_order":0,"comment_status":"closed","ping_status":"closed","template":"","meta":{"_et_pb_use_builder":"on","_et_pb_old_content":"","_et_gb_content_width":"","_monsterinsights_skip_tracking":false,"_monsterinsights_sitenote_active":false,"_monsterinsights_sitenote_note":"","_monsterinsights_sitenote_category":0,"footnotes":""},"class_list":["post-100970","page","type-page","status-publish","hentry"],"_links":{"self":[{"href":"https:\/\/luovatagentit.fi\/sv\/wp-json\/wp\/v2\/pages\/100970","targetHints":{"allow":["GET"]}}],"collection":[{"href":"https:\/\/luovatagentit.fi\/sv\/wp-json\/wp\/v2\/pages"}],"about":[{"href":"https:\/\/luovatagentit.fi\/sv\/wp-json\/wp\/v2\/types\/page"}],"author":[{"embeddable":true,"href":"https:\/\/luovatagentit.fi\/sv\/wp-json\/wp\/v2\/users\/1"}],"replies":[{"embeddable":true,"href":"https:\/\/luovatagentit.fi\/sv\/wp-json\/wp\/v2\/comments?post=100970"}],"version-history":[{"count":19,"href":"https:\/\/luovatagentit.fi\/sv\/wp-json\/wp\/v2\/pages\/100970\/revisions"}],"predecessor-version":[{"id":103813,"href":"https:\/\/luovatagentit.fi\/sv\/wp-json\/wp\/v2\/pages\/100970\/revisions\/103813"}],"wp:attachment":[{"href":"https:\/\/luovatagentit.fi\/sv\/wp-json\/wp\/v2\/media?parent=100970"}],"curies":[{"name":"wp","href":"https:\/\/api.w.org\/{rel}","templated":true}]}}