{"id":103515,"date":"2023-04-13T19:05:56","date_gmt":"2023-04-13T16:05:56","guid":{"rendered":"https:\/\/luovatagentit.fi\/?page_id=103515"},"modified":"2023-05-24T10:19:46","modified_gmt":"2023-05-24T07:19:46","slug":"brandisuunnittelu","status":"publish","type":"page","link":"https:\/\/luovatagentit.fi\/sv\/brandisuunnittelu\/","title":{"rendered":"Br\u00e4ndisuunnittelu"},"content":{"rendered":"\n[et_pb_section fb_built=&#8221;1&#8243; _builder_version=&#8221;4.20.2&#8243; _module_preset=&#8221;default&#8221; background_color=&#8221;rgba(255,255,255,0.4)&#8221; background_image=&#8221;https:\/\/luovatagentit.fi\/wp-content\/uploads\/2023\/02\/kristallli-1_beige.png&#8221; background_size=&#8221;initial&#8221; background_position=&#8221;top_left&#8221; background_blend=&#8221;overlay&#8221; custom_padding=&#8221;120px||0px||false|false&#8221; custom_padding_tablet=&#8221;80px||0px||false|false&#8221; custom_padding_phone=&#8221;50px||0px||false|false&#8221; custom_css_main_element=&#8221;z-index: 0;&#8221; global_colors_info=&#8221;{}&#8221;][et_pb_row column_structure=&#8221;1_4,3_4&#8243; _builder_version=&#8221;4.20.4&#8243; _module_preset=&#8221;default&#8221; global_colors_info=&#8221;{}&#8221;][et_pb_column type=&#8221;1_4&#8243; _builder_version=&#8221;4.20.4&#8243; _module_preset=&#8221;default&#8221; global_colors_info=&#8221;{}&#8221;][\/et_pb_column][et_pb_column type=&#8221;3_4&#8243; _builder_version=&#8221;4.20.4&#8243; _module_preset=&#8221;default&#8221; global_colors_info=&#8221;{}&#8221;][dsm_breadcrumbs home_text=&#8221;Etusivu&#8221; show_home_icon=&#8221;off&#8221; separator_icon=&#8221;&#x35;||divi||400&#8243; _builder_version=&#8221;4.20.4&#8243; _module_preset=&#8221;default&#8221; items_font=&#8221;|600||on|||||&#8221; items_font_size=&#8221;14px&#8221; items_letter_spacing=&#8221;1px&#8221; current_font=&#8221;|600||on|||||&#8221; current_text_color=&#8221;#197278&#8243; current_font_size=&#8221;14px&#8221; current_letter_spacing=&#8221;1px&#8221; items_font_size_tablet=&#8221;12px&#8221; items_font_size_phone=&#8221;10px&#8221; items_font_size_last_edited=&#8221;on|phone&#8221; current_font_size_tablet=&#8221;12px&#8221; current_font_size_phone=&#8221;10px&#8221; current_font_size_last_edited=&#8221;on|phone&#8221; global_module=&#8221;103251&#8243; global_colors_info=&#8221;{}&#8221;][\/dsm_breadcrumbs][et_pb_text content_tablet=&#8221;<h2>Voimakasta tarinankerrontaa<\/h2>&#8221; content_phone=&#8221;<h2>Voimakasta tarinankerrontaa<\/h2>&#8221; content_last_edited=&#8221;off|desktop&#8221; _builder_version=&#8221;4.20.4&#8243; _module_preset=&#8221;default&#8221; text_font=&#8221;Josefin Sans||on||||||&#8221; text_text_color=&#8221;#197278&#8243; max_width=&#8221;90%&#8221; max_width_tablet=&#8221;90%&#8221; max_width_phone=&#8221;100%&#8221; max_width_last_edited=&#8221;on|phone&#8221; custom_margin_tablet=&#8221;&#8221; custom_margin_phone=&#8221;&#8221; custom_margin_last_edited=&#8221;on|phone&#8221; header_2_text_color_tablet=&#8221;&#8221; header_2_text_color_phone=&#8221;&#8221; header_2_text_color_last_edited=&#8221;on|phone&#8221; global_colors_info=&#8221;{%22gcid-8c4df213-420b-4fa0-a471-54276bb0f0b2%22:%91%22text_text_color%22%93}&#8221;]<h1>Puhutteleeko br\u00e4ndisi?<\/h1>[\/et_pb_text][et_pb_text _builder_version=&#8221;4.20.4&#8243; _module_preset=&#8221;default&#8221; ul_line_height=&#8221;2em&#8221;]<p>Br\u00e4ndisuunnittelu on keino, jonka avulla yrityksen, palvelun tai tuotteen imagosta rakennetaan persoonallinen, asiakasta puhutteleva ja kilpailijoista erottuva. Br\u00e4nd\u00e4yksell\u00e4 pystyt\u00e4\u00e4n vaikuttamaan suoraan siihen, mit\u00e4 asiakkaasi tuntevat ja ajattelevat br\u00e4ndist\u00e4si ja miten he puhuvat siit\u00e4 eteenp\u00e4in.<\/p>\n<p>Br\u00e4ndisuunnittelu on hyv\u00e4 v\u00e4line sek\u00e4 uusille ett\u00e4 pidemp\u00e4\u00e4n toimineille yrityksille, sill\u00e4 koskaan ei ole liian my\u00f6h\u00e4ist\u00e4 aloittaa imagon luomista. Br\u00e4ndin imago olisi hyv\u00e4 olla kirkastettuna esimerkiksi silloin, kun verkkosivuja suunnitellaan tai uudistetaan. Se on my\u00f6s t\u00e4rke\u00e4 osa pitk\u00e4n t\u00e4ht\u00e4imen viestint\u00e4- ja markkinointisuunnitelmaa, koska sen avulla my\u00f6s tavoitteet pysyv\u00e4t paremmin linjassa.<\/p>[\/et_pb_text][et_pb_text _builder_version=&#8221;4.20.4&#8243; _module_preset=&#8221;default&#8221; ul_line_height=&#8221;2em&#8221;]<h2>Br\u00e4ndisuunnittelussa keskeist\u00e4 on<\/h2>\n<ul>\n<li>br\u00e4ndisi antama ensivaikutelma<\/li>\n<li>pitk\u00e4kestoinen vaikutus, eli br\u00e4ndimielikuva<\/li>\n<li>kilpailijoista erottuminen<\/li>\n<li>visuaalisen ilmeen yksil\u00f6llisyys<\/li>\n<li>oikeaa yleis\u00f6\u00e4 puhutteleva \u00e4\u00e4nens\u00e4vy<\/li>\n<li>mieleenpainuva tarina<\/li>\n<li>br\u00e4ndisi tarjoama asiakaskokemus<\/li>\n<\/ul>\n<p>Huolella maaliin viety br\u00e4ndisuunnittelu lis\u00e4\u00e4 br\u00e4ndisi tunnettuutta ja tuo sen helpommin l\u00e4hestytt\u00e4v\u00e4ksi. N\u00e4in asiakkaasi valitsevat juuri sinun br\u00e4ndisi tuotteen tai palvelun kilpailijoiden keskelt\u00e4.<\/p>\n<p>Br\u00e4nd\u00e4yksess\u00e4 visuaalisen ilmeen toteutus tapahtuu yhten\u00e4isten markkinointimateriaalien avulla. Visuaalisuus on t\u00e4rke\u00e4 osa br\u00e4ndi-imagoa, mutta logojen, fonttien ja v\u00e4rikarttojen ohella t\u00e4rke\u00e4\u00e4 on my\u00f6s viestinn\u00e4n suunnittelu.<\/p>\n<p>K\u00e4si k\u00e4dess\u00e4 kulkevat visuaalinen ilme ja puhutteleva, yrityksesi strategiaa tukeva viesti luovat br\u00e4ndist\u00e4si niin sanotusti persoonan, johon ihmisen on helppo luottaa, ja jota on helppo l\u00e4hesty\u00e4.<\/p>[\/et_pb_text][et_pb_text _builder_version=&#8221;4.20.4&#8243; _module_preset=&#8221;default&#8221; ul_line_height=&#8221;2em&#8221;]<h2>Mist\u00e4 br\u00e4ndimielikuva rakentuu?<\/h2>\n<ul>\n<li>Br\u00e4ndi-imago: arvot, tarkoitus sek\u00e4 visio.<\/li>\n<li>Kohdeyleis\u00f6\u00f6n ja markkinoihin tutustuminen: asiakkaan tarpeet ja toiveet, alan trendit sek\u00e4 kilpailu.<\/li>\n<li>Br\u00e4ndin sijoittelu: Mik\u00e4 erottaa br\u00e4ndisi muista saman alan tekij\u00f6ist\u00e4? Kuka on todellinen unelma-asiakkaasi, ja miten ratkaiset h\u00e4nen ongelmansa?<\/li>\n<li>Br\u00e4ndi\u00e4\u00e4ni: Selke\u00e4, johdonmukainen ja houkutteleva viestint\u00e4 suoraan unelma-asiakkaalle.<\/li>\n<li>Br\u00e4ndi-ilme: Br\u00e4ndin persoonaa, arvoja ja viesti\u00e4 korostava visuaalinen identiteetti.<\/li>\n<\/ul>[\/et_pb_text][\/et_pb_column][\/et_pb_row][et_pb_row column_structure=&#8221;1_4,3_4&#8243; _builder_version=&#8221;4.20.2&#8243; _module_preset=&#8221;default&#8221; global_colors_info=&#8221;{}&#8221;][et_pb_column type=&#8221;1_4&#8243; _builder_version=&#8221;4.20.2&#8243; _module_preset=&#8221;default&#8221; global_colors_info=&#8221;{}&#8221;][et_pb_image src=&#8221;https:\/\/luovatagentit.fi\/wp-content\/uploads\/revslider\/slider-1\/katja1.png&#8221; alt=&#8221;Piirretty kuva luovien agenttien Katjasta paperia ja kyn\u00e4 k\u00e4siss\u00e4&#8221; title_text=&#8221;Piirretty kuva luovien agenttien Katjasta paperia ja kyn\u00e4 k\u00e4siss\u00e4&#8221; disabled_on=&#8221;on|on|off&#8221; _builder_version=&#8221;4.20.4&#8243; _module_preset=&#8221;default&#8221; position_origin_a=&#8221;bottom_center&#8221; custom_margin=&#8221;||0px||false|false&#8221; custom_padding=&#8221;||0px||false|false&#8221; sticky_position=&#8221;bottom&#8221; sticky_limit_top=&#8221;body&#8221; motion_trigger_start=&#8221;top&#8221; hover_enabled=&#8221;0&#8243; global_colors_info=&#8221;{}&#8221; sticky_enabled=&#8221;0&#8243;][\/et_pb_image][\/et_pb_column][et_pb_column type=&#8221;3_4&#8243; _builder_version=&#8221;4.20.2&#8243; _module_preset=&#8221;default&#8221; global_colors_info=&#8221;{}&#8221;][et_pb_text _builder_version=&#8221;4.20.4&#8243; _module_preset=&#8221;default&#8221; custom_padding=&#8221;20px||||false|false&#8221;]<h2>Kaipaatko apua br\u00e4ndisuunnitteluun?<\/h2>\n<p>Ota yhteytt\u00e4 Luoviin Agentteihin! Yhdess\u00e4 kirjoitamme yrityksesi tarinan ja rakennamme sen ymp\u00e4rille vahvan br\u00e4ndisi markkinointia ja viestint\u00e4\u00e4 tukevan br\u00e4ndi-identiteetin.<\/p>[\/et_pb_text][\/et_pb_column][\/et_pb_row][et_pb_row disabled_on=&#8221;off|off|on&#8221; _builder_version=&#8221;4.20.2&#8243; _module_preset=&#8221;default&#8221; custom_margin=&#8221;50px||||false|false&#8221; global_colors_info=&#8221;{}&#8221;][et_pb_column type=&#8221;4_4&#8243; _builder_version=&#8221;4.20.2&#8243; _module_preset=&#8221;default&#8221; global_colors_info=&#8221;{}&#8221;][et_pb_image src=&#8221;https:\/\/luovatagentit.fi\/wp-content\/uploads\/2023\/03\/LATOverkostoa.png&#8221; alt=&#8221;Erilaisia luovia agentteja riviss\u00e4. Valokuvaajia, dronelent\u00e4ji\u00e4, kirjoittajia, web-kehitt\u00e4ji\u00e4, hakukoneoptimoinnin osaajia ja muita luovia agentteja&#8221; title_text=&#8221;LATOverkostoa&#8221; align=&#8221;center&#8221; _builder_version=&#8221;4.20.2&#8243; _module_preset=&#8221;default&#8221; global_colors_info=&#8221;{}&#8221;][\/et_pb_image][\/et_pb_column][\/et_pb_row][\/et_pb_section]\n","protected":false},"excerpt":{"rendered":"<p><div class=\"et_pb_module dsm_breadcrumbs dsm_breadcrumbs_0\">\n\t\t\t\t\n\t\t\t\t\n\t\t\t\t\n\t\t\t\t\n\t\t\t\t\n\t\t\t\t\n\t\t\t\t<div class=\"et_pb_module_inner\">\n\t\t\t\t\t<nav class=\"dsm_breadcrumbs_wrap\" role=\"navigation\" itemscope=\"\" itemtype=\"http:\/\/schema.org\/SiteNavigationElement\">\n\t\t\t\t<ul class=\"dsm_breadcrumbs\">\n\t\t\t<li class='dsm_breadcrumbs_item dsm_home_item dsm_home_item_custom'>\n\t\t\t\t<a href=\"https:\/\/luovatagentit.fi\/sv\" itemprop=\"url\">\n\t\t\t\t\t<span class='dsm_home_text_wrapper'>\n\t\t\t\t\t\t\t\t\t\t\t\t\t<span class=\"dsm_home_text\" itemprop=\"name\">\n\t\t\t\t\t\t\t\tEtusivu\t\t\t\t\t\t\t<\/span>\n\t\t\t\t\t<\/span>\n\t\t\t\t<\/a>\n\t\t\t<\/li>\n\n\t\t<li class=\"dsm_breadcrumbs_separator\"> <span class=\"et-pb-icon dsm_separator_icon\">&#x35;<\/span><\/li><\/ul>\n\t\t\t<\/nav>\n\t\t\t\t<\/div>\n\t\t\t<\/div>Puhutteleeko br\u00e4ndisi?Br\u00e4ndisuunnittelu on keino, jonka avulla yrityksen, palvelun tai tuotteen imagosta rakennetaan persoonallinen, asiakasta puhutteleva ja kilpailijoista erottuva. Br\u00e4nd\u00e4yksell\u00e4 pystyt\u00e4\u00e4n vaikuttamaan suoraan siihen, mit\u00e4 asiakkaasi tuntevat ja ajattelevat br\u00e4ndist\u00e4si ja miten he puhuvat siit\u00e4 eteenp\u00e4in. [&hellip;]<\/p>\n","protected":false},"author":1,"featured_media":0,"parent":0,"menu_order":0,"comment_status":"closed","ping_status":"closed","template":"","meta":{"_et_pb_use_builder":"on","_et_pb_old_content":"","_et_gb_content_width":"","_monsterinsights_skip_tracking":false,"_monsterinsights_sitenote_active":false,"_monsterinsights_sitenote_note":"","_monsterinsights_sitenote_category":0,"footnotes":""},"class_list":["post-103515","page","type-page","status-publish","hentry"],"_links":{"self":[{"href":"https:\/\/luovatagentit.fi\/sv\/wp-json\/wp\/v2\/pages\/103515","targetHints":{"allow":["GET"]}}],"collection":[{"href":"https:\/\/luovatagentit.fi\/sv\/wp-json\/wp\/v2\/pages"}],"about":[{"href":"https:\/\/luovatagentit.fi\/sv\/wp-json\/wp\/v2\/types\/page"}],"author":[{"embeddable":true,"href":"https:\/\/luovatagentit.fi\/sv\/wp-json\/wp\/v2\/users\/1"}],"replies":[{"embeddable":true,"href":"https:\/\/luovatagentit.fi\/sv\/wp-json\/wp\/v2\/comments?post=103515"}],"version-history":[{"count":6,"href":"https:\/\/luovatagentit.fi\/sv\/wp-json\/wp\/v2\/pages\/103515\/revisions"}],"predecessor-version":[{"id":103814,"href":"https:\/\/luovatagentit.fi\/sv\/wp-json\/wp\/v2\/pages\/103515\/revisions\/103814"}],"wp:attachment":[{"href":"https:\/\/luovatagentit.fi\/sv\/wp-json\/wp\/v2\/media?parent=103515"}],"curies":[{"name":"wp","href":"https:\/\/api.w.org\/{rel}","templated":true}]}}