{"id":103828,"date":"2023-05-28T09:46:59","date_gmt":"2023-05-28T06:46:59","guid":{"rendered":"https:\/\/luovatagentit.fi\/?page_id=103828"},"modified":"2024-04-16T17:38:33","modified_gmt":"2024-04-16T14:38:33","slug":"yritysyhteistyo","status":"publish","type":"page","link":"https:\/\/luovatagentit.fi\/sv\/yritysyhteistyo\/","title":{"rendered":"F\u00f6retagskollektiv"},"content":{"rendered":"<p>[et_pb_section fb_built=&#8221;1&#8243; _builder_version=&#8221;4.21.0&#8243; _module_preset=&#8221;default&#8221; global_colors_info=&#8221;{}&#8221;][et_pb_row _builder_version=&#8221;4.21.0&#8243; _module_preset=&#8221;default&#8221; max_width=&#8221;1080px&#8221; global_colors_info=&#8221;{}&#8221;][et_pb_column type=&#8221;4_4&#8243; _builder_version=&#8221;4.21.0&#8243; _module_preset=&#8221;default&#8221; global_colors_info=&#8221;{}&#8221;][et_pb_text _builder_version=&#8221;4.21.0&#8243; _module_preset=&#8221;default&#8221; global_colors_info=&#8221;{}&#8221;]<\/p>\n<h1>Yritysyhteisty\u00f6<\/h1>\n<p>[\/et_pb_text][\/et_pb_column][\/et_pb_row][et_pb_row _builder_version=&#8221;4.21.0&#8243; _module_preset=&#8221;default&#8221; max_width=&#8221;1080px&#8221; global_colors_info=&#8221;{}&#8221;][et_pb_column type=&#8221;4_4&#8243; _builder_version=&#8221;4.21.0&#8243; _module_preset=&#8221;default&#8221; global_colors_info=&#8221;{}&#8221;][et_pb_text _builder_version=&#8221;4.21.0&#8243; _module_preset=&#8221;default&#8221; global_colors_info=&#8221;{}&#8221;]<\/p>\n<p>Etsitk\u00f6 yrityksellesi luotettavaa markkinoinnin yhteisty\u00f6kumppania tai kaipaatko apua yrityksesi markkinoinnin suunnitteluun? Olet oikeassa paikassa, sill\u00e4 Luovien Agenttien Toimisto Oy on ammattitaitoinen, tehokas ja joustava kumppani kaikilla markkinoinnin osa-alueilla.<\/p>\n<p>Toimimme yhteisty\u00f6ss\u00e4 niin suurten yritysten kuin vasta aloittelevien pienyritt\u00e4jien sek\u00e4 pienten yhdistysten ja seurojen kanssa. Toteutamme laajasti erilaisia markkinointiprojekteja asiakkaidemme tarpeisiin r\u00e4\u00e4t\u00e4l\u00f6ityin\u00e4. Olemme ketter\u00e4 kumppani etenkin silloin, kun palkkalistallasi ei ole sopivaa tekij\u00e4\u00e4, sill\u00e4 laaja tekij\u00e4verkostomme kattaa kaiken!<\/p>\n<p>Teemme yhteisty\u00f6t\u00e4 mm. seuraavien kohderyhmien kanssa:<\/p>\n<p>[\/et_pb_text][et_pb_blurb title=&#8221;Mainostoimistot&#8221; use_icon=&#8221;on&#8221; font_icon=&#8221;&#xf00c;||fa||900&#8243; _builder_version=&#8221;4.21.0&#8243; _module_preset=&#8221;_initial&#8221; header_level=&#8221;h2&#8243; header_font=&#8221;Neuton|700|||||||&#8221; header_font_size=&#8221;30px&#8221; header_letter_spacing=&#8221;0em&#8221; max_width=&#8221;1080px&#8221; header_font_size_tablet=&#8221;24px&#8221; header_font_size_phone=&#8221;20px&#8221; header_font_size_last_edited=&#8221;on|phone&#8221; global_colors_info=&#8221;{}&#8221;]<\/p>\n<p>Yhteisty\u00f6ss\u00e4 on voimaa, ja verkostoitumalla voimme t\u00e4ydent\u00e4\u00e4 toistemme palveluita. Kaipaatko lis\u00e4k\u00e4si\u00e4 asiakasprojekteihin, tai puuttuuko riveist\u00e4si juuri tietynlainen tekij\u00e4? Ly\u00f6tt\u00e4ydy Agenttien seuraan!<\/p>\n<p>[\/et_pb_blurb][et_pb_blurb title=&#8221;Yritysasiakkaat&#8221; use_icon=&#8221;on&#8221; font_icon=&#8221;&#xf00c;||fa||900&#8243; _builder_version=&#8221;4.21.0&#8243; _module_preset=&#8221;_initial&#8221; header_level=&#8221;h2&#8243; header_font=&#8221;Neuton|700|||||||&#8221; header_font_size=&#8221;30px&#8221; header_letter_spacing=&#8221;0em&#8221; max_width=&#8221;1080px&#8221; header_font_size_tablet=&#8221;24px&#8221; header_font_size_phone=&#8221;20px&#8221; header_font_size_last_edited=&#8221;on|phone&#8221; global_colors_info=&#8221;{}&#8221;]<\/p>\n<p>Toteutamme luovaa markkinointia sek\u00e4 ter\u00e4v\u00e4\u00e4 sis\u00e4lt\u00f6\u00e4 niin pienille kuin suurille yrityksille. Kauttamme saat muun muassa kauniit verkkosivut, toimivat verkkokaupat, uniikit kuvitukset, oivaltavat sis\u00e4lt\u00f6tekstit ja somesis\u00e4ll\u00f6t sek\u00e4 apua digimarkkinoinnin muuttuviin koukeroihin.<\/p>\n<p>[\/et_pb_blurb][et_pb_blurb title=&#8221;Pienten yritysten sparrauspalvelut&#8221; use_icon=&#8221;on&#8221; font_icon=&#8221;&#xf00c;||fa||900&#8243; _builder_version=&#8221;4.21.0&#8243; _module_preset=&#8221;_initial&#8221; header_level=&#8221;h2&#8243; header_font=&#8221;Neuton|700|||||||&#8221; header_font_size=&#8221;30px&#8221; header_letter_spacing=&#8221;0em&#8221; max_width=&#8221;1080px&#8221; header_font_size_tablet=&#8221;24px&#8221; header_font_size_phone=&#8221;20px&#8221; header_font_size_last_edited=&#8221;on|phone&#8221; global_colors_info=&#8221;{}&#8221;]<\/p>\n<p>Kaipaako yrityksesi apua liiketoiminnan kehitt\u00e4miseen, palvelumuotoiluun tai tuotteen kaupallistamiseen? Verkostomme kautta saat apua muun muassa rahoituksen, innovaatiosetelien, asiakashankinnan sek\u00e4 palvelumuotoilun kanssa.<\/p>\n<p>[\/et_pb_blurb][et_pb_blurb title=&#8221;Kunnat ja kaupungit&#8221; use_icon=&#8221;on&#8221; font_icon=&#8221;&#xf00c;||fa||900&#8243; _builder_version=&#8221;4.21.0&#8243; _module_preset=&#8221;_initial&#8221; header_level=&#8221;h2&#8243; header_font=&#8221;Neuton|700|||||||&#8221; header_font_size=&#8221;30px&#8221; header_letter_spacing=&#8221;0em&#8221; max_width=&#8221;1080px&#8221; header_font_size_tablet=&#8221;24px&#8221; header_font_size_phone=&#8221;20px&#8221; header_font_size_last_edited=&#8221;on|phone&#8221; global_colors_info=&#8221;{}&#8221;]<\/p>\n<p>Muuttuva lains\u00e4\u00e4d\u00e4nt\u00f6 sek\u00e4 kaupungin palveluiden kehitt\u00e4minen tuottavat hurjasti t\u00f6it\u00e4. Suurten informaatiom\u00e4\u00e4rien, viranomaistekstien sek\u00e4 palvelumuotoilun tuominen kaiken kansan luettavaksi sitoo runsaasti aikaa sek\u00e4 henkil\u00f6st\u00f6\u00e4. N\u00e4pp\u00e4rien agenttien avulla isotkin projektit etenev\u00e4t joutuisammin!<\/p>\n<p>[\/et_pb_blurb][et_pb_blurb title=&#8221;Kumppanuusasiakkuudet&#8221; use_icon=&#8221;on&#8221; font_icon=&#8221;&#xf00c;||fa||900&#8243; _builder_version=&#8221;4.21.0&#8243; _module_preset=&#8221;_initial&#8221; header_level=&#8221;h2&#8243; header_font=&#8221;Neuton|700|||||||&#8221; header_font_size=&#8221;30px&#8221; header_letter_spacing=&#8221;0em&#8221; max_width=&#8221;1080px&#8221; header_font_size_tablet=&#8221;24px&#8221; header_font_size_phone=&#8221;20px&#8221; header_font_size_last_edited=&#8221;on|phone&#8221; global_colors_info=&#8221;{}&#8221;]<\/p>\n<p>Mit\u00e4 jos antaisit yrityksesi markkinoinnin sek\u00e4 viestinn\u00e4n ammattilaisten k\u00e4siin? Yrityksesi sis\u00e4\u00e4n integroitu agenttimme koordinoi ja toteuttaa yrityksesi sis\u00e4isen ja ulkoisen viestinn\u00e4n Luovien Agenttien laajaa verkostoa hy\u00f6dynt\u00e4en.<\/p>\n<p>[\/et_pb_blurb][et_pb_blurb title=&#8221;Yhdistykset ja seurat&#8221; use_icon=&#8221;on&#8221; font_icon=&#8221;&#xf00c;||fa||900&#8243; _builder_version=&#8221;4.21.0&#8243; _module_preset=&#8221;_initial&#8221; header_level=&#8221;h2&#8243; header_font=&#8221;Neuton|700|||||||&#8221; header_font_size=&#8221;30px&#8221; header_letter_spacing=&#8221;0em&#8221; max_width=&#8221;1080px&#8221; header_font_size_tablet=&#8221;24px&#8221; header_font_size_phone=&#8221;20px&#8221; header_font_size_last_edited=&#8221;on|phone&#8221; global_colors_info=&#8221;{}&#8221;]<\/p>\n<p>Pienet yhdistykset ovat meille syd\u00e4men asia! Toteutamme ilolla monipuolisia markkinoinnin ja viestinn\u00e4n palveluita pienille yhteis\u00f6ille hyv\u00e4 karma -periaatteella. Otathan meihin yhteytt\u00e4 matalalla kynnyksell\u00e4: Tarjoamme mielell\u00e4mme pienellekin budjetille sopivia palveluita!<\/p>\n<p>[\/et_pb_blurb][et_pb_text disabled_on=&#8221;on|on|on&#8221; _builder_version=&#8221;4.21.0&#8243; _module_preset=&#8221;default&#8221; disabled=&#8221;on&#8221;]<\/p>\n<p>Tutustu my\u00f6s monipuolisiin workshoppeihimme! (Linkki) (N\u00e4ist\u00e4 voisi kertoa lyhyesti t\u00e4ss\u00e4, kunhan saadaan palvelu k\u00e4yntiin.)<br \/>Jos sinulla on jokin muu timanttinen idea mieless\u00e4, et h\u00e4vi\u00e4 mit\u00e4\u00e4n kysym\u00e4ll\u00e4!<br \/>Ota yhteytt\u00e4<\/p>\n<p>[\/et_pb_text][et_pb_text disabled_on=&#8221;off|off|off&#8221; _builder_version=&#8221;4.21.0&#8243; _module_preset=&#8221;default&#8221;]<\/p>\n<p>Jos sinulla on jokin muu timanttinen idea mieless\u00e4, et h\u00e4vi\u00e4 mit\u00e4\u00e4n kysym\u00e4ll\u00e4!<\/p>\n<p>[\/et_pb_text][et_pb_button button_url=&#8221;@ET-DC@eyJkeW5hbWljIjp0cnVlLCJjb250ZW50IjoicG9zdF9saW5rX3VybF9wYWdlIiwic2V0dGluZ3MiOnsicG9zdF9pZCI6IjkzODk5In19@&#8221; button_text=&#8221;Ota yhteytt\u00e4&#8221; _builder_version=&#8221;4.21.0&#8243; _dynamic_attributes=&#8221;button_url&#8221; _module_preset=&#8221;default&#8221;][\/et_pb_button][\/et_pb_column][\/et_pb_row][\/et_pb_section][et_pb_section fb_built=&#8221;1&#8243; custom_padding_last_edited=&#8221;on|tablet&#8221; module_class=&#8221;milly-accent-bg&#8221; _builder_version=&#8221;4.18.0&#8243; _module_preset=&#8221;default&#8221; background_color=&#8221;#FFFFFF&#8221; custom_padding=&#8221;120px||120px||false|false&#8221; custom_padding_tablet=&#8221;100px||80px||false|false&#8221; custom_padding_phone=&#8221;70px||||false|false&#8221; global_colors_info=&#8221;{%22gcid-76e3f074-fea1-4846-b451-b052fd0eb96d%22:%91%22background_color%22%93}&#8221;][et_pb_row custom_padding_last_edited=&#8221;on|phone&#8221; _builder_version=&#8221;4.18.0&#8243; _module_preset=&#8221;default&#8221; custom_padding=&#8221;||80px||false|false&#8221; custom_padding_tablet=&#8221;0px||50px||false|false&#8221; custom_padding_phone=&#8221;||30px||false|false&#8221; locked=&#8221;off&#8221; global_colors_info=&#8221;{}&#8221;][et_pb_column type=&#8221;4_4&#8243; _builder_version=&#8221;4.17.6&#8243; _module_preset=&#8221;default&#8221; global_colors_info=&#8221;{}&#8221;][et_pb_text _builder_version=&#8221;4.24.3&#8243; _module_preset=&#8221;default&#8221; header_2_font_size=&#8221;48px&#8221; text_orientation=&#8221;center&#8221; max_width=&#8221;600px&#8221; module_alignment=&#8221;center&#8221; hover_enabled=&#8221;0&#8243; header_font_size_tablet=&#8221;&#8221; header_font_size_phone=&#8221;&#8221; header_font_size_last_edited=&#8221;on|desktop&#8221; header_2_font_size_tablet=&#8221;34px&#8221; header_2_font_size_phone=&#8221;30px&#8221; sticky_enabled=&#8221;0&#8243;]<\/p>\n<h2>Teemme yhteisty\u00f6t\u00e4 mm.<\/h2>\n<p>[\/et_pb_text][\/et_pb_column][\/et_pb_row][et_pb_row disabled_on=&#8221;off|off|off&#8221; _builder_version=&#8221;4.20.0&#8243; _module_preset=&#8221;default&#8221; global_colors_info=&#8221;{}&#8221;][et_pb_column type=&#8221;4_4&#8243; _builder_version=&#8221;4.19.5&#8243; _module_preset=&#8221;default&#8221; global_colors_info=&#8221;{}&#8221;][dsm_image_carousel gallery_ids=&#8221;100353,101586,101588,104647,104648,104649,104650,104651,104652,104653&#8243; sizes=&#8221;medium&#8221; slide_to_show=&#8221;5&#8243; multiple_slide_row=&#8221;on&#8221; slide_row=&#8221;4&#8243; pause_on_hover=&#8221;on&#8221; arrows=&#8221;off&#8221; dots_horizontal_placement=&#8221;-50px&#8221; slide_to_show_tablet=&#8221;3&#8243; slide_to_show_phone=&#8221;3&#8243; slide_to_show_last_edited=&#8221;on|tablet&#8221; slide_to_scroll_tablet=&#8221;3&#8243; slide_to_scroll_phone=&#8221;3&#8243; slide_to_scroll_last_edited=&#8221;on|phone&#8221; _builder_version=&#8221;4.24.3&#8243; _module_preset=&#8221;default&#8221; global_colors_info=&#8221;{}&#8221;][\/dsm_image_carousel][\/et_pb_column][\/et_pb_row][\/et_pb_section]<\/p>\n","protected":false},"excerpt":{"rendered":"<p>Yritysyhteisty\u00f6Etsitk\u00f6 yrityksellesi luotettavaa markkinoinnin yhteisty\u00f6kumppania tai kaipaatko apua yrityksesi markkinoinnin suunnitteluun? Olet oikeassa paikassa, sill\u00e4 Luovien Agenttien Toimisto Oy on ammattitaitoinen, tehokas ja joustava kumppani kaikilla markkinoinnin osa-alueilla. Toimimme yhteisty\u00f6ss\u00e4 niin suurten yritysten kuin vasta aloittelevien pienyritt\u00e4jien sek\u00e4 pienten yhdistysten ja seurojen kanssa. Toteutamme laajasti erilaisia markkinointiprojekteja asiakkaidemme tarpeisiin r\u00e4\u00e4t\u00e4l\u00f6ityin\u00e4. Olemme ketter\u00e4 kumppani etenkin silloin, [&hellip;]<\/p>\n","protected":false},"author":1,"featured_media":0,"parent":0,"menu_order":0,"comment_status":"closed","ping_status":"closed","template":"","meta":{"_et_pb_use_builder":"on","_et_pb_old_content":"","_et_gb_content_width":"","_monsterinsights_skip_tracking":false,"_monsterinsights_sitenote_active":false,"_monsterinsights_sitenote_note":"","_monsterinsights_sitenote_category":0,"footnotes":""},"class_list":["post-103828","page","type-page","status-publish","hentry"],"_links":{"self":[{"href":"https:\/\/luovatagentit.fi\/sv\/wp-json\/wp\/v2\/pages\/103828","targetHints":{"allow":["GET"]}}],"collection":[{"href":"https:\/\/luovatagentit.fi\/sv\/wp-json\/wp\/v2\/pages"}],"about":[{"href":"https:\/\/luovatagentit.fi\/sv\/wp-json\/wp\/v2\/types\/page"}],"author":[{"embeddable":true,"href":"https:\/\/luovatagentit.fi\/sv\/wp-json\/wp\/v2\/users\/1"}],"replies":[{"embeddable":true,"href":"https:\/\/luovatagentit.fi\/sv\/wp-json\/wp\/v2\/comments?post=103828"}],"version-history":[{"count":8,"href":"https:\/\/luovatagentit.fi\/sv\/wp-json\/wp\/v2\/pages\/103828\/revisions"}],"predecessor-version":[{"id":104655,"href":"https:\/\/luovatagentit.fi\/sv\/wp-json\/wp\/v2\/pages\/103828\/revisions\/104655"}],"wp:attachment":[{"href":"https:\/\/luovatagentit.fi\/sv\/wp-json\/wp\/v2\/media?parent=103828"}],"curies":[{"name":"wp","href":"https:\/\/api.w.org\/{rel}","templated":true}]}}