{"id":104686,"date":"2024-05-13T09:46:27","date_gmt":"2024-05-13T06:46:27","guid":{"rendered":"https:\/\/luovatagentit.fi\/?page_id=104686"},"modified":"2024-05-13T10:04:58","modified_gmt":"2024-05-13T07:04:58","slug":"saavutettavuusseloste","status":"publish","type":"page","link":"https:\/\/luovatagentit.fi\/sv\/saavutettavuusseloste\/","title":{"rendered":"Saavutettavuusseloste"},"content":{"rendered":"[et_pb_section fb_built=&#8221;1&#8243; admin_label=&#8221;section&#8221; _builder_version=&#8221;4.16&#8243; global_colors_info=&#8221;{}&#8221;][et_pb_row admin_label=&#8221;row&#8221; _builder_version=&#8221;4.20.2&#8243; background_size=&#8221;initial&#8221; background_position=&#8221;top_left&#8221; background_repeat=&#8221;repeat&#8221; max_width=&#8221;1150px&#8221; global_colors_info=&#8221;{}&#8221;][et_pb_column type=&#8221;4_4&#8243; _builder_version=&#8221;4.16&#8243; custom_padding=&#8221;|||&#8221; global_colors_info=&#8221;{}&#8221; custom_padding__hover=&#8221;|||&#8221;][et_pb_text admin_label=&#8221;Text&#8221; _builder_version=&#8221;4.25.0&#8243; link_font=&#8221;||||on||||&#8221; background_size=&#8221;initial&#8221; background_position=&#8221;top_left&#8221; background_repeat=&#8221;repeat&#8221; global_colors_info=&#8221;{}&#8221;]<p><\/p>\n<h1 class=\"wp-block-heading\">Luovien Agenttien Toimisto Oy:n saavutettavuusseloste<\/h1>\n<p>T\u00e4m\u00e4 saavutettavuusseloste koskee Luovien Agenttien Toimisto Oy:n verkkopalvelua [luovatagentit.fi] ja on laadittu \/ p\u00e4ivitetty [13.5.2024]. Palvelua koskee laki digitaalisten palvelujen tarjoamisesta, jossa edellytet\u00e4\u00e4n, ett\u00e4 julkisten verkkopalvelujen on oltava saavutettavia.<\/p>\n<h2>Verkkosivuston saavutettavuuden tila<\/h2>\n<p>Luovien Agenttien Toimisto Oy:n verkkosivusto t\u00e4ytt\u00e4\u00e4 saavutettavuusvaatimukset osittain.<\/p>\n<p><strong>Ei-saavutettava sis\u00e4lt\u00f6:<\/strong><\/p>\n<ul>\n<li>Osa yl\u00e4tason valikkoelementeist\u00e4 ei sis\u00e4ll\u00e4 linkki\u00e4, ne ovat j\u00e4sent\u00e4m\u00e4ss\u00e4 valikkosis\u00e4lt\u00f6\u00e4.<\/li>\n<li>Itsest\u00e4\u00e4n k\u00e4ynnistyv\u00e4t sis\u00e4ll\u00f6t eiv\u00e4t ole pys\u00e4ytett\u00e4viss\u00e4 (etusivun banneri).<\/li>\n<\/ul>\n<h2>Anna palautetta saavutettavuudesta<\/h2>\n<p>Jos huomaat sivustolla saavutettavuuspuutteita, kerro se meille ja teemme parhaamme puutteen korjaamiseksi. Palautetta voit antaa<\/p>\n<ul>\n<li>s\u00e4hk\u00f6postilla osoitteeseen <a href=\"mailto:info@luovatagentit.fi\">info@luovatagentit.fi<\/a>\u00a0 tai<\/li>\n<li>puhelimitse soittamalla numeroon <a href=\"tel:+358442592934\">044 259 2934<\/a><\/li>\n<\/ul>\n<ul><\/ul>\n<p>Jos et ole tyytyv\u00e4inen saamaasi vastaukseen tai et saa vastausta lainkaan kahden viikon aikana, voit tehd\u00e4 ilmoituksen valvontaviranomaiselle.<\/p>\n<p><strong>Valvontaviranomaisen yhteystiedot:<\/strong><\/p>\n<p>Etel\u00e4-Suomen aluehallintovirasto<br \/>Saavutettavuuden valvonnan yksikk\u00f6<br \/><a href=\"https:\/\/www.saavutettavuusvaatimukset.fi\" target=\"_blank\" rel=\"noopener\">www.saavutettavuusvaatimukset.fi<\/a><br \/><a href=\"mailto:saavutettavuus@avi.fi\">saavutettavuus@avi.fi<\/a><br \/>puhelinnumero vaihde <a href=\"tel:+358295016000\">0295 016 000<\/a><\/p>\n<p>&nbsp;<\/p>\n<p><\/p>[\/et_pb_text][\/et_pb_column][\/et_pb_row][\/et_pb_section]","protected":false},"excerpt":{"rendered":"<p>Luovien Agenttien Toimisto Oy:n saavutettavuusseloste T\u00e4m\u00e4 saavutettavuusseloste koskee Luovien Agenttien Toimisto Oy:n verkkopalvelua [luovatagentit.fi] ja on laadittu \/ p\u00e4ivitetty [13.5.2024]. Palvelua koskee laki digitaalisten palvelujen tarjoamisesta, jossa edellytet\u00e4\u00e4n, ett\u00e4 julkisten verkkopalvelujen on oltava saavutettavia. Verkkosivuston saavutettavuuden tila Luovien Agenttien Toimisto Oy:n verkkosivusto t\u00e4ytt\u00e4\u00e4 saavutettavuusvaatimukset osittain. Ei-saavutettava sis\u00e4lt\u00f6: Osa yl\u00e4tason valikkoelementeist\u00e4 ei sis\u00e4ll\u00e4 linkki\u00e4, ne ovat [&hellip;]<\/p>\n","protected":false},"author":1,"featured_media":0,"parent":0,"menu_order":0,"comment_status":"closed","ping_status":"closed","template":"","meta":{"_et_pb_use_builder":"on","_et_pb_old_content":"","_et_gb_content_width":"","_monsterinsights_skip_tracking":false,"_monsterinsights_sitenote_active":false,"_monsterinsights_sitenote_note":"","_monsterinsights_sitenote_category":0,"footnotes":""},"class_list":["post-104686","page","type-page","status-publish","hentry"],"_links":{"self":[{"href":"https:\/\/luovatagentit.fi\/sv\/wp-json\/wp\/v2\/pages\/104686","targetHints":{"allow":["GET"]}}],"collection":[{"href":"https:\/\/luovatagentit.fi\/sv\/wp-json\/wp\/v2\/pages"}],"about":[{"href":"https:\/\/luovatagentit.fi\/sv\/wp-json\/wp\/v2\/types\/page"}],"author":[{"embeddable":true,"href":"https:\/\/luovatagentit.fi\/sv\/wp-json\/wp\/v2\/users\/1"}],"replies":[{"embeddable":true,"href":"https:\/\/luovatagentit.fi\/sv\/wp-json\/wp\/v2\/comments?post=104686"}],"version-history":[{"count":11,"href":"https:\/\/luovatagentit.fi\/sv\/wp-json\/wp\/v2\/pages\/104686\/revisions"}],"predecessor-version":[{"id":104706,"href":"https:\/\/luovatagentit.fi\/sv\/wp-json\/wp\/v2\/pages\/104686\/revisions\/104706"}],"wp:attachment":[{"href":"https:\/\/luovatagentit.fi\/sv\/wp-json\/wp\/v2\/media?parent=104686"}],"curies":[{"name":"wp","href":"https:\/\/api.w.org\/{rel}","templated":true}]}}