{"id":15,"date":"2023-09-20T11:36:59","date_gmt":"2023-09-20T08:36:59","guid":{"rendered":"https:\/\/luovatagentit.fi\/?page_id=15"},"modified":"2024-04-26T10:50:11","modified_gmt":"2024-04-26T07:50:11","slug":"tilaus-ja-toimitusehdot","status":"publish","type":"page","link":"https:\/\/luovatagentit.fi\/sv\/tilaus-ja-toimitusehdot\/","title":{"rendered":"Tilaus- ja toimitusehdot"},"content":{"rendered":"<p>[et_pb_section fb_built=&#8221;1&#8243; admin_label=&#8221;section&#8221; _builder_version=&#8221;4.16&#8243; global_colors_info=&#8221;{}&#8221;][et_pb_row admin_label=&#8221;row&#8221; _builder_version=&#8221;4.22.1&#8243; background_size=&#8221;initial&#8221; background_position=&#8221;top_left&#8221; background_repeat=&#8221;repeat&#8221; max_width=&#8221;900px&#8221; global_colors_info=&#8221;{}&#8221;][et_pb_column type=&#8221;4_4&#8243; _builder_version=&#8221;4.16&#8243; custom_padding=&#8221;|||&#8221; global_colors_info=&#8221;{}&#8221; custom_padding__hover=&#8221;|||&#8221;][et_pb_text _builder_version=&#8221;4.25.0&#8243; _module_preset=&#8221;default&#8221; hover_enabled=&#8221;0&#8243; sticky_enabled=&#8221;0&#8243;]<\/p>\n<h1>Tilaus- ja toimitusehdot<\/h1>\n<p>Luovatagentit.fi verkkokaupan omistaa ja yll\u00e4pit\u00e4\u00e4 Luovien Agenttien Toimisto Oy. Verkkokaupassa myymme ty\u00f6pajoja, digitaalisia tuotteita ja palveluita. Ostaessasi tuotteita tai palveluita teet sopimuksen Luovien Agenttien Toimisto Oy:n kanssa, vaikka palvelun toteuttajana olisi yhteisty\u00f6kumppanimme. Toimimme B2B kaupassa, eli myymme p\u00e4\u00e4s\u00e4\u00e4nt\u00f6isesti yrityksille. T\u00e4m\u00e4n vuoksi hinnat ovat ilmoitettu verkkokaupassa arvonlis\u00e4verottomina. Arvonlis\u00e4vero lis\u00e4t\u00e4\u00e4n kassalla. Tehdess\u00e4si tilauksen hyv\u00e4ksyt n\u00e4m\u00e4 tilaus- ja toimitusehdot, tuotteiden hinnat ja peruutusehdot.<\/p>\n<p>[\/et_pb_text][et_pb_text _builder_version=&#8221;4.22.1&#8243; _module_preset=&#8221;default&#8221;]<\/p>\n<h2>Myyj\u00e4n tiedot:<\/h2>\n<p>Luovien Agenttien Toimisto Oy (y-tunnus: 3164480-2)<\/p>\n<h3>Yhteystiedot:<\/h3>\n<p>Luovien Agenttien Toimisto Oy<br \/>\nc\/o Heidi Uskaure<br \/>\nKarhuntie 9 E 28<br \/>\n65350 VAASA<\/p>\n<p><a href=\"mailto:info@luovatagentit.fi\">info@luovatagentit.fi<\/a><br \/><a href=\"tel:+358466003950\">+358466003950<\/a>[\/et_pb_text][et_pb_text _builder_version=&#8221;4.25.0&#8243; _module_preset=&#8221;default&#8221; header_2_line_height=&#8221;2em&#8221; hover_enabled=&#8221;0&#8243; sticky_enabled=&#8221;0&#8243;]<\/p>\n<h2>Maksupalveluntarjoaja:<\/h2>\n<p>Maksunv\u00e4lityspalvelun toteuttajana ja maksupalveluntarjoajana toimii Paytrail Oyj (2122839-7) yhteisty\u00f6ss\u00e4 suomalaisten pankkien ja luottolaitosten kanssa. Paytrail Oyj n\u00e4kyy maksun saajana tiliotteella tai korttilaskulla ja v\u00e4litt\u00e4\u00e4 maksun kauppiaalle. Paytrail Oyj:ll\u00e4 on maksulaitoksen toimilupa. Reklamaatiotapauksissa pyyd\u00e4mme ottamaan ensisijaisesti yhteytt\u00e4 tuotteen toimittajaan.<\/p>\n<p>Paytrail Oyj, y-tunnus: 2122839-7<br \/>Innova 2<br \/>Lutakonaukio 7<br \/>40100 Jyv\u00e4skyl\u00e4<br \/><a href=\"https:\/\/www.paytrail.com\/kuluttaja\/tietoa-maksamisesta\" target=\"_blank\" rel=\"noopener\">paytrail.com\/kuluttaja\/tietoa-maksamisesta<\/a><\/p>\n<h2>Maksutavat:<\/h2>\n<p>1. Pankkimaksut: Nordea, Osuuspankki, Danske Bank, S\u00e4\u00e4st\u00f6pankki, Oma S\u00e4\u00e4st\u00f6pankki, POP Pankki, Aktia, Handelsbanken, \u00c5landsbanken ja S-Pankki<\/p>\n<p>2. Korttimaksaminen: Visa, Mastercard ja American Express<\/p>\n<p>3. Mobiilimaksaminen: MobilePay, Pivo, Siirto ja Apple Pay<\/p>\n<p>4. Lasku- ja osamaksupalvelut: Alisa Yrityslasku, Walley, OP Lasku ja Jousto<\/p>\n<h2>Tilaaminen ja toimitusehdot:<\/h2>\n<p>Voit tilata tuotteita tai palveluita verkkokaupastamme lis\u00e4\u00e4m\u00e4ll\u00e4 ne ostoskoriin ja maksamalla ne verkkokaupan kassalla. Tilausvahvistus tulee s\u00e4hk\u00f6postiisi. Tilausvahvistuksesta l\u00f6ytyy my\u00f6s linkki mahdollisten tilaamiesi digitaalisten tuotteiden lataukseen. Digitaaliset tuotteet ovat ladattavissa my\u00f6s sivuillamme Oma tili -kohdassa https:\/\/luovatagentit.fi\/oma-tili. Tilauksen yhteydess\u00e4 sinulle luodaan tili antamallasi s\u00e4hk\u00f6postiosoitteella. Tunnuksilla p\u00e4\u00e4set my\u00f6s kirjautumaan ostamillesi kursseille.<\/p>\n<h2>Peruutusehdot:<\/h2>\n<p><strong>Kurssit ja muut digitaaliset tuotteet:<\/strong><\/p>\n<p>Digitaalisilla tuotteilla ei ole peruutus- tai palautusoikeutta. Digitaalinen tuote katsotaan toimitetuksi, kun olet verkkokaupassa suorittanut tuotteen oston.<\/p>\n<p><strong>Palvelut:<\/strong><strong><\/strong><\/p>\n<p>Palvelun ostajalla on oikeus peruuttaa palvelu milloin tahansa ennen palvelun alkamista. T\u00e4ll\u00f6in palveluntarjoajalla on oikeus peri\u00e4 peruutusmaksu seuraavanlaisesti:<\/p>\n<p>a) Toimistokulut 15e+alv, kun palvelu perutaan my\u00f6hemmin kuin 30vrk ja viimeist\u00e4\u00e4n 14vrk ennen asiakkaan varaamaa palvelun toteutusajankohtaa.<\/p>\n<p>c) 10% palvelun hinnasta, kun palvelu perutaan my\u00f6hemmin kuin 14vrk ja v\u00e4hint\u00e4\u00e4n 7vrk ennen asiakkaan varaamaa palvelun toteutusajankohtaa.<\/p>\n<p>d) 20% palvelun hinnasta, kun palvelu perutaan my\u00f6hemmin kuin 7vrk ennen ja v\u00e4hint\u00e4\u00e4n 1vrk ennen asiakkaan varaamaa palvelun toteutusajankohtaa.<\/p>\n<p>e) 30% palvelun hinnasta, kun palvelu perutaan my\u00f6hemmin kuin 1vrk ennen asiakkaan varaamaa palvelun toteutusajankohtaa.<\/p>\n<p>Palvelu katsotaan alkaneeksi asiakkaan varaamana palvelun toteutusajankohtana kun palveluntuottaja on l\u00e4hett\u00e4nyt linkit osallistujille ja et\u00e4yhteys on palveluntarjoajan osalta avattu.<\/p>\n<h2>Lis\u00e4tietoja:<\/h2>\n<p>Tilaus- ja toimitusehtoja koskevat kyselyt voi l\u00e4hett\u00e4\u00e4 osoitteeseen: <a href=\"mailto:info@luovatagentit.fi\">info@luovatagentit.fi<\/a><\/p>\n<p>[\/et_pb_text][\/et_pb_column][\/et_pb_row][\/et_pb_section]<\/p>\n","protected":false},"excerpt":{"rendered":"<p>Tilaus- ja toimitusehdot Luovatagentit.fi verkkokaupan omistaa ja yll\u00e4pit\u00e4\u00e4 Luovien Agenttien Toimisto Oy. Verkkokaupassa myymme ty\u00f6pajoja, digitaalisia tuotteita ja palveluita. Ostaessasi tuotteita tai palveluita teet sopimuksen Luovien Agenttien Toimisto Oy:n kanssa, vaikka palvelun toteuttajana olisi yhteisty\u00f6kumppanimme. Toimimme B2B kaupassa, eli myymme p\u00e4\u00e4s\u00e4\u00e4nt\u00f6isesti yrityksille. T\u00e4m\u00e4n vuoksi hinnat ovat ilmoitettu verkkokaupassa arvonlis\u00e4verottomina. Arvonlis\u00e4vero lis\u00e4t\u00e4\u00e4n kassalla. Tehdess\u00e4si tilauksen hyv\u00e4ksyt [&hellip;]<\/p>\n","protected":false},"author":1,"featured_media":0,"parent":0,"menu_order":0,"comment_status":"closed","ping_status":"closed","template":"","meta":{"_et_pb_use_builder":"on","_et_pb_old_content":"<!-- wp:paragraph -->\n<p><b>This is a sample page.<\/b><\/p>\n<!-- \/wp:paragraph -->\n\n<!-- wp:paragraph -->\n<h3>Overview<\/h3>\n<!-- \/wp:paragraph -->\n\n<!-- wp:paragraph -->\n<p>Our refund and returns policy lasts 30 days. If 30 days have passed since your purchase, we can\u2019t offer you a full refund or exchange.<\/p>\n<!-- \/wp:paragraph -->\n\n<!-- wp:paragraph -->\n<p>To be eligible for a return, your item must be unused and in the same condition that you received it. It must also be in the original packaging.<\/p>\n<!-- \/wp:paragraph -->\n\n<!-- wp:paragraph -->\n<p>Several types of goods are exempt from being returned. Perishable goods such as food, flowers, newspapers or magazines cannot be returned. We also do not accept products that are intimate or sanitary goods, hazardous materials, or flammable liquids or gases.<\/p>\n<!-- \/wp:paragraph -->\n\n<!-- wp:paragraph -->\n<p>Additional non-returnable items:<\/p>\n<!-- \/wp:paragraph -->\n\n<!-- wp:list -->\n<ul>\n<li>Gift cards<\/li>\n<li>Downloadable software products<\/li>\n<li>Some health and personal care items<\/li>\n<\/ul>\n<!-- \/wp:list -->\n\n<!-- wp:paragraph -->\n<p>To complete your return, we require a receipt or proof of purchase.<\/p>\n<!-- \/wp:paragraph -->\n\n<!-- wp:paragraph -->\n<p>Please do not send your purchase back to the manufacturer.<\/p>\n<!-- \/wp:paragraph -->\n\n<!-- wp:paragraph -->\n<p>There are certain situations where only partial refunds are granted:<\/p>\n<!-- \/wp:paragraph -->\n\n<!-- wp:list -->\n<ul>\n<li>Book with obvious signs of use<\/li>\n<li>CD, DVD, VHS tape, software, video game, cassette tape, or vinyl record that has been opened.<\/li>\n<li>Any item not in its original condition, is damaged or missing parts for reasons not due to our error.<\/li>\n<li>Any item that is returned more than 30 days after delivery<\/li>\n<\/ul>\n<!-- \/wp:list -->\n\n<!-- wp:paragraph -->\n<h2>Refunds<\/h2>\n<!-- \/wp:paragraph -->\n\n<!-- wp:paragraph -->\n<p>Once your return is received and inspected, we will send you an email to notify you that we have received your returned item. We will also notify you of the approval or rejection of your refund.<\/p>\n<!-- \/wp:paragraph -->\n\n<!-- wp:paragraph -->\n<p>If you are approved, then your refund will be processed, and a credit will automatically be applied to your credit card or original method of payment, within a certain amount of days.<\/p>\n<!-- \/wp:paragraph -->\n\n<!-- wp:paragraph -->\n<b>Late or missing refunds<\/b>\n<!-- \/wp:paragraph -->\n\n<!-- wp:paragraph -->\n<p>If you haven\u2019t received a refund yet, first check your bank account again.<\/p>\n<!-- \/wp:paragraph -->\n\n<!-- wp:paragraph -->\n<p>Then contact your credit card company, it may take some time before your refund is officially posted.<\/p>\n<!-- \/wp:paragraph -->\n\n<!-- wp:paragraph -->\n<p>Next contact your bank. There is often some processing time before a refund is posted.<\/p>\n<!-- \/wp:paragraph -->\n\n<!-- wp:paragraph -->\n<p>If you\u2019ve done all of this and you still have not received your refund yet, please contact us at {email address}.<\/p>\n<!-- \/wp:paragraph -->\n\n<!-- wp:paragraph -->\n<b>Sale items<\/b>\n<!-- \/wp:paragraph -->\n\n<!-- wp:paragraph -->\n<p>Only regular priced items may be refunded. Sale items cannot be refunded.<\/p>\n<!-- \/wp:paragraph -->\n\n<!-- wp:paragraph -->\n<h2>Exchanges<\/h2>\n<!-- \/wp:paragraph -->\n\n<!-- wp:paragraph -->\n<p>We only replace items if they are defective or damaged. If you need to exchange it for the same item, send us an email at {email address} and send your item to: {physical address}.<\/p>\n<!-- \/wp:paragraph -->\n\n<!-- wp:paragraph -->\n<h2>Gifts<\/h2>\n<!-- \/wp:paragraph -->\n\n<!-- wp:paragraph -->\n<p>If the item was marked as a gift when purchased and shipped directly to you, you\u2019ll receive a gift credit for the value of your return. Once the returned item is received, a gift certificate will be mailed to you.<\/p>\n<!-- \/wp:paragraph -->\n\n<!-- wp:paragraph -->\n<p>If the item wasn\u2019t marked as a gift when purchased, or the gift giver had the order shipped to themselves to give to you later, we will send a refund to the gift giver and they will find out about your return.<\/p>\n<!-- \/wp:paragraph -->\n\n<!-- wp:paragraph -->\n<h2>Shipping returns<\/h2>\n<!-- \/wp:paragraph -->\n\n<!-- wp:paragraph -->\n<p>To return your product, you should mail your product to: {physical address}.<\/p>\n<!-- \/wp:paragraph -->\n\n<!-- wp:paragraph -->\n<p>You will be responsible for paying for your own shipping costs for returning your item. Shipping costs are non-refundable. If you receive a refund, the cost of return shipping will be deducted from your refund.<\/p>\n<!-- \/wp:paragraph -->\n\n<!-- wp:paragraph -->\n<p>Depending on where you live, the time it may take for your exchanged product to reach you may vary.<\/p>\n<!-- \/wp:paragraph -->\n\n<!-- wp:paragraph -->\n<p>If you are returning more expensive items, you may consider using a trackable shipping service or purchasing shipping insurance. We don\u2019t guarantee that we will receive your returned item.<\/p>\n<!-- \/wp:paragraph -->\n\n<!-- wp:paragraph -->\n<h2>Need help?<\/h2>\n<!-- \/wp:paragraph -->\n\n<!-- wp:paragraph -->\n<p>Contact us at {email} for questions related to refunds and returns.<\/p>\n<!-- \/wp:paragraph -->","_et_gb_content_width":"","_monsterinsights_skip_tracking":false,"_monsterinsights_sitenote_active":false,"_monsterinsights_sitenote_note":"","_monsterinsights_sitenote_category":0,"footnotes":""},"class_list":["post-15","page","type-page","status-publish","hentry"],"_links":{"self":[{"href":"https:\/\/luovatagentit.fi\/sv\/wp-json\/wp\/v2\/pages\/15","targetHints":{"allow":["GET"]}}],"collection":[{"href":"https:\/\/luovatagentit.fi\/sv\/wp-json\/wp\/v2\/pages"}],"about":[{"href":"https:\/\/luovatagentit.fi\/sv\/wp-json\/wp\/v2\/types\/page"}],"author":[{"embeddable":true,"href":"https:\/\/luovatagentit.fi\/sv\/wp-json\/wp\/v2\/users\/1"}],"replies":[{"embeddable":true,"href":"https:\/\/luovatagentit.fi\/sv\/wp-json\/wp\/v2\/comments?post=15"}],"version-history":[{"count":15,"href":"https:\/\/luovatagentit.fi\/sv\/wp-json\/wp\/v2\/pages\/15\/revisions"}],"predecessor-version":[{"id":104667,"href":"https:\/\/luovatagentit.fi\/sv\/wp-json\/wp\/v2\/pages\/15\/revisions\/104667"}],"wp:attachment":[{"href":"https:\/\/luovatagentit.fi\/sv\/wp-json\/wp\/v2\/media?parent=15"}],"curies":[{"name":"wp","href":"https:\/\/api.w.org\/{rel}","templated":true}]}}