{"id":91717,"date":"2022-08-18T16:11:03","date_gmt":"2022-08-18T13:11:03","guid":{"rendered":"https:\/\/divilover.eu\/milly\/?page_id=2408"},"modified":"2023-05-24T10:33:51","modified_gmt":"2023-05-24T07:33:51","slug":"graafinen-suunnittelu","status":"publish","type":"page","link":"https:\/\/luovatagentit.fi\/sv\/graafinen-suunnittelu\/","title":{"rendered":"Grafisk planering"},"content":{"rendered":"\n[et_pb_section fb_built=&#8221;1&#8243; _builder_version=&#8221;4.20.2&#8243; _module_preset=&#8221;default&#8221; background_color=&#8221;rgba(255,255,255,0.4)&#8221; background_image=&#8221;https:\/\/luovatagentit.fi\/wp-content\/uploads\/2023\/02\/kristallli-1_beige.png&#8221; background_size=&#8221;initial&#8221; background_position=&#8221;top_left&#8221; background_blend=&#8221;overlay&#8221; z_index=&#8221;0&#8243; custom_padding=&#8221;120px||0px||false|false&#8221; custom_padding_tablet=&#8221;80px||0px||false|false&#8221; custom_padding_phone=&#8221;50px||0px||false|false&#8221; custom_css_main_element=&#8221;z-index: 0;&#8221; locked=&#8221;off&#8221; global_colors_info=&#8221;{}&#8221;][et_pb_row column_structure=&#8221;1_4,3_4&#8243; make_equal=&#8221;on&#8221; custom_padding_last_edited=&#8221;on|phone&#8221; _builder_version=&#8221;4.20.4&#8243; _module_preset=&#8221;default&#8221; max_width_tablet=&#8221;&#8221; max_width_phone=&#8221;&#8221; max_width_last_edited=&#8221;on|tablet&#8221; custom_padding_tablet=&#8221;&#8221; custom_padding_phone=&#8221;&#8221; locked=&#8221;off&#8221; global_colors_info=&#8221;{}&#8221; max_width__hover_enabled=&#8221;on|desktop&#8221; max_width__hover=&#8221;&#8221;][et_pb_column type=&#8221;1_4&#8243; disabled_on=&#8221;on|on|off&#8221; _builder_version=&#8221;4.18.0&#8243; _module_preset=&#8221;default&#8221; custom_padding_tablet=&#8221;&#8221; custom_padding_phone=&#8221;&#8221; custom_padding_last_edited=&#8221;on|phone&#8221; global_colors_info=&#8221;{}&#8221;][\/et_pb_column][et_pb_column type=&#8221;3_4&#8243; _builder_version=&#8221;4.18.0&#8243; _module_preset=&#8221;default&#8221; custom_padding_tablet=&#8221;&#8221; custom_padding_phone=&#8221;&#8221; custom_padding_last_edited=&#8221;on|phone&#8221; global_colors_info=&#8221;{}&#8221;][dsm_breadcrumbs home_text=&#8221;Etusivu&#8221; show_home_icon=&#8221;off&#8221; separator_icon=&#8221;&#x35;||divi||400&#8243; _builder_version=&#8221;4.20.4&#8243; _module_preset=&#8221;default&#8221; items_font=&#8221;|600||on|||||&#8221; items_font_size=&#8221;14px&#8221; items_letter_spacing=&#8221;1px&#8221; current_font=&#8221;|600||on|||||&#8221; current_text_color=&#8221;#197278&#8243; current_font_size=&#8221;14px&#8221; current_letter_spacing=&#8221;1px&#8221; items_font_size_tablet=&#8221;12px&#8221; items_font_size_phone=&#8221;10px&#8221; items_font_size_last_edited=&#8221;on|phone&#8221; current_font_size_tablet=&#8221;12px&#8221; current_font_size_phone=&#8221;10px&#8221; current_font_size_last_edited=&#8221;on|phone&#8221; global_module=&#8221;103251&#8243; global_colors_info=&#8221;{}&#8221;][\/dsm_breadcrumbs][et_pb_text _builder_version=&#8221;4.20.4&#8243; _module_preset=&#8221;default&#8221; text_font=&#8221;Josefin Sans||||||||&#8221; text_text_color=&#8221;#197278&#8243; max_width=&#8221;90%&#8221; max_width_tablet=&#8221;90%&#8221; max_width_phone=&#8221;100%&#8221; max_width_last_edited=&#8221;on|phone&#8221; custom_margin_tablet=&#8221;&#8221; custom_margin_phone=&#8221;&#8221; custom_margin_last_edited=&#8221;on|phone&#8221; global_colors_info=&#8221;{%22gcid-8c4df213-420b-4fa0-a471-54276bb0f0b2%22:%91%22text_text_color%22%93}&#8221;]<h1>Panosta visuaaliseen ilmeeseen<\/h1>\n<p><em>Graafinen suunnittelu, taittoty\u00f6t, logo, visuaalinen identiteetti<\/em><\/p>[\/et_pb_text][et_pb_text _builder_version=&#8221;4.18.0&#8243; _module_preset=&#8221;default&#8221;]<p>Graafinen suunnittelu on mainostamista, jonka teht\u00e4v\u00e4n\u00e4 on houkutella meit\u00e4 kiinnostumaan merkeist\u00e4 ja br\u00e4ndeist\u00e4.<\/p>\n<p>Graafista suunnittelua n\u00e4emme joka p\u00e4iv\u00e4 esimerkiksi pakkauksissa, verkkosivuilla, julisteissa, kirjoissa, lehdiss\u00e4 ja kylteiss\u00e4. Graafinen suunnittelu antaa yrityksellesi kasvot ja visuaalisen ilmeen. Visuaalinen ilme puolestaan muodostaa asiakkaalle tunteita ja odotuksia yrityst\u00e4, palvelua ja tuotetta kohtaan.<\/p>[\/et_pb_text][et_pb_text _builder_version=&#8221;4.18.0&#8243; _module_preset=&#8221;default&#8221; custom_padding=&#8221;||||false|false&#8221; global_colors_info=&#8221;{}&#8221;]<h2>Graafisen suunnittelun ja printin hy\u00f6dyt<\/h2>[\/et_pb_text][et_pb_text module_id=&#8221;more&#8221; _builder_version=&#8221;4.18.0&#8243; _module_preset=&#8221;default&#8221; custom_padding=&#8221;||||false|false&#8221; global_colors_info=&#8221;{}&#8221;]<p>Globaalien markkinoiden kutistuessa teknologian yh\u00e4 kasvavaan ulottuvuuteen, on silm\u00e4\u00e4npist\u00e4v\u00e4n graafisen suunnittelun tarve tullut entist\u00e4 arvokkaammaksi yrityksille. Graafisten tuotteiden k\u00e4ytt\u00f6tarkoitus on her\u00e4tt\u00e4\u00e4 ihmisi\u00e4 ja pit\u00e4\u00e4 heid\u00e4t kiinnostuneina yritykseen ja sen palveluihin.<\/p>[\/et_pb_text][et_pb_blurb use_icon=&#8221;on&#8221; font_icon=&#8221;&#xf00c;||fa||900&#8243; _builder_version=&#8221;4.18.0&#8243; _module_preset=&#8221;_initial&#8221; global_colors_info=&#8221;{}&#8221;]<h3>Se selkeytt\u00e4\u00e4<\/h3>\n<p>Graafinen suunnittelu ajattelee yksinkertaisesti. Se tekee hankalista numeroistakin selv\u00e4\u00e4.<\/p>[\/et_pb_blurb][et_pb_blurb use_icon=&#8221;on&#8221; font_icon=&#8221;&#xf00c;||fa||900&#8243; _builder_version=&#8221;4.18.0&#8243; _module_preset=&#8221;_initial&#8221; global_colors_info=&#8221;{}&#8221;]<h3>Sinut muistetaan<\/h3>\n<p>Yrityskuvasi painuu vahvasti asiakkaidesi mieleen, ja he haluavat tulla luoksesi uudestaan.<\/p>[\/et_pb_blurb][et_pb_blurb use_icon=&#8221;on&#8221; font_icon=&#8221;&#xf00c;||fa||900&#8243; _builder_version=&#8221;4.18.0&#8243; _module_preset=&#8221;_initial&#8221; global_colors_info=&#8221;{}&#8221;]<h3>Tehostaa myynti\u00e4<\/h3>\n<p>Hyv\u00e4 suunnittelu tavoittaa potentiaaliset asiakkaat. Se auttaa pit\u00e4m\u00e4\u00e4n kohdeyleis\u00f6si ja lunastamaan heid\u00e4n luottamuksen.<\/p>[\/et_pb_blurb][et_pb_blurb use_icon=&#8221;on&#8221; font_icon=&#8221;&#xf00c;||fa||900&#8243; _builder_version=&#8221;4.18.0&#8243; _module_preset=&#8221;_initial&#8221; global_colors_info=&#8221;{}&#8221;]<h3>Erotut kilpailijoistasi<\/h3>\n<p>Hyv\u00e4 graafinen suunnittelu tuo yrityksesi persoonan ja arvot esiin, tukee positiivisesti mielikuvaa br\u00e4ndist\u00e4si sek\u00e4 erottaa yrityksesi kilpailijoista.<\/p>[\/et_pb_blurb][et_pb_blurb use_icon=&#8221;on&#8221; font_icon=&#8221;&#xf00c;||fa||900&#8243; _builder_version=&#8221;4.18.0&#8243; _module_preset=&#8221;_initial&#8221; global_colors_info=&#8221;{}&#8221;]<h3>Laittaa asiakkaasi ensin<\/h3>\n<p>Graafiset tuotteet suunnitellaan asiakasl\u00e4ht\u00f6isesti. V\u00e4rit, muodot ja niiden paikka vaikuttavat kaikki lopputulokseen.<\/p>[\/et_pb_blurb][et_pb_blurb use_icon=&#8221;on&#8221; font_icon=&#8221;&#xf00c;||fa||900&#8243; _builder_version=&#8221;4.18.0&#8243; _module_preset=&#8221;_initial&#8221; global_colors_info=&#8221;{}&#8221;]<h3>Antaa hyv\u00e4n ensivaikutelman<\/h3>\n<p>Ensivaikutelma on t\u00e4rke\u00e4. Visuaalisuus her\u00e4tt\u00e4\u00e4 ihmisiss\u00e4 enemm\u00e4n kiinnostusta kuin pelkk\u00e4 teksti.<\/p>[\/et_pb_blurb][\/et_pb_column][\/et_pb_row][et_pb_row column_structure=&#8221;1_4,3_4&#8243; _builder_version=&#8221;4.20.4&#8243; _module_preset=&#8221;default&#8221; global_colors_info=&#8221;{}&#8221;][et_pb_column type=&#8221;1_4&#8243; _builder_version=&#8221;4.20.2&#8243; _module_preset=&#8221;default&#8221; global_colors_info=&#8221;{}&#8221;][et_pb_image src=&#8221;https:\/\/luovatagentit.fi\/wp-content\/uploads\/revslider\/slider-1\/heta.png&#8221; alt=&#8221;Piirretty kuva luovien agenttien Hetasta jolla on ruutuvihko k\u00e4siss\u00e4\u00e4n ja kyn\u00e4 korvan takana&#8221; title_text=&#8221;heta.png&#8221; disabled_on=&#8221;on|on|off&#8221; _builder_version=&#8221;4.20.4&#8243; _module_preset=&#8221;default&#8221; position_origin_a=&#8221;bottom_center&#8221; custom_margin=&#8221;||0px||false|false&#8221; custom_padding=&#8221;||0px||false|false&#8221; sticky_position=&#8221;bottom&#8221; sticky_limit_top=&#8221;body&#8221; motion_trigger_start=&#8221;top&#8221; hover_enabled=&#8221;0&#8243; global_colors_info=&#8221;{}&#8221; sticky_enabled=&#8221;0&#8243;][\/et_pb_image][\/et_pb_column][et_pb_column type=&#8221;3_4&#8243; _builder_version=&#8221;4.20.2&#8243; _module_preset=&#8221;default&#8221; global_colors_info=&#8221;{}&#8221;][et_pb_text content_tablet=&#8221;<h2>Joustavia ratkaisuja erilaisiin tarpeisiin<\/h2>&#8221; content_phone=&#8221;<h2>Joustavia ratkaisuja erilaisiin tarpeisiin<\/h2>&#8221; content_last_edited=&#8221;on|phone&#8221; _builder_version=&#8221;4.20.4&#8243; _module_preset=&#8221;default&#8221; custom_padding=&#8221;40px||||false|false&#8221; global_colors_info=&#8221;{}&#8221;]<h2>Joustavia ratkaisuja erilaisiin tarpeisiin<\/h2>[\/et_pb_text][et_pb_text _builder_version=&#8221;4.18.0&#8243; _module_preset=&#8221;default&#8221; text_text_color=&#8221;#030E0F&#8221; max_width=&#8221;800px&#8221; module_alignment=&#8221;left&#8221; global_colors_info=&#8221;{}&#8221;]<p style=\"text-align: left;\">Olemme toteuttaneet asiakkaillemme br\u00e4ndisuunnittelua, mutta my\u00f6s paljon yksitt\u00e4isi\u00e4 ja yksinkertaisempia graafisia t\u00f6it\u00e4. Toimimme my\u00f6s monen yrityksen tukena taittot\u00f6iss\u00e4 ja br\u00e4ndi-identiteetin yll\u00e4pit\u00e4misess\u00e4.<\/p>\n<p style=\"text-align: left;\">Tutustu hinnastoon ja esit\u00e4 meille budjettisi. Monesti olemme kyenneet toteuttamaan graafista suunnittelua asiakkaan budjettiin sovittaen. Huikkaa ja heit\u00e4 meille tarjouspyynt\u00f6, jollei etsim\u00e4\u00e4si hinnastosta l\u00f6ydy!<\/p>[\/et_pb_text][et_pb_button button_url=&#8221;@ET-DC@eyJkeW5hbWljIjp0cnVlLCJjb250ZW50IjoicG9zdF9saW5rX3VybF9wYWdlIiwic2V0dGluZ3MiOnsicG9zdF9pZCI6Ijk4NDkxIn19@&#8221; button_text=&#8221;Hinnasto&#8221; button_alignment=&#8221;left&#8221; disabled_on=&#8221;off|off|off&#8221; _builder_version=&#8221;4.20.2&#8243; _dynamic_attributes=&#8221;button_url&#8221; _module_preset=&#8221;c51b259a-40a1-46c0-a658-bffd9e980d4f&#8221; button_border_color=&#8221;#030E0F&#8221; button_border_radius=&#8221;0px&#8221; custom_margin=&#8221;||||false|false&#8221; global_colors_info=&#8221;{}&#8221; button_bg_color__hover_enabled=&#8221;on|desktop&#8221; button_border_width__hover_enabled=&#8221;on|desktop&#8221; button_bg_enable_color__hover=&#8221;on&#8221;][\/et_pb_button][\/et_pb_column][\/et_pb_row][et_pb_row disabled_on=&#8221;off|off|on&#8221; _builder_version=&#8221;4.20.2&#8243; _module_preset=&#8221;default&#8221; width=&#8221;98%&#8221; width_tablet=&#8221;98%&#8221; width_phone=&#8221;98%&#8221; global_colors_info=&#8221;{}&#8221;][et_pb_column type=&#8221;4_4&#8243; _builder_version=&#8221;4.20.2&#8243; _module_preset=&#8221;default&#8221; global_colors_info=&#8221;{}&#8221;][et_pb_image src=&#8221;https:\/\/luovatagentit.fi\/wp-content\/uploads\/2023\/03\/LATOverkostoa.png&#8221; alt=&#8221;Erilaisia luovia agentteja riviss\u00e4. Valokuvaajia, dronelent\u00e4ji\u00e4, kirjoittajia, web-kehitt\u00e4ji\u00e4, hakukoneoptimoinnin osaajia ja muita luovia agentteja&#8221; title_text=&#8221;LATOverkostoa&#8221; align=&#8221;center&#8221; disabled_on=&#8221;off|off|off&#8221; _builder_version=&#8221;4.20.2&#8243; _module_preset=&#8221;default&#8221; custom_padding=&#8221;50px||||false|false&#8221; custom_padding_tablet=&#8221;50px||||false|false&#8221; custom_padding_phone=&#8221;50px||||false|false&#8221; custom_padding_last_edited=&#8221;on|phone&#8221; global_colors_info=&#8221;{}&#8221;][\/et_pb_image][\/et_pb_column][\/et_pb_row][\/et_pb_section]\n","protected":false},"excerpt":{"rendered":"<p><div class=\"et_pb_module dsm_breadcrumbs dsm_breadcrumbs_0\">\n\t\t\t\t\n\t\t\t\t\n\t\t\t\t\n\t\t\t\t\n\t\t\t\t\n\t\t\t\t\n\t\t\t\t<div class=\"et_pb_module_inner\">\n\t\t\t\t\t<nav class=\"dsm_breadcrumbs_wrap\" role=\"navigation\" itemscope=\"\" itemtype=\"http:\/\/schema.org\/SiteNavigationElement\">\n\t\t\t\t<ul class=\"dsm_breadcrumbs\">\n\t\t\t<li class='dsm_breadcrumbs_item dsm_home_item dsm_home_item_custom'>\n\t\t\t\t<a href=\"https:\/\/luovatagentit.fi\/sv\" itemprop=\"url\">\n\t\t\t\t\t<span class='dsm_home_text_wrapper'>\n\t\t\t\t\t\t\t\t\t\t\t\t\t<span class=\"dsm_home_text\" itemprop=\"name\">\n\t\t\t\t\t\t\t\tEtusivu\t\t\t\t\t\t\t<\/span>\n\t\t\t\t\t<\/span>\n\t\t\t\t<\/a>\n\t\t\t<\/li>\n\n\t\t<li class=\"dsm_breadcrumbs_separator\"> <span class=\"et-pb-icon dsm_separator_icon\">&#x35;<\/span><\/li><\/ul>\n\t\t\t<\/nav>\n\t\t\t\t<\/div>\n\t\t\t<\/div>Panosta visuaaliseen ilmeeseen Graafinen suunnittelu, taittoty\u00f6t, logo, visuaalinen identiteettiGraafinen suunnittelu on mainostamista, jonka teht\u00e4v\u00e4n\u00e4 on houkutella meit\u00e4 kiinnostumaan merkeist\u00e4 ja br\u00e4ndeist\u00e4. Graafista suunnittelua n\u00e4emme joka p\u00e4iv\u00e4 esimerkiksi pakkauksissa, verkkosivuilla, julisteissa, kirjoissa, lehdiss\u00e4 ja kylteiss\u00e4. Graafinen [&hellip;]<\/p>\n","protected":false},"author":1,"featured_media":0,"parent":0,"menu_order":26,"comment_status":"closed","ping_status":"closed","template":"","meta":{"_et_pb_use_builder":"on","_et_pb_old_content":"","_et_gb_content_width":"","_monsterinsights_skip_tracking":false,"_monsterinsights_sitenote_active":false,"_monsterinsights_sitenote_note":"","_monsterinsights_sitenote_category":0,"footnotes":""},"class_list":["post-91717","page","type-page","status-publish","hentry"],"_links":{"self":[{"href":"https:\/\/luovatagentit.fi\/sv\/wp-json\/wp\/v2\/pages\/91717","targetHints":{"allow":["GET"]}}],"collection":[{"href":"https:\/\/luovatagentit.fi\/sv\/wp-json\/wp\/v2\/pages"}],"about":[{"href":"https:\/\/luovatagentit.fi\/sv\/wp-json\/wp\/v2\/types\/page"}],"author":[{"embeddable":true,"href":"https:\/\/luovatagentit.fi\/sv\/wp-json\/wp\/v2\/users\/1"}],"replies":[{"embeddable":true,"href":"https:\/\/luovatagentit.fi\/sv\/wp-json\/wp\/v2\/comments?post=91717"}],"version-history":[{"count":57,"href":"https:\/\/luovatagentit.fi\/sv\/wp-json\/wp\/v2\/pages\/91717\/revisions"}],"predecessor-version":[{"id":103817,"href":"https:\/\/luovatagentit.fi\/sv\/wp-json\/wp\/v2\/pages\/91717\/revisions\/103817"}],"wp:attachment":[{"href":"https:\/\/luovatagentit.fi\/sv\/wp-json\/wp\/v2\/media?parent=91717"}],"curies":[{"name":"wp","href":"https:\/\/api.w.org\/{rel}","templated":true}]}}