{"id":93303,"date":"2022-04-04T12:17:51","date_gmt":"2022-04-04T09:17:51","guid":{"rendered":"https:\/\/divilover.eu\/milly\/services\/"},"modified":"2023-12-01T11:12:36","modified_gmt":"2023-12-01T09:12:36","slug":"palvelut","status":"publish","type":"page","link":"https:\/\/luovatagentit.fi\/sv\/palvelut\/","title":{"rendered":"Tj\u00e4nster"},"content":{"rendered":"<p>[et_pb_section fb_built=&#8221;1&#8243; _builder_version=&#8221;4.20.4&#8243; _module_preset=&#8221;default&#8221; custom_padding=&#8221;120px||0px||false|false&#8221; custom_padding_tablet=&#8221;80px||0px||false|false&#8221; custom_padding_phone=&#8221;0px||0px||true|false&#8221; global_colors_info=&#8221;{}&#8221;][et_pb_row column_structure=&#8221;2_3,1_3&#8243; _builder_version=&#8221;4.20.4&#8243; _module_preset=&#8221;default&#8221; max_width=&#8221;1050px&#8221; global_colors_info=&#8221;{}&#8221;][et_pb_column type=&#8221;2_3&#8243; _builder_version=&#8221;4.20.4&#8243; _module_preset=&#8221;default&#8221; global_colors_info=&#8221;{}&#8221;][et_pb_text _builder_version=&#8221;4.20.4&#8243; _module_preset=&#8221;default&#8221; header_2_font_size=&#8221;48px&#8221; max_width=&#8221;600px&#8221; module_alignment=&#8221;left&#8221; header_font_size_tablet=&#8221;&#8221; header_font_size_phone=&#8221;&#8221; header_font_size_last_edited=&#8221;on|desktop&#8221; header_2_font_size_tablet=&#8221;34px&#8221; header_2_font_size_phone=&#8221;30px&#8221; global_colors_info=&#8221;{}&#8221;]<\/p>\n<h1>Mit\u00e4 me teemme<\/h1>\n<p>[\/et_pb_text][et_pb_blurb title=&#8221;Digimarkkinointi&#8221; use_icon=&#8221;on&#8221; font_icon=&#8221;&#xf00c;||fa||900&#8243; _builder_version=&#8221;4.20.4&#8243; _module_preset=&#8221;_initial&#8221; header_level=&#8221;h3&#8243; header_font=&#8221;Neuton|700|||||||&#8221; header_font_size=&#8221;30px&#8221; header_letter_spacing=&#8221;0em&#8221; body_link_font=&#8221;||||on||||&#8221; header_font_size_tablet=&#8221;24px&#8221; header_font_size_phone=&#8221;24px&#8221; header_font_size_last_edited=&#8221;on|phone&#8221; global_colors_info=&#8221;{}&#8221;]<\/p>\n<p><a href=\"https:\/\/luovatagentit.fi\/verkkosivut\/\">Verkkosivut<\/a>, <a href=\"https:\/\/luovatagentit.fi\/verkkokaupat\/\">verkkokaupat<\/a>, Google-mainonta, somemainonta, web-analytiikka, <a href=\"https:\/\/luovatagentit.fi\/hakukoneoptimointi-seo\/\">hakukoneoptimointi (SEO)<\/a>, s\u00e4hk\u00f6postimarkkinointi<\/p>\n<p>[\/et_pb_blurb][et_pb_blurb title=&#8221;Sis\u00e4ll\u00f6ntuotanto&#8221; use_icon=&#8221;on&#8221; font_icon=&#8221;&#xf00c;||fa||900&#8243; _builder_version=&#8221;4.20.4&#8243; _module_preset=&#8221;_initial&#8221; header_level=&#8221;h3&#8243; header_font=&#8221;Neuton|700|||||||&#8221; header_font_size=&#8221;30px&#8221; header_letter_spacing=&#8221;0em&#8221; body_link_font=&#8221;||||on||||&#8221; header_font_size_tablet=&#8221;24px&#8221; header_font_size_phone=&#8221;24px&#8221; header_font_size_last_edited=&#8221;on|phone&#8221; global_colors_info=&#8221;{}&#8221;]<\/p>\n<p><a href=\"https:\/\/luovatagentit.fi\/sisallontuotanto\/\">Somesis\u00e4ll\u00f6t ja blogitekstit<\/a>, <a href=\"https:\/\/luovatagentit.fi\/valokuvaus\/\">valokuvaus<\/a>, <a href=\"https:\/\/luovatagentit.fi\/videotuotannot\/\">\u00e4\u00e4ni- ja videotuotanto<\/a>, verkkosivu- ja tuotetekstit, uutiskirjeet, yritys- ja referenssitarinat<\/p>\n<p>[\/et_pb_blurb][et_pb_blurb title=&#8221;Graafinen suunnittelu&#8221; use_icon=&#8221;on&#8221; font_icon=&#8221;&#xf00c;||fa||900&#8243; _builder_version=&#8221;4.20.4&#8243; _module_preset=&#8221;_initial&#8221; header_level=&#8221;h3&#8243; header_font=&#8221;Neuton|700|||||||&#8221; header_font_size=&#8221;30px&#8221; header_letter_spacing=&#8221;0em&#8221; body_link_font=&#8221;||||on||||&#8221; header_font_size_tablet=&#8221;24px&#8221; header_font_size_phone=&#8221;24px&#8221; header_font_size_last_edited=&#8221;on|phone&#8221; global_colors_info=&#8221;{}&#8221;]<\/p>\n<p><a href=\"https:\/\/luovatagentit.fi\/graafinen-suunnittelu\/\">Logosuunnittelu<\/a>, <a href=\"https:\/\/luovatagentit.fi\/brandisuunnittelu\/\">visuaalisen ilmeen suunnittelu<\/a>, <a href=\"https:\/\/luovatagentit.fi\/graafinen-suunnittelu\/\">painotuotteiden suunnittelu<\/a>, <a href=\"https:\/\/luovatagentit.fi\/kuvituspalvelut\/\">kuvitus<\/a>, <a href=\"https:\/\/luovatagentit.fi\/animaatiot\/\">animaatiot<\/a>, taittoty\u00f6t<\/p>\n<p>[\/et_pb_blurb][et_pb_button button_url=&#8221;@ET-DC@eyJkeW5hbWljIjp0cnVlLCJjb250ZW50IjoicG9zdF9saW5rX3VybF9wYWdlIiwic2V0dGluZ3MiOnsicG9zdF9pZCI6Ijk4NDkxIn19@&#8221; button_text=&#8221;Tutustu hinnastoon&#8221; button_alignment=&#8221;left&#8221; _builder_version=&#8221;4.20.4&#8243; _dynamic_attributes=&#8221;button_url&#8221; _module_preset=&#8221;feef0671-7e77-4f67-aa6d-5141e237fc12&#8243; button_text_color=&#8221;#111111&#8243; button_letter_spacing=&#8221;0px&#8221; background_layout=&#8221;dark&#8221; custom_margin=&#8221;70px||||false|false&#8221; global_colors_info=&#8221;{%22gcid-8c4df213-420b-4fa0-a471-54276bb0f0b2%22:%91%22button_icon_color__hover%22,%22button_icon_color%22,%22button_icon_color__hover%22,%22button_icon_color%22,%22button_icon_color__hover%22,%22button_icon_color%22%93,%22gcid-cddca199-61a4-432c-af4f-a277bc68a2ac%22:%91%22button_icon_color__hover%22,%22button_icon_color__hover%22,%22button_icon_color__hover%22%93,%22gcid-4a83523d-5bbe-46f2-a1f1-da7888e08624%22:%91%22button_border_color__hover%22,%22button_border_color__hover%22,%22button_border_color__hover%22%93}&#8221;][\/et_pb_button][\/et_pb_column][et_pb_column type=&#8221;1_3&#8243; _builder_version=&#8221;4.20.4&#8243; _module_preset=&#8221;default&#8221; global_colors_info=&#8221;{}&#8221;][et_pb_image src=&#8221;https:\/\/luovatagentit.fi\/wp-content\/uploads\/revslider\/slider-1\/kimmo.png&#8221; alt=&#8221;Piirretty kuva luovien agenttien Kimmosta osoittamassa jotakin&#8221; title_text=&#8221;Piirretty kuva luovien agenttien Kimmosta osoittamassa jotakin&#8221; align=&#8221;center&#8221; disabled_on=&#8221;on|on|off&#8221; _builder_version=&#8221;4.20.4&#8243; _module_preset=&#8221;default&#8221; width=&#8221;100%&#8221; global_colors_info=&#8221;{}&#8221;][\/et_pb_image][\/et_pb_column][\/et_pb_row][\/et_pb_section]<\/p>\n","protected":false},"excerpt":{"rendered":"<p>Mit\u00e4 me teemmeVerkkosivut, verkkokaupat, Google-mainonta, somemainonta, web-analytiikka, hakukoneoptimointi (SEO), s\u00e4hk\u00f6postimarkkinointiSomesis\u00e4ll\u00f6t ja blogitekstit, valokuvaus, \u00e4\u00e4ni- ja videotuotanto, verkkosivu- ja tuotetekstit, uutiskirjeet, yritys- ja referenssitarinatLogosuunnittelu, visuaalisen ilmeen suunnittelu, painotuotteiden suunnittelu, kuvitus, animaatiot, taittoty\u00f6t<\/p>","protected":false},"author":1,"featured_media":0,"parent":0,"menu_order":27,"comment_status":"closed","ping_status":"closed","template":"","meta":{"_et_pb_use_builder":"on","_et_pb_old_content":"","_et_gb_content_width":"","_monsterinsights_skip_tracking":false,"_monsterinsights_sitenote_active":false,"_monsterinsights_sitenote_note":"","_monsterinsights_sitenote_category":0,"footnotes":""},"class_list":["post-93303","page","type-page","status-publish","hentry"],"_links":{"self":[{"href":"https:\/\/luovatagentit.fi\/sv\/wp-json\/wp\/v2\/pages\/93303","targetHints":{"allow":["GET"]}}],"collection":[{"href":"https:\/\/luovatagentit.fi\/sv\/wp-json\/wp\/v2\/pages"}],"about":[{"href":"https:\/\/luovatagentit.fi\/sv\/wp-json\/wp\/v2\/types\/page"}],"author":[{"embeddable":true,"href":"https:\/\/luovatagentit.fi\/sv\/wp-json\/wp\/v2\/users\/1"}],"replies":[{"embeddable":true,"href":"https:\/\/luovatagentit.fi\/sv\/wp-json\/wp\/v2\/comments?post=93303"}],"version-history":[{"count":26,"href":"https:\/\/luovatagentit.fi\/sv\/wp-json\/wp\/v2\/pages\/93303\/revisions"}],"predecessor-version":[{"id":104436,"href":"https:\/\/luovatagentit.fi\/sv\/wp-json\/wp\/v2\/pages\/93303\/revisions\/104436"}],"wp:attachment":[{"href":"https:\/\/luovatagentit.fi\/sv\/wp-json\/wp\/v2\/media?parent=93303"}],"curies":[{"name":"wp","href":"https:\/\/api.w.org\/{rel}","templated":true}]}}