{"id":104019,"date":"2023-09-07T14:12:35","date_gmt":"2023-09-07T11:12:35","guid":{"rendered":"https:\/\/luovatagentit.fi\/?post_type=product&#038;p=104019"},"modified":"2024-01-28T20:48:33","modified_gmt":"2024-01-28T18:48:33","slug":"tarvekartoitus-tyopaja","status":"publish","type":"product","link":"https:\/\/luovatagentit.fi\/sv\/produkt\/tarvekartoitus-tyopaja\/","title":{"rendered":"Tarvekartoitus -ty\u00f6paja"},"content":{"rendered":"","protected":false},"excerpt":{"rendered":"<p>Tarvekartoitusty\u00f6pajassa kartoitetaan yrityksenne markkinoinnin nykytilaa ja tavoitteita sek\u00e4 priorisoidaan tavoitteen mukaisia toimenpiteit\u00e4. Ty\u00f6paja kest\u00e4\u00e4 2,5h ja suositeltava osallistujam\u00e4\u00e4r\u00e4 on 3-8hl\u00f6\u00e4. Toimenkuviltaan osallistujien olisi hyv\u00e4 olla yrityksen markkinoinnista\/viestinn\u00e4st\u00e4, myynnist\u00e4 ja\/tai liiketoiminnan johdosta.<\/p>\n<p><img decoding=\"async\" class=\"alignnone  wp-image-104527\" src=\"https:\/\/luovatagentit.fi\/wp-content\/uploads\/2024\/01\/Euroopan-unionin-osarahoittama-296x300.jpg\" alt=\"Euroopan Unionin Osarahoittama\" width=\"124\" height=\"126\" \/><\/p>","protected":false},"featured_media":103987,"template":"","meta":{"_et_pb_use_builder":"","_et_pb_old_content":"","_et_gb_content_width":"","_monsterinsights_skip_tracking":false,"_monsterinsights_sitenote_active":false,"_monsterinsights_sitenote_note":"","_monsterinsights_sitenote_category":0},"product_brand":[],"product_cat":[87],"product_tag":[],"class_list":{"0":"post-104019","1":"product","2":"type-product","3":"status-publish","4":"has-post-thumbnail","6":"product_cat-tyopajat","8":"first","9":"instock","10":"virtual","11":"sold-individually","12":"taxable","13":"purchasable","14":"product-type-booking"},"_links":{"self":[{"href":"https:\/\/luovatagentit.fi\/sv\/wp-json\/wp\/v2\/product\/104019","targetHints":{"allow":["GET"]}}],"collection":[{"href":"https:\/\/luovatagentit.fi\/sv\/wp-json\/wp\/v2\/product"}],"about":[{"href":"https:\/\/luovatagentit.fi\/sv\/wp-json\/wp\/v2\/types\/product"}],"wp:featuredmedia":[{"embeddable":true,"href":"https:\/\/luovatagentit.fi\/sv\/wp-json\/wp\/v2\/media\/103987"}],"wp:attachment":[{"href":"https:\/\/luovatagentit.fi\/sv\/wp-json\/wp\/v2\/media?parent=104019"}],"wp:term":[{"taxonomy":"product_brand","embeddable":true,"href":"https:\/\/luovatagentit.fi\/sv\/wp-json\/wp\/v2\/product_brand?post=104019"},{"taxonomy":"product_cat","embeddable":true,"href":"https:\/\/luovatagentit.fi\/sv\/wp-json\/wp\/v2\/product_cat?post=104019"},{"taxonomy":"product_tag","embeddable":true,"href":"https:\/\/luovatagentit.fi\/sv\/wp-json\/wp\/v2\/product_tag?post=104019"}],"curies":[{"name":"wp","href":"https:\/\/api.w.org\/{rel}","templated":true}]}}