{"id":104094,"date":"2023-09-11T13:55:16","date_gmt":"2023-09-11T10:55:16","guid":{"rendered":"https:\/\/luovatagentit.fi\/?post_type=product&#038;p=104094"},"modified":"2024-01-28T20:50:07","modified_gmt":"2024-01-28T18:50:07","slug":"brandisprintti-tyopaja","status":"publish","type":"product","link":"https:\/\/luovatagentit.fi\/sv\/produkt\/brandisprintti-tyopaja\/","title":{"rendered":"Br\u00e4ndisprintti -ty\u00f6paja"},"content":{"rendered":"","protected":false},"excerpt":{"rendered":"<p>Br\u00e4ndisprintti auttaa muuntamaan organisaation br\u00e4ndi-imagoa koskevat ajatukset konkretiaan ja sanoittamaan br\u00e4ndin DNA:n. Ty\u00f6pajassa k\u00e4yd\u00e4\u00e4n l\u00e4pi yrityksenne olemassaolon syyt\u00e4 (mit\u00e4, miten, miksi), arvoja, kohderyhmi\u00e4, br\u00e4ndin luonnetta ja kilpailijoita. Ty\u00f6pajan suositeltava osallistujam\u00e4\u00e4r\u00e4 on n. 3-8 henkil\u00f6\u00e4 asiakkaan puolelta. Mukana on hyv\u00e4 olla henkil\u00f6it\u00e4 markkinoinnista, myynnist\u00e4 ja\/tai ehdottomasti liiketoiminnan johdosta.<\/p>\n<p><img decoding=\"async\" class=\"alignnone  wp-image-104527\" src=\"https:\/\/luovatagentit.fi\/wp-content\/uploads\/2024\/01\/Euroopan-unionin-osarahoittama-296x300.jpg\" alt=\"Euroopan Unionin Osarahoittama\" width=\"129\" height=\"131\" \/><\/p>","protected":false},"featured_media":104003,"template":"","meta":{"_et_pb_use_builder":"","_et_pb_old_content":"","_et_gb_content_width":"","_monsterinsights_skip_tracking":false,"_monsterinsights_sitenote_active":false,"_monsterinsights_sitenote_note":"","_monsterinsights_sitenote_category":0},"product_brand":[],"product_cat":[87],"product_tag":[],"class_list":{"0":"post-104094","1":"product","2":"type-product","3":"status-publish","4":"has-post-thumbnail","6":"product_cat-tyopajat","8":"first","9":"instock","10":"virtual","11":"sold-individually","12":"taxable","13":"purchasable","14":"product-type-booking"},"_links":{"self":[{"href":"https:\/\/luovatagentit.fi\/sv\/wp-json\/wp\/v2\/product\/104094","targetHints":{"allow":["GET"]}}],"collection":[{"href":"https:\/\/luovatagentit.fi\/sv\/wp-json\/wp\/v2\/product"}],"about":[{"href":"https:\/\/luovatagentit.fi\/sv\/wp-json\/wp\/v2\/types\/product"}],"wp:featuredmedia":[{"embeddable":true,"href":"https:\/\/luovatagentit.fi\/sv\/wp-json\/wp\/v2\/media\/104003"}],"wp:attachment":[{"href":"https:\/\/luovatagentit.fi\/sv\/wp-json\/wp\/v2\/media?parent=104094"}],"wp:term":[{"taxonomy":"product_brand","embeddable":true,"href":"https:\/\/luovatagentit.fi\/sv\/wp-json\/wp\/v2\/product_brand?post=104094"},{"taxonomy":"product_cat","embeddable":true,"href":"https:\/\/luovatagentit.fi\/sv\/wp-json\/wp\/v2\/product_cat?post=104094"},{"taxonomy":"product_tag","embeddable":true,"href":"https:\/\/luovatagentit.fi\/sv\/wp-json\/wp\/v2\/product_tag?post=104094"}],"curies":[{"name":"wp","href":"https:\/\/api.w.org\/{rel}","templated":true}]}}