{"id":104289,"date":"2023-09-28T09:29:19","date_gmt":"2023-09-28T06:29:19","guid":{"rendered":"https:\/\/luovatagentit.fi\/?post_type=product&#038;p=104289"},"modified":"2023-10-16T10:11:37","modified_gmt":"2023-10-16T07:11:37","slug":"kevyt-hakukoneoptimoinnin-auditointi-seo-audit","status":"publish","type":"product","link":"https:\/\/luovatagentit.fi\/sv\/produkt\/kevyt-hakukoneoptimoinnin-auditointi-seo-audit\/","title":{"rendered":"Kevyt hakukoneoptimoinnin auditointi (SEO-audit)"},"content":{"rendered":"<p><strong>Mihin SEO-auditointia tarvitaan?<\/strong><br \/>\nKaikki tahtovat Googlen ensimm\u00e4iselle sivulle, mutta reitti sinne ei ole aina aivan selv\u00e4. T\u00e4ss\u00e4<br \/>\nLuova Agentti astuu kuvioon. Asiantuntijamme tiet\u00e4v\u00e4t miten hakukonesijoituksia voidaan<br \/>\nsaavuttaa ja mit\u00e4 se k\u00e4yt\u00e4nn\u00f6ss\u00e4 vaatii. Kevyt SEO-auditointi antaa pohjan sis\u00e4ll\u00f6lliselle<br \/>\nhakukoneoptimoinnille, sis\u00e4ll\u00f6n tuotannolle sek\u00e4 sivuston tekniselle hakukoneoptimoinnille.<br \/>\nKevyt SEO-auditointi on optimaalinen ensiaskel yrityksesi hakukonen\u00e4kyvyyden<br \/>\nparantamisessa.<\/p>\n<p><strong>Mit\u00e4 SEO-auditointi pit\u00e4\u00e4 sis\u00e4ll\u00e4\u00e4n?<\/strong><br \/>\n\u25cf Yleiskatsaus hakukonen\u00e4kyvyyteen: Tunnistamme, miten sijoitut hakukoneissa nyt, sek\u00e4<br \/>\nmiten ja mill\u00e4 avainsanoilla voisit sijoittua.<br \/>\n\u25cf Toimenpide-ehdotukset: Annamme konkreettisia, toimeenpantavia ehdotuksia, joilla<br \/>\nparannat sivustosi hakukonesijoitusta.<br \/>\n\u25cf Avainsanatutkimus: Kartoitamme, mill\u00e4 avainsanoilla potentiaaliset asiakkaasi l\u00f6yt\u00e4v\u00e4t<br \/>\nsinut.<br \/>\n\u25cf Kevyt sis\u00e4lt\u00f6suunnitelma: Kerromme, millaisia sis\u00e4lt\u00f6j\u00e4 sivustolla tulisi olla, tai miten<br \/>\nnykyisi\u00e4 sis\u00e4lt\u00f6j\u00e4 voidaan parantaa.<\/p>\n<p><strong>Miten auditointi toteutetaan?<\/strong><br \/>\nAnalyysi: Tarkastus kattaa kaikki hakukoneoptimoinnin osa-alueet \u2013 avainsanat, metatekstit,<br \/>\nlinkit, jne.<br \/>\nRaportti: Saat yksityiskohtaisen, sinulle r\u00e4\u00e4t\u00e4l\u00f6idyn raportin havainnoista ja ehdotuksista.<br \/>\nSeuranta: Tarjoamme mahdollisuuden jatkoseurantaan ja hakukoneoptimointiin, sill\u00e4<br \/>\nhakukoneoptimointi on jatkuvaa ty\u00f6t\u00e4.<br \/>\nKenelle kevyt SEO-auditointi on tarkoitettu?<br \/>\nKevyt SEO-auditointi sopii erityisesti pienille ja keskisuurille yrityksille, jotka haluavat nopean<br \/>\nkatsauksen sivustonsa tilasta ilman syv\u00e4luotaavaa analyysi\u00e4. Se on my\u00f6s mainio tapa aloittaa<br \/>\njatkuvampi SEO-ty\u00f6skentely.<\/p>\n<p><strong>Miksi valita Luovat Agentit?<\/strong><br \/>\nLuovilla Agenteillamme on vankka kokemus sek\u00e4 teknisest\u00e4 ett\u00e4 sis\u00e4ll\u00f6llisest\u00e4 SEO:sta.<br \/>\nYmm\u00e4rr\u00e4mme, ett\u00e4 jokainen yritys on erilainen, ja r\u00e4\u00e4t\u00e4l\u00f6imme palvelumme aina asiakkaan<br \/>\ntarpeiden mukaisesti.<\/p>","protected":false},"excerpt":{"rendered":"<p>Kevyt SEO-auditointi tarjoaa yrityksellesi nopean, mutta perusteellisen katsauksen sivustosi hakukonen\u00e4kyvyyteen. K\u00e4ymme l\u00e4pi kaikki hakukoneoptimoinnin osa-alueet \u2013 aina avainsanoista sivuston teknisiin ominaisuuksiin \u2013 antaen konkreettisia ehdotuksia parannuksiksi. Kevyt SEO-auditointi on kuin l\u00e4\u00e4k\u00e4rintarkastus sivustollesi; pikainen, informatiivinen ja ehdottoman hy\u00f6dyllinen. Lue lis\u00e4\u00e4 hakukoneoptimoinnista <a href=\"https:\/\/luovatagentit.fi\/sv\/seo-hakukoneoptimointi\/\"><u>t\u00e4\u00e4lt\u00e4<\/u><\/a>!<\/p>\n<p><em>Varaa ensin aika n. 1h pituiseen alkukartoitukseen, jonka pohjalta voimme jatkaa itsen\u00e4isesti hakukoneoptimoinnin auditoinnin kanssa.<\/em><\/p>","protected":false},"featured_media":104350,"template":"","meta":{"_et_pb_use_builder":"","_et_pb_old_content":"","_et_gb_content_width":"","_monsterinsights_skip_tracking":false,"_monsterinsights_sitenote_active":false,"_monsterinsights_sitenote_note":"","_monsterinsights_sitenote_category":0},"product_brand":[],"product_cat":[88],"product_tag":[],"class_list":{"0":"post-104289","1":"product","2":"type-product","3":"status-publish","4":"has-post-thumbnail","6":"product_cat-verkkosivutuki","8":"first","9":"instock","10":"virtual","11":"sold-individually","12":"taxable","13":"purchasable","14":"product-type-booking"},"_links":{"self":[{"href":"https:\/\/luovatagentit.fi\/sv\/wp-json\/wp\/v2\/product\/104289","targetHints":{"allow":["GET"]}}],"collection":[{"href":"https:\/\/luovatagentit.fi\/sv\/wp-json\/wp\/v2\/product"}],"about":[{"href":"https:\/\/luovatagentit.fi\/sv\/wp-json\/wp\/v2\/types\/product"}],"wp:featuredmedia":[{"embeddable":true,"href":"https:\/\/luovatagentit.fi\/sv\/wp-json\/wp\/v2\/media\/104350"}],"wp:attachment":[{"href":"https:\/\/luovatagentit.fi\/sv\/wp-json\/wp\/v2\/media?parent=104289"}],"wp:term":[{"taxonomy":"product_brand","embeddable":true,"href":"https:\/\/luovatagentit.fi\/sv\/wp-json\/wp\/v2\/product_brand?post=104289"},{"taxonomy":"product_cat","embeddable":true,"href":"https:\/\/luovatagentit.fi\/sv\/wp-json\/wp\/v2\/product_cat?post=104289"},{"taxonomy":"product_tag","embeddable":true,"href":"https:\/\/luovatagentit.fi\/sv\/wp-json\/wp\/v2\/product_tag?post=104289"}],"curies":[{"name":"wp","href":"https:\/\/api.w.org\/{rel}","templated":true}]}}