{"id":104394,"date":"2023-11-27T14:39:27","date_gmt":"2023-11-27T12:39:27","guid":{"rendered":"https:\/\/luovatagentit.fi\/?post_type=product&#038;p=104394"},"modified":"2024-01-28T19:53:29","modified_gmt":"2024-01-28T17:53:29","slug":"digimarkkinoinnin-tiekartta-tyopajat","status":"publish","type":"product","link":"https:\/\/luovatagentit.fi\/sv\/produkt\/digimarkkinoinnin-tiekartta-tyopajat\/","title":{"rendered":"Digimarkkinoinnin tiekartta -ty\u00f6pajat"},"content":{"rendered":"<p>Ty\u00f6pajojen aikana autamme yrityst\u00e4nne tehokkaasti m\u00e4\u00e4rittelem\u00e4\u00e4n digimarkkinoinnin nykytilan, tavoitteet, kohderyhm\u00e4t, sopivimmat kanavat, resurssien ja budjetin kartoituksen, toimenpiteiden suunnittelun, priorisoinnin ja aikataulutuksen sek\u00e4 mittariston ja seurannan.<\/p>\n<p>Ty\u00f6pajojen j\u00e4lkeen k\u00e4yt\u00f6ss\u00e4nne on selke\u00e4 suunnitelma ja askelmerkit digimarkkinoinnin tulokselliseen johtamiseen. Rakennamme teille yhdess\u00e4 k\u00e4yt\u00e4nn\u00f6n ty\u00f6kalupakin, jonka avulla voitte alkaa toteuttamaan ja johtamaan tuloksellista digimarkkinointia.<\/p>\n<p>Ty\u00f6pajat j\u00e4rjestet\u00e4\u00e4n ydintiimillenne ja niihin voi osallistua harkintanne mukaan 1\u20135 henkil\u00f6\u00e4. Ty\u00f6pajojen pituus on 3 tuntia ja ne j\u00e4rjestet\u00e4\u00e4n tarpeenne mukaan joko et\u00e4n\u00e4, toimitiloissanne tai yhteisty\u00f6kumppanimme 1dea Oy:n toimitiloissa Vaasassa Rantakatu 14:ssa. Ennen ty\u00f6pajoja pyyd\u00e4mme ty\u00f6pajoihin osallistuvia henkil\u00f6it\u00e4 t\u00e4ytt\u00e4m\u00e4\u00e4n l\u00e4ht\u00f6tietokyselyn, johon kuluu aikaa noin 30-60 minuuttia. Ty\u00f6pajojen tulokset esitell\u00e4\u00e4n yhteenvetotilaisuudessa, joka pidet\u00e4\u00e4n sovittuna ajankohtana aikaisintaan viimeist\u00e4 ty\u00f6pajaa seuraavana p\u00e4iv\u00e4n\u00e4.<\/p>\n<p>Ty\u00f6paja toteutetaan yhteisty\u00f6ss\u00e4 <a href=\"https:\/\/www.1dea.fi\/\" target=\"_blank\" rel=\"noopener\">1dea Oy<\/a>:n kanssa.<\/p>\n<p><a href=\"https:\/\/www.1dea.fi\/\" target=\"_blank\" rel=\"noopener\"><img decoding=\"async\" class=\"alignnone size-medium wp-image-104517\" src=\"https:\/\/luovatagentit.fi\/wp-content\/uploads\/2024\/01\/1dea-x-Luovat-2-300x98.jpg\" alt=\"1dea Oy ja Luovien Agenttien logot\" width=\"300\" height=\"98\" \/><\/a><\/p>","protected":false},"excerpt":{"rendered":"<p>Onko organisaationne (digi)markkinointiprosesseissa ja (digi)markkinoinnin tehokkuudessa kehitett\u00e4v\u00e4\u00e4? Tarvitsetteko lis\u00e4\u00e4 n\u00e4kyvyytt\u00e4 tai myynti\u00e4 yrityksellenne? Digimarkkinoinnin tiekartta -ty\u00f6pajoissa (2 x 3 h) j\u00e4senn\u00e4mme yrityksenne digimarkkinoinnin kokonaiskuvan sek\u00e4 luomme ymm\u00e4rryksen ja suunnitelman siit\u00e4, mihin suuntaan sit\u00e4 pit\u00e4isi kehitt\u00e4\u00e4. Tilauksen yhteydess\u00e4 varaat ensimm\u00e4isen ty\u00f6pajan. Toisen ty\u00f6pajan ajankohdan sovimme ensimm\u00e4isen ty\u00f6pajan yhteydess\u00e4.<\/p>\n<p><img decoding=\"async\" class=\"alignnone  wp-image-104527\" src=\"https:\/\/luovatagentit.fi\/wp-content\/uploads\/2024\/01\/Euroopan-unionin-osarahoittama-296x300.jpg\" alt=\"Euroopan Unionin Osarahoittama\" width=\"109\" height=\"110\" \/><\/p>","protected":false},"featured_media":104395,"template":"","meta":{"_et_pb_use_builder":"","_et_pb_old_content":"","_et_gb_content_width":"","_monsterinsights_skip_tracking":false,"_monsterinsights_sitenote_active":false,"_monsterinsights_sitenote_note":"","_monsterinsights_sitenote_category":0},"product_brand":[],"product_cat":[87],"product_tag":[],"class_list":{"0":"post-104394","1":"product","2":"type-product","3":"status-publish","4":"has-post-thumbnail","6":"product_cat-tyopajat","8":"first","9":"instock","10":"virtual","11":"sold-individually","12":"taxable","13":"purchasable","14":"product-type-booking"},"_links":{"self":[{"href":"https:\/\/luovatagentit.fi\/sv\/wp-json\/wp\/v2\/product\/104394","targetHints":{"allow":["GET"]}}],"collection":[{"href":"https:\/\/luovatagentit.fi\/sv\/wp-json\/wp\/v2\/product"}],"about":[{"href":"https:\/\/luovatagentit.fi\/sv\/wp-json\/wp\/v2\/types\/product"}],"wp:featuredmedia":[{"embeddable":true,"href":"https:\/\/luovatagentit.fi\/sv\/wp-json\/wp\/v2\/media\/104395"}],"wp:attachment":[{"href":"https:\/\/luovatagentit.fi\/sv\/wp-json\/wp\/v2\/media?parent=104394"}],"wp:term":[{"taxonomy":"product_brand","embeddable":true,"href":"https:\/\/luovatagentit.fi\/sv\/wp-json\/wp\/v2\/product_brand?post=104394"},{"taxonomy":"product_cat","embeddable":true,"href":"https:\/\/luovatagentit.fi\/sv\/wp-json\/wp\/v2\/product_cat?post=104394"},{"taxonomy":"product_tag","embeddable":true,"href":"https:\/\/luovatagentit.fi\/sv\/wp-json\/wp\/v2\/product_tag?post=104394"}],"curies":[{"name":"wp","href":"https:\/\/api.w.org\/{rel}","templated":true}]}}